{"id":5291,"date":"2022-05-10T13:04:58","date_gmt":"2022-05-10T11:04:58","guid":{"rendered":"https:\/\/publikationen.zhdk.ch\/?post_type=product&#038;p=5291"},"modified":"2023-08-10T14:37:01","modified_gmt":"2023-08-10T12:37:01","slug":"trading-zones-e-book-pdf","status":"publish","type":"product","link":"https:\/\/publikationen.zhdk.ch\/?product=trading-zones-e-book-pdf","title":{"rendered":"Trading Zones | Barbara Preisig, Laura von Niederh\u00e4usern, J\u00fcrgen Krusche (eds.) [E-Book PDF]"},"content":{"rendered":"<p>Taking account of their own situatedness and the limits of representation, many of this book&#8217;s contributors attempt to speak with \u2014 rather than about \u2014 the other. These negotiations appearing in the featured projects open up a shared field of artistic and ethnographic inquiry, whose potential \u2014 for experiments and reflections \u2014 is far from exhausted.<\/p>\n<p>Contributions by Sepideh Abtahi, Shirin Barghnavard, Laura Coppens, Louis Henderson, Heidrun Holzfeind, Mina Keshavarz, Daniel K\u00f6tter, J\u00fcrgen Krusche, B\u00e4rbel K\u00fcster, Bina Elisabeth Mohn, Laura von Niederh\u00e4usern, Uriel Orlow, Barbara Preisig, Rani al Raji, Nahid Rezaei, Anette Rose, Sahar Salahshoori, Christoph Schenker, Amira Solh, Lena Maria Th\u00fcring, and Zheng Mahler.<\/p>\n<p>ZHdK: Institute of Contemporary Art Research<\/p>\n","protected":false},"excerpt":{"rendered":"<p>Camera Work in Artistic and Ethnographic Research<\/p>\n<p>This book introduces camera-based practices at the intersections of artistic and ethnographic research that critically examine the means of their own production and social embeddedness. In shared practices such as recording in the field, editing in post-production and modes of presentation, the camera is involved as an agent rather than an inno-cent device. How does the camera grapple with the invisible and how does it reveal what the camerawoman is unable to see? How do films, videos and photographs provide access to vulnerable knowledges and what presentation formats can extend the linearity of narration?<\/p>\n<p>The digital version contains links to audiovisual examples.<\/p>\n<p><a href=\"https:\/\/publikationen.zhdk.ch\/?product_cat=schriftenreihe-des-instituts-fuer-gegenwartskunst\">Schriftenreihe des Instituts f\u00fcr Gegenwartskunst<\/a> Band 26<\/p>\n<p>164 pages, Archive Books, 2022<br \/>\nISBN: 978-3-948212-83-4 (digital version)<\/p>\n","protected":false},"featured_media":5293,"template":"","meta":[],"product_brand":[],"product_cat":[145,221,1514,271,1014,1549,489,1601],"product_tag":[1595,1599,1597,827,1555],"class_list":{"0":"post-5291","1":"product","2":"type-product","3":"status-publish","4":"has-post-thumbnail","6":"product_cat-ifcar","7":"product_cat-e-books","8":"product_cat-e-publikationen","9":"product_cat-krusche-juergen","10":"product_cat-open-access","11":"product_cat-preisig-barbara","12":"product_cat-schriftenreihe-des-instituts-fuer-gegenwartskunst","13":"product_cat-von-niederhaeusern-laura","14":"product_tag-dokumentarfotografie","15":"product_tag-ethnographie","16":"product_tag-filmkritik","17":"product_tag-fotografie","18":"product_tag-oeffentlicher-raum","20":"first","21":"instock","22":"shipping-taxable","23":"product-type-external"},"_links":{"self":[{"href":"https:\/\/publikationen.zhdk.ch\/index.php?rest_route=\/wp\/v2\/product\/5291","targetHints":{"allow":["GET"]}}],"collection":[{"href":"https:\/\/publikationen.zhdk.ch\/index.php?rest_route=\/wp\/v2\/product"}],"about":[{"href":"https:\/\/publikationen.zhdk.ch\/index.php?rest_route=\/wp\/v2\/types\/product"}],"version-history":[{"count":3,"href":"https:\/\/publikationen.zhdk.ch\/index.php?rest_route=\/wp\/v2\/product\/5291\/revisions"}],"predecessor-version":[{"id":6261,"href":"https:\/\/publikationen.zhdk.ch\/index.php?rest_route=\/wp\/v2\/product\/5291\/revisions\/6261"}],"wp:featuredmedia":[{"embeddable":true,"href":"https:\/\/publikationen.zhdk.ch\/index.php?rest_route=\/wp\/v2\/media\/5293"}],"wp:attachment":[{"href":"https:\/\/publikationen.zhdk.ch\/index.php?rest_route=%2Fwp%2Fv2%2Fmedia&parent=5291"}],"wp:term":[{"taxonomy":"product_brand","embeddable":true,"href":"https:\/\/publikationen.zhdk.ch\/index.php?rest_route=%2Fwp%2Fv2%2Fproduct_brand&post=5291"},{"taxonomy":"product_cat","embeddable":true,"href":"https:\/\/publikationen.zhdk.ch\/index.php?rest_route=%2Fwp%2Fv2%2Fproduct_cat&post=5291"},{"taxonomy":"product_tag","embeddable":true,"href":"https:\/\/publikationen.zhdk.ch\/index.php?rest_route=%2Fwp%2Fv2%2Fproduct_tag&post=5291"}],"curies":[{"name":"wp","href":"https:\/\/api.w.org\/{rel}","templated":true}]}}