{"id":5145,"date":"2022-03-24T10:06:16","date_gmt":"2022-03-24T09:06:16","guid":{"rendered":"https:\/\/publikationen.zhdk.ch\/?post_type=product&#038;p=5145"},"modified":"2023-01-24T13:13:47","modified_gmt":"2023-01-24T12:13:47","slug":"das-museum-verlernen-band-1","status":"publish","type":"product","link":"https:\/\/publikationen.zhdk.ch\/?product=das-museum-verlernen-band-1","title":{"rendered":"Das Museum verlernen? Kolonialit\u00e4t und Vermittlung in ethnologischen Museen Band 1 | Nora Landkammer (Hg.)"},"content":{"rendered":"<p>Der erste Band,\u00a0<em>Eine Analyse gegenw\u00e4rtiger Diskurse in einem konfliktreichen Praxisfeld,<\/em><strong>\u00a0<\/strong>basiert auf einer qualitativen Interviewstudie mit Vermittler*innen in Museen in Deutschland, \u00d6sterreich und der Schweiz. Die Analyse macht Vermittlung in ethnologischen Museen als Feld widerstreitender Wissensordnungen sichtbar, zwischen den Konventionen besucher*innenorientierter Museumsp\u00e4dagogik, Partizipation, reflexiven Ans\u00e4tzen aus der Ethnologie und der postkolonialen Kritik. Im Double Bind zu handeln zeigt sich mit R\u00fcckgriff auf post- und dekoloniale Zug\u00e4nge in der P\u00e4dagogik als\u00a0zentral f\u00fcr eine p\u00e4dagogische Ethik im ethnologischen Museum. Zugleich argumentiert die Studie mit historischen Kontextualisierungen, dass die Widerspr\u00fcche selbst einer dekolonisierenden Lekt\u00fcre unterzogen und verschoben werden m\u00fcssen, um zu Handlungsr\u00e4umen zu gelangen.<\/p>\n<p>\u201cStudien zur Kunstvermittlung\u201d ist eine Publikationsreihe, die sich aus einer macht- und diskriminierungskritischen Perspektive Fragestellungen der Kunstvermittlung \u2013 hier verwendet als etablierter Schirmbegriff f\u00fcr das vielgestaltige Arbeits- und Forschungsfeld an der Schnittstelle von Kulturproduktion und Bildungsarbeit \u2013 widmet.<\/p>\n","protected":false},"excerpt":{"rendered":"<p>Wie geht die Bildungsarbeit im ethnologischen Museum mit dem kolonialen Erbe der Institutionen um? Kann das ethnologische Museum ein Ort des\u00a0<em>Verlernens<\/em>\u00a0sein, und wenn ja, wie? Die zweib\u00e4ndige Publikation widmet sich der Vermittlungsarbeit in dekolonisierender Perspektive.<\/p>\n<p>Band 1: Eine Analyse gegenw\u00e4rtiger Diskurse in einem konfliktreichen Praxisfeld<\/p>\n<p><a href=\"https:\/\/www.zaglossus.eu\/shop\/das-museum-verlernen-kolonialitaet-und-vermittlung-in-ethnologischen-museen-band-1?isorc=1&amp;file=files\/publikationen\/2020\/Was%20heisst%20hier%20Vermittlung\/Leseprobe%20Zaglossus%20Das%20Museum%20verlernen%20Bd%201.pdf\">Blick ins Buch<\/a><\/p>\n<p>Studien zur Kunstvermittlung Band 4<\/p>\n<p>744 Seiten, Zaglossus, 2021<br \/>\nISBN 978-3-902902-66-5<\/p>\n","protected":false},"featured_media":5149,"template":"","meta":[],"product_brand":[],"product_cat":[141,151,1565],"product_tag":[1563,457,463],"class_list":{"0":"post-5145","1":"product","2":"type-product","3":"status-publish","4":"has-post-thumbnail","6":"product_cat-iae","7":"product_cat-ics","8":"product_cat-landkammer-nora","9":"product_tag-ethnologie","10":"product_tag-kunstvermittlung","11":"product_tag-museumspaedagogik","13":"first","14":"instock","15":"shipping-taxable","16":"product-type-external"},"_links":{"self":[{"href":"https:\/\/publikationen.zhdk.ch\/index.php?rest_route=\/wp\/v2\/product\/5145","targetHints":{"allow":["GET"]}}],"collection":[{"href":"https:\/\/publikationen.zhdk.ch\/index.php?rest_route=\/wp\/v2\/product"}],"about":[{"href":"https:\/\/publikationen.zhdk.ch\/index.php?rest_route=\/wp\/v2\/types\/product"}],"version-history":[{"count":6,"href":"https:\/\/publikationen.zhdk.ch\/index.php?rest_route=\/wp\/v2\/product\/5145\/revisions"}],"predecessor-version":[{"id":5167,"href":"https:\/\/publikationen.zhdk.ch\/index.php?rest_route=\/wp\/v2\/product\/5145\/revisions\/5167"}],"wp:featuredmedia":[{"embeddable":true,"href":"https:\/\/publikationen.zhdk.ch\/index.php?rest_route=\/wp\/v2\/media\/5149"}],"wp:attachment":[{"href":"https:\/\/publikationen.zhdk.ch\/index.php?rest_route=%2Fwp%2Fv2%2Fmedia&parent=5145"}],"wp:term":[{"taxonomy":"product_brand","embeddable":true,"href":"https:\/\/publikationen.zhdk.ch\/index.php?rest_route=%2Fwp%2Fv2%2Fproduct_brand&post=5145"},{"taxonomy":"product_cat","embeddable":true,"href":"https:\/\/publikationen.zhdk.ch\/index.php?rest_route=%2Fwp%2Fv2%2Fproduct_cat&post=5145"},{"taxonomy":"product_tag","embeddable":true,"href":"https:\/\/publikationen.zhdk.ch\/index.php?rest_route=%2Fwp%2Fv2%2Fproduct_tag&post=5145"}],"curies":[{"name":"wp","href":"https:\/\/api.w.org\/{rel}","templated":true}]}}