{"id":5113,"date":"2022-02-02T13:18:38","date_gmt":"2022-02-02T12:18:38","guid":{"rendered":"https:\/\/publikationen.zhdk.ch\/?post_type=product&#038;p=5113"},"modified":"2023-08-10T14:28:55","modified_gmt":"2023-08-10T12:28:55","slug":"swiss-psychotropic-gold-e-book-pdf","status":"publish","type":"product","link":"https:\/\/publikationen.zhdk.ch\/?product=swiss-psychotropic-gold-e-book-pdf","title":{"rendered":"Swiss Psychotropic Gold | knowbotiq &amp; Nina Bandi (eds.) [E-Book PDF]"},"content":{"rendered":"<p>Die Schweiz spielt im weltweiten Rohstoffhandel mit Gold und insbesondere in dessen Raffination eine zentrale Rolle. Swiss Psychotropic Gold folgt den Verstrickungen des globalen Stoffwechsels von Gold und sp\u00fcrt die fl\u00fcchtigen und oft unsichtbaren Wege der Molek\u00fcle, der Affekte und der Gewalt auf. Es wird so erfahrbar, wie das konfliktbeladene Edelmetall im Kontext von Technokratie, Philanthropie und Neutralit\u00e4t &#171;gereinigt&#187; und f\u00fcr die weitere Verwendung verfeinert wird.<\/p>\n<p>Mit Beitr\u00e4gen von Nina Bandi, Rohit Jain, Jakob Tanner, Yolanda Ariadne Collins, Ayesha Hameed, Jordy Rosenberg, Gerald Raunig, Johannes Paul Raether, Angela Melitopoulos, Elke Bippus, Yvonne Volkart u.a.<\/p>\n<p>Das K\u00fcnstlerduo knowbotiq (Yvonne Wilhelm, Christian Huebler) untersucht Formen des Wissens und der politischen Repr\u00e4sentation in translokalen Kontexten. Knowbotiq hat eine Professur an der Z\u00fcrcher Hochschule der K\u00fcnste und wurde mit verschiedenen internationalen Kunstpreisen ausgezeichnet, u.a. mit dem Pax Award 2019.<\/p>\n<p>Die integrierte SD-Karte enth\u00e4lt k\u00fcnstlerische Beitr\u00e4ge in Form von Video- und Audiodateien.<\/p>\n<p>ZHdK: Institute of Contemporary Art Research<\/p>\n","protected":false},"excerpt":{"rendered":"<p>Switzerland plays a central role in the global gold commodity trade, especially in gold refining. The volume follows the entanglements of the global metabolism of gold by tracking down the elusive and often invisible paths of molecules, affects and violence.<\/p>\n<p><a href=\"https:\/\/issuu.com\/christoph-merian-verlag\/docs\/leseprobe_20200218_swiss_psychotropic_gold_ahe\" target=\"_blank\" rel=\"noopener noreferrer\">Look into the book<\/a><\/p>\n<p><a href=\"https:\/\/publikationen.zhdk.ch\/?product_cat=schriftenreihe-des-instituts-fuer-gegenwartskunst\">Schriftenreihe des Instituts f\u00fcr Gegenwartskunst<\/a> Band 23<\/p>\n<p>256 pages, Christoph Merian Verlag, 2020<br \/>\nISBN 978-3-85616-921-3<\/p>\n","protected":false},"featured_media":4168,"template":"","meta":[],"product_brand":[],"product_cat":[1206,145,221,1514,1210,1208,1014,489,1212],"product_tag":[1202,1204,621],"class_list":{"0":"post-5113","1":"product","2":"type-product","3":"status-publish","4":"has-post-thumbnail","6":"product_cat-bandi-nina","7":"product_cat-ifcar","8":"product_cat-e-books","9":"product_cat-e-publikationen","10":"product_cat-huebler-christian","11":"product_cat-knowbotiq","12":"product_cat-open-access","13":"product_cat-schriftenreihe-des-instituts-fuer-gegenwartskunst","14":"product_cat-wilhelm-yvonne","15":"product_tag-gold","16":"product_tag-rohstoffhandel","17":"product_tag-schweiz","19":"first","20":"instock","21":"shipping-taxable","22":"product-type-external"},"_links":{"self":[{"href":"https:\/\/publikationen.zhdk.ch\/index.php?rest_route=\/wp\/v2\/product\/5113","targetHints":{"allow":["GET"]}}],"collection":[{"href":"https:\/\/publikationen.zhdk.ch\/index.php?rest_route=\/wp\/v2\/product"}],"about":[{"href":"https:\/\/publikationen.zhdk.ch\/index.php?rest_route=\/wp\/v2\/types\/product"}],"version-history":[{"count":4,"href":"https:\/\/publikationen.zhdk.ch\/index.php?rest_route=\/wp\/v2\/product\/5113\/revisions"}],"predecessor-version":[{"id":6235,"href":"https:\/\/publikationen.zhdk.ch\/index.php?rest_route=\/wp\/v2\/product\/5113\/revisions\/6235"}],"wp:featuredmedia":[{"embeddable":true,"href":"https:\/\/publikationen.zhdk.ch\/index.php?rest_route=\/wp\/v2\/media\/4168"}],"wp:attachment":[{"href":"https:\/\/publikationen.zhdk.ch\/index.php?rest_route=%2Fwp%2Fv2%2Fmedia&parent=5113"}],"wp:term":[{"taxonomy":"product_brand","embeddable":true,"href":"https:\/\/publikationen.zhdk.ch\/index.php?rest_route=%2Fwp%2Fv2%2Fproduct_brand&post=5113"},{"taxonomy":"product_cat","embeddable":true,"href":"https:\/\/publikationen.zhdk.ch\/index.php?rest_route=%2Fwp%2Fv2%2Fproduct_cat&post=5113"},{"taxonomy":"product_tag","embeddable":true,"href":"https:\/\/publikationen.zhdk.ch\/index.php?rest_route=%2Fwp%2Fv2%2Fproduct_tag&post=5113"}],"curies":[{"name":"wp","href":"https:\/\/api.w.org\/{rel}","templated":true}]}}