{"id":5095,"date":"2022-02-02T09:18:13","date_gmt":"2022-02-02T08:18:13","guid":{"rendered":"https:\/\/publikationen.zhdk.ch\/?post_type=product&#038;p=5095"},"modified":"2023-08-10T14:34:12","modified_gmt":"2023-08-10T12:34:12","slug":"die-fragmentierte-stadt-e-book-pdf","status":"publish","type":"product","link":"https:\/\/publikationen.zhdk.ch\/?product=die-fragmentierte-stadt-e-book-pdf","title":{"rendered":"Die fragmentierte Stadt | J\u00fcrgen Krusche, Aya Domenig, Thomas Sch\u00e4rer, Julia Weber (Hg.) [E-Book PDF]"},"content":{"rendered":"<p>\u00dcber drei Jahre hinweg stattfindende Beobachtungen, Spazierg\u00e4nge und Begegnungen in Berlin, Graz und Z\u00fcrich bilden die Grundlage von vier k\u00fcnstlerisch-ethnografischen Zug\u00e4ngen zu Exklusionserfahrungen und Aneignungsstrategien. In fotografischen, audiovisuellen, performativen und sprachlichen Untersuchungen entstanden Gedanken, Einsichten und Produkte, welche in diesem Band in Texten, Bildern und Videos vorgestellt werden.<\/p>\n<p>ZHdK: Institute of Contemporary Art Research<\/p>\n","protected":false},"excerpt":{"rendered":"<p>Exklusion und Teilhabe im \u00f6ffentlichen Raum<\/p>\n<p>Wo Menschen eng zusammenleben, gibt es Konkurrenz und Verdr\u00e4ngung. Beinahe selbstverst\u00e4ndlich nehmen wir hin, dass viele \u00f6ffentliche R\u00e4ume nicht mehr von allen Bev\u00f6lkerungsgruppen gleicherma\u00dfen genutzt werden. Dies geschieht ganz unbemerkt und widerspricht dem Ideal einer demokratischen, offenen Gesellschaft mit gleichberechtigten Mitgliedern. Wie erleben Menschen, die am Rande der Gesellschaft stehen (oder sich dort sehen) \u00f6ffentliche Stadtr\u00e4ume? Wo f\u00fchlen sie sich willkommen, wo nicht? Wo, wie und warum entstehen Nutzungskonflikte? Diesen Fragen geht das Projekt Die fragmentierte Stadt nach.<\/p>\n<p>Das Enriched E-Book enth\u00e4lt Videoarbeiten von Aya Domenig und Thomas Sch\u00e4rer.<\/p>\n<p><a href=\"https:\/\/publikationen.zhdk.ch\/?product_cat=schriftenreihe-des-instituts-fuer-gegenwartskunst\">Schriftenreihe des Instituts f\u00fcr Gegenwartskunst<\/a> Band 25<\/p>\n<p>192 Seiten, Jovis, 2021<br \/>\nISBN 978-3-86859-980-0 (PDF)<br \/>\nISBN 978-3-86859-940-4 (Enriched E-Book)<br \/>\nDOI: https:\/\/doi.org\/10.1515\/978868599800<\/p>\n","protected":false},"featured_media":5087,"template":"","meta":[],"product_brand":[],"product_cat":[145,221,1514,1518,271,1014,591,489,1545],"product_tag":[1541,1539,1543,1417,627,1555,1553,1276],"class_list":{"0":"post-5095","1":"product","2":"type-product","3":"status-publish","4":"has-post-thumbnail","6":"product_cat-ifcar","7":"product_cat-e-books","8":"product_cat-e-publikationen","9":"product_cat-hybrid-publikationen","10":"product_cat-krusche-juergen","11":"product_cat-open-access","12":"product_cat-schaerer-thomas","13":"product_cat-schriftenreihe-des-instituts-fuer-gegenwartskunst","14":"product_cat-weber-julia","15":"product_tag-berlin","16":"product_tag-etnographie","17":"product_tag-graz","18":"product_tag-kultur","19":"product_tag-kunst","20":"product_tag-oeffentlicher-raum","21":"product_tag-stadtforschung","22":"product_tag-zuerich","24":"first","25":"instock","26":"shipping-taxable","27":"product-type-external"},"_links":{"self":[{"href":"https:\/\/publikationen.zhdk.ch\/index.php?rest_route=\/wp\/v2\/product\/5095","targetHints":{"allow":["GET"]}}],"collection":[{"href":"https:\/\/publikationen.zhdk.ch\/index.php?rest_route=\/wp\/v2\/product"}],"about":[{"href":"https:\/\/publikationen.zhdk.ch\/index.php?rest_route=\/wp\/v2\/types\/product"}],"version-history":[{"count":3,"href":"https:\/\/publikationen.zhdk.ch\/index.php?rest_route=\/wp\/v2\/product\/5095\/revisions"}],"predecessor-version":[{"id":6251,"href":"https:\/\/publikationen.zhdk.ch\/index.php?rest_route=\/wp\/v2\/product\/5095\/revisions\/6251"}],"wp:featuredmedia":[{"embeddable":true,"href":"https:\/\/publikationen.zhdk.ch\/index.php?rest_route=\/wp\/v2\/media\/5087"}],"wp:attachment":[{"href":"https:\/\/publikationen.zhdk.ch\/index.php?rest_route=%2Fwp%2Fv2%2Fmedia&parent=5095"}],"wp:term":[{"taxonomy":"product_brand","embeddable":true,"href":"https:\/\/publikationen.zhdk.ch\/index.php?rest_route=%2Fwp%2Fv2%2Fproduct_brand&post=5095"},{"taxonomy":"product_cat","embeddable":true,"href":"https:\/\/publikationen.zhdk.ch\/index.php?rest_route=%2Fwp%2Fv2%2Fproduct_cat&post=5095"},{"taxonomy":"product_tag","embeddable":true,"href":"https:\/\/publikationen.zhdk.ch\/index.php?rest_route=%2Fwp%2Fv2%2Fproduct_tag&post=5095"}],"curies":[{"name":"wp","href":"https:\/\/api.w.org\/{rel}","templated":true}]}}