{"id":5082,"date":"2022-01-31T11:19:15","date_gmt":"2022-01-31T10:19:15","guid":{"rendered":"https:\/\/publikationen.zhdk.ch\/?post_type=product&#038;p=5082"},"modified":"2024-07-12T07:37:06","modified_gmt":"2024-07-12T05:37:06","slug":"entkoppelte-gesellschaft-5-zeugnisse-teil-e-book-pdf","status":"publish","type":"product","link":"https:\/\/publikationen.zhdk.ch\/?product=entkoppelte-gesellschaft-5-zeugnisse-teil-e-book-pdf","title":{"rendered":"Entkoppelte Gesellschaft \u2013 Ostdeutschland seit 1989\/90 [5]: Zeugnisse Teil I: Fotografie | Yana Milev, Philipp Beckert, Marcel Noack (Hg.) [E-Book PDF]"},"content":{"rendered":"<div class=\"l-detail_page\">\n<div id=\"js-content-element-46765\" data-bind=\"attr: { id: contentElement().key() }\">\n<div data-bind=\"if: contentElement().is_accordeon() === '0'\">\n<div class=\"richtext\">\n<p>Seit das Ende des Kommunismus auf 1990 festgeschrieben und der Unrechtsstaat DDR der Justiz \u00fcbergeben wurde, inszenieren neue Institutionen, Stiftungen und Beh\u00f6rden auf Bundesebene den \u00f6konomischen, kulturellen und moralischen Erfolg des Rechtsstaats. Dabei wird die Mehrheit der Neub\u00fcrger mit Schockereignissen des krassen sozialen Wandels und der gesellschaftlichen Stigmatisierung konfrontiert. Konzepte wie \u00abTransformation\u00bb, \u00abModernisierung\u00bb, \u00abDemokratisierung\u00bb treten als Euphemismen auf, die \u00fcber eine neoliberale Annexion des Ostens hinwegt\u00e4uschen. Das Investmentprojekt \u00abAufschwung Ost\u00bb ist ein Laborfall der Globalisierung. \u00dcber eine Aufarbeitung der DDR im Totalitarismus- und Diktaturenvergleich hinaus ist eine Soziologie der Landnahme, des Gesellschaftsumbaus und des strukturellen Kolonialismus in Ostdeutschland l\u00e4ngst \u00fcberf\u00e4llig. Das Forschungsprogramm \u00abEntkoppelte Gesellschaft. Liberalisierung und Widerstand in Ostdeutschland seit 1989\/90. Ein soziologisches Laboratorium\u00bb will im drei\u00dfigsten Jahr der \u00abEinheit\u00bb diesem Thema mit einer mehrb\u00e4ndigen Publikation Rechnung tragen.<\/p>\n<p>Der Band \u00bbZeugnisse\/Fotografie\u00ab thematisiert Arbeits-, Kultur- und Lebenswelten in der DDR und deren Verschwinden in Folge der \u00bbWiedervereinigung\u00ab. Anhand von Fotografie und Reportage werden drei zeithistorische Phasen rekonstruiert: A\/ Aufbau und Aufbruch in der DDR; B\/ Formen des \u00dcberlebens im Umbruch; C\/ Entheimatung und Kampf um Sichtbarkeit im Neuland\/Exil. Der Band stellt 18 Positionen der Visuellen Soziologie vor.<\/p>\n<p><span class=\"description\">ZHdK: Institute for Cultural Studies in the Arts (ICS)<\/span><\/p>\n<\/div>\n<\/div>\n<\/div>\n<\/div>\n","protected":false},"excerpt":{"rendered":"<p>Der Band \u00bbZeugnisse\/Fotografie\u00ab thematisiert Arbeits-, Kultur- und Lebenswelten in der DDR und deren Verschwinden in Folge der \u00bbWiedervereinigung\u00ab. Anhand von Fotografie und Reportage werden drei zeithistorische Phasen rekonstruiert: A\/ Aufbau und Aufbruch in der DDR; B\/ Formen des \u00dcberlebens im Umbruch; C\/ Entheimatung und Kampf um Sichtbarkeit im Neuland\/Exil. Der Band stellt 18 Positionen der Visuellen Soziologie vor.<\/p>\n<p>689 Seiten, Peter Lang, 2021<br \/>\nISBN 978-3-631-85807-3<\/p>\n","protected":false},"featured_media":5080,"template":"","meta":[],"product_brand":[],"product_cat":[151,221,1514,417],"product_tag":[777,779,1165,781],"class_list":{"0":"post-5082","1":"product","2":"type-product","3":"status-publish","4":"has-post-thumbnail","6":"product_cat-ics","7":"product_cat-e-books","8":"product_cat-e-publikationen","9":"product_cat-milev-yana","10":"product_tag-ddr","11":"product_tag-deutschland","12":"product_tag-ostdeutschland","13":"product_tag-sozialwissenschaften","15":"first","16":"instock","17":"shipping-taxable","18":"product-type-external"},"_links":{"self":[{"href":"https:\/\/publikationen.zhdk.ch\/index.php?rest_route=\/wp\/v2\/product\/5082","targetHints":{"allow":["GET"]}}],"collection":[{"href":"https:\/\/publikationen.zhdk.ch\/index.php?rest_route=\/wp\/v2\/product"}],"about":[{"href":"https:\/\/publikationen.zhdk.ch\/index.php?rest_route=\/wp\/v2\/types\/product"}],"version-history":[{"count":1,"href":"https:\/\/publikationen.zhdk.ch\/index.php?rest_route=\/wp\/v2\/product\/5082\/revisions"}],"predecessor-version":[{"id":5084,"href":"https:\/\/publikationen.zhdk.ch\/index.php?rest_route=\/wp\/v2\/product\/5082\/revisions\/5084"}],"wp:featuredmedia":[{"embeddable":true,"href":"https:\/\/publikationen.zhdk.ch\/index.php?rest_route=\/wp\/v2\/media\/5080"}],"wp:attachment":[{"href":"https:\/\/publikationen.zhdk.ch\/index.php?rest_route=%2Fwp%2Fv2%2Fmedia&parent=5082"}],"wp:term":[{"taxonomy":"product_brand","embeddable":true,"href":"https:\/\/publikationen.zhdk.ch\/index.php?rest_route=%2Fwp%2Fv2%2Fproduct_brand&post=5082"},{"taxonomy":"product_cat","embeddable":true,"href":"https:\/\/publikationen.zhdk.ch\/index.php?rest_route=%2Fwp%2Fv2%2Fproduct_cat&post=5082"},{"taxonomy":"product_tag","embeddable":true,"href":"https:\/\/publikationen.zhdk.ch\/index.php?rest_route=%2Fwp%2Fv2%2Fproduct_tag&post=5082"}],"curies":[{"name":"wp","href":"https:\/\/api.w.org\/{rel}","templated":true}]}}