{"id":5064,"date":"2021-12-20T11:12:43","date_gmt":"2021-12-20T10:12:43","guid":{"rendered":"https:\/\/publikationen.zhdk.ch\/?post_type=product&#038;p=5064"},"modified":"2023-02-02T13:22:57","modified_gmt":"2023-02-02T12:22:57","slug":"insert","status":"publish","type":"product","link":"https:\/\/publikationen.zhdk.ch\/?product=insert","title":{"rendered":"Insert | Sigrid Adorf, No\u00ebmie St\u00e4hli, Julia Wolf (Hg.)"},"content":{"rendered":"<p><strong>INSERT<\/strong> wurde 2020\/21 von Sigrid Adorf, No\u00ebmie St\u00e4hli und Julia Wolf am Forschungsschwerpunkt Kulturanalyse in den K\u00fcnsten an der Z\u00fcrcher Hochschule der K\u00fcnste im Rahmen des SNF-Forschungsprojekts<em> &#171;Kulturelle \u00dcbertragungsprozesse k\u00fcnstlerisch_wissenschaftlich analysieren<\/em>&#187; entwickelt. Die Ausgaben (in der Regel zwei pro Jahr) widmen sich unterschiedlichen Themenschwerpunkten und werden von wechselnden Herausgeber*innen verantwortet.<\/p>\n<p>&nbsp;<\/p>\n","protected":false},"excerpt":{"rendered":"<p><strong>INSERT. Artistic Practices as Cultural Inquiries<\/strong> ist eine Open Access Publikationsplattform, die eine Engf\u00fchrung k\u00fcnstlerischer, wissenschaftlicher und kuratorischer Praktiken im Rahmen kulturanalytischer Forschung sucht. Sie versteht Kunst als einen M\u00f6glichkeitsraum f\u00fcr Kritik, sowohl im analytischen wie auch im transformativen Sinn. Die einzelnen thematischen Ausgaben\/Journals von insert versammeln Beitr\u00e4ge, die an die Frage ankn\u00fcpfen, inwiefern selbstreflexive \u00e4sthetische Praktiken eine Analyse von kulturellen Konstruktionen, deren Politiken und Wirkungsweisen zu leisten verm\u00f6gen.<\/p>\n","protected":false},"featured_media":5068,"template":"","meta":[],"product_brand":[],"product_cat":[695,1258,1514,1516,1014,1536,1538,667],"product_tag":[461],"class_list":{"0":"post-5064","1":"product","2":"type-product","3":"status-publish","4":"has-post-thumbnail","6":"product_cat-adorf-sigrid","7":"product_cat-cultural-analysis","8":"product_cat-e-publikationen","9":"product_cat-online-publikationen","10":"product_cat-open-access","11":"product_cat-staehli-noemie","12":"product_cat-wolf-julia","13":"product_cat-zeitschriften-bulletins","14":"product_tag-curating","16":"first","17":"instock","18":"shipping-taxable","19":"product-type-external"},"_links":{"self":[{"href":"https:\/\/publikationen.zhdk.ch\/index.php?rest_route=\/wp\/v2\/product\/5064","targetHints":{"allow":["GET"]}}],"collection":[{"href":"https:\/\/publikationen.zhdk.ch\/index.php?rest_route=\/wp\/v2\/product"}],"about":[{"href":"https:\/\/publikationen.zhdk.ch\/index.php?rest_route=\/wp\/v2\/types\/product"}],"version-history":[{"count":2,"href":"https:\/\/publikationen.zhdk.ch\/index.php?rest_route=\/wp\/v2\/product\/5064\/revisions"}],"predecessor-version":[{"id":5702,"href":"https:\/\/publikationen.zhdk.ch\/index.php?rest_route=\/wp\/v2\/product\/5064\/revisions\/5702"}],"wp:featuredmedia":[{"embeddable":true,"href":"https:\/\/publikationen.zhdk.ch\/index.php?rest_route=\/wp\/v2\/media\/5068"}],"wp:attachment":[{"href":"https:\/\/publikationen.zhdk.ch\/index.php?rest_route=%2Fwp%2Fv2%2Fmedia&parent=5064"}],"wp:term":[{"taxonomy":"product_brand","embeddable":true,"href":"https:\/\/publikationen.zhdk.ch\/index.php?rest_route=%2Fwp%2Fv2%2Fproduct_brand&post=5064"},{"taxonomy":"product_cat","embeddable":true,"href":"https:\/\/publikationen.zhdk.ch\/index.php?rest_route=%2Fwp%2Fv2%2Fproduct_cat&post=5064"},{"taxonomy":"product_tag","embeddable":true,"href":"https:\/\/publikationen.zhdk.ch\/index.php?rest_route=%2Fwp%2Fv2%2Fproduct_tag&post=5064"}],"curies":[{"name":"wp","href":"https:\/\/api.w.org\/{rel}","templated":true}]}}