{"id":5011,"date":"2021-12-02T14:41:05","date_gmt":"2021-12-02T13:41:05","guid":{"rendered":"https:\/\/publikationen.zhdk.ch\/?post_type=product&#038;p=5011"},"modified":"2023-08-10T11:01:46","modified_gmt":"2023-08-10T09:01:46","slug":"fertig-gibts-nicht","status":"publish","type":"product","link":"https:\/\/publikationen.zhdk.ch\/?product=fertig-gibts-nicht","title":{"rendered":"Michael Simon \u2013 FERTIG gibt\u2019s nicht | Tilman Neuffer, Stephan Wetzel (Hg.)"},"content":{"rendered":"<div data-canvas-width=\"425.411886530121\">\n<p>In seinen Arbeiten f\u00fcr Schauspiel, Tanz- und Musiktheater, in Projekten und Installationen seit den 1980er Jahren haben sich zentrale Themen herausgebildet, die dem Buch seine Struktur geben: Geometrie, Bewegung, Materialit\u00e4t und Worte. Dabei soll es nicht nur um eine biografische Darstellung der \u201eerfolgreichen\u201c Arbeiten gehen, sondern auch um die Um- und Irrwege, den Einfluss von Zufall und um grunds\u00e4tzliche Fragen, die der k\u00fcnstlerische Prozess aufwirft.<\/p>\n<p>Michael Simon studierte B\u00fchnenbild an der Kunstakademie Stuttgart bei J\u00fcrgen Rose. Seit 1981 ist er als B\u00fchnenbildner und Lichtdesigner f\u00fcr Oper, Tanz und Schauspiel t\u00e4tig, u. a. f\u00fcr William Forsythe, Jiri Kylian, Peter Greenaway, Christof Nel, Thomas Reichert, Stefan Bachmann, Stefan Pucher und Li Liuyi in Amsterdam, Berlin, Frankfurt, Los Angeles, Madrid, Paris, New York, Tokio und Peking.<\/p>\n<p>Seit 1990 arbeitet er auch als Regisseur an eigenen Projekten, im Schauspiel, Musiktheater und Tanz. Zuerst in Frankfurt mit Heiner Goebbels, dann an Theatern in Basel, Berlin, Bonn, Bremen, D\u00fcsseldorf, Dortmund, Dresden, Freiburg, Graz, Hannover, Karlsruhe, M\u00fcnchen, Paris und Wien. 1994 Einladung zum Berliner Theatertreffen mit seiner Dortmunder Inszenierung von THE BLACK RIDER.<\/p>\n<p>Politische Themen r\u00fccken ab 2014 in den Mittelpunkt seiner Arbeiten: Seine Inszenierung von Elfriede Jelineks DIE SCHUTZBEFOHLENEN in Freiburg erz\u00e4hlte vom Drama der im Mittelmeer ertrinkenden Bootsfl\u00fcchtlinge. Ein Jahr sp\u00e4ter reflektierte DAS SCHWEIGENDE M\u00c4DCHEN von Jelinek die Morde der rechten Terrorgruppe NSU. KUDLICH von Thomas K\u00f6ck besch\u00e4ftigte sich 2018 mit der rechtspopulistischen Bewegung in \u00d6sterreich. Seit 2019 arbeitet Simon an dem Projekt NEW GREEN LAND, das Fragen des Klimawandels in der kalifornischen W\u00fcste behandelt.<\/p>\n<p>Michael Simon lehrte von 1998 bis 2004 B\u00fchnen- und Lichtgestaltung als Professor f\u00fcr Szenografie an der HfG Karlsruhe. Von 2008 bis 2021 leitete er den Studiengang B\u00fchnenbild an der ZHdK Z\u00fcrich.<\/p>\n<\/div>\n<div data-canvas-width=\"425.411886530121\"><\/div>\n<p>ZHdK: <span class=\"header-tagline \">Institute for the Performing Arts and Film<\/span><\/p>\n","protected":false},"excerpt":{"rendered":"<p>B\u00fchnenbild. Prozesse<\/p>\n<p>Der eindrucksvolle Bildband dokumentiert unterschiedliche Herangehensweisen des B\u00fchnenbildners und Regisseurs Michael Simon bei der Konzeption seiner B\u00fchnenr\u00e4ume.<\/p>\n<p>Inklusive Augmented-Reality-App, die mehr als 35 Bilder dieses Buches lebendig werden l\u00e4sst.<\/p>\n<p><a href=\"https:\/\/www.theaterderzeit.de\/buch\/michael_simon_%E2%80%93_fertig_gibt%E2%80%99s_nicht\/\">Blick ins Buch<\/a><\/p>\n<p><a href=\"https:\/\/publikationen.zhdk.ch\/?product_cat=subtexte\">subTexte<\/a> 25<\/p>\n<p>264 Seiten, Theater der Zeit, 2021<br \/>\nISBN 978-3-95749-365-1<\/p>\n<p>&nbsp;<\/p>\n","protected":false},"featured_media":5017,"template":"","meta":[],"product_brand":[],"product_cat":[1519,157,289,569,1521],"product_tag":[1525,1523,1458,1527,473],"class_list":{"0":"post-5011","1":"product","2":"type-product","3":"status-publish","4":"has-post-thumbnail","6":"product_cat-neuffer-tilman","7":"product_cat-ipf","8":"product_cat-reihen","9":"product_cat-subtexte","10":"product_cat-wetzel-stephan","11":"product_tag-buehnenbild","12":"product_tag-michael-simon","13":"product_tag-performative-kunst","14":"product_tag-regie","15":"product_tag-theater","17":"first","18":"instock","19":"shipping-taxable","20":"product-type-external"},"_links":{"self":[{"href":"https:\/\/publikationen.zhdk.ch\/index.php?rest_route=\/wp\/v2\/product\/5011","targetHints":{"allow":["GET"]}}],"collection":[{"href":"https:\/\/publikationen.zhdk.ch\/index.php?rest_route=\/wp\/v2\/product"}],"about":[{"href":"https:\/\/publikationen.zhdk.ch\/index.php?rest_route=\/wp\/v2\/types\/product"}],"version-history":[{"count":6,"href":"https:\/\/publikationen.zhdk.ch\/index.php?rest_route=\/wp\/v2\/product\/5011\/revisions"}],"predecessor-version":[{"id":5965,"href":"https:\/\/publikationen.zhdk.ch\/index.php?rest_route=\/wp\/v2\/product\/5011\/revisions\/5965"}],"wp:featuredmedia":[{"embeddable":true,"href":"https:\/\/publikationen.zhdk.ch\/index.php?rest_route=\/wp\/v2\/media\/5017"}],"wp:attachment":[{"href":"https:\/\/publikationen.zhdk.ch\/index.php?rest_route=%2Fwp%2Fv2%2Fmedia&parent=5011"}],"wp:term":[{"taxonomy":"product_brand","embeddable":true,"href":"https:\/\/publikationen.zhdk.ch\/index.php?rest_route=%2Fwp%2Fv2%2Fproduct_brand&post=5011"},{"taxonomy":"product_cat","embeddable":true,"href":"https:\/\/publikationen.zhdk.ch\/index.php?rest_route=%2Fwp%2Fv2%2Fproduct_cat&post=5011"},{"taxonomy":"product_tag","embeddable":true,"href":"https:\/\/publikationen.zhdk.ch\/index.php?rest_route=%2Fwp%2Fv2%2Fproduct_tag&post=5011"}],"curies":[{"name":"wp","href":"https:\/\/api.w.org\/{rel}","templated":true}]}}