{"id":4976,"date":"2021-11-22T18:08:51","date_gmt":"2021-11-22T17:08:51","guid":{"rendered":"https:\/\/publikationen.zhdk.ch\/?post_type=product&#038;p=4976"},"modified":"2022-04-20T16:31:44","modified_gmt":"2022-04-20T14:31:44","slug":"sophie-taeuber-arp-briefe-1905-1942","status":"publish","type":"product","link":"https:\/\/publikationen.zhdk.ch\/?product=sophie-taeuber-arp-briefe-1905-1942","title":{"rendered":"Sophie Taeuber-Arp: Briefe 1905-1942"},"content":{"rendered":"<p>Zu Sophie Taeuber-Arps Leben sind bis heute nur wenige schriftliche Zeugnisse bekannt. Dies liegt u.a. an den dramatischen Ereignissen ihrer letzten Lebensjahre: der Flucht aus Paris 1940 und der neuerlichen Flucht aus Grasse 1942. Umso bedeutsamer ist, dass bei den Nachfahren ihrer Schwester Erika eine umfangreiche Korrespondenz erhalten blieb, die von Sophie Taeubers 16. Lebensjahr bis zu ihrem Tod reicht und bis heute mit Ausnahme weniger St\u00fccke unbekanntist &#8211; darunter auch mehr als 140 Briefe und Karten an Hans Arp. Die Briefe sind durchweg ausf\u00fchrlich und umfassen meist mehrere Seiten. Sophie Taeuber-Arp berichtet darin lebhaft \u00fcber ihre gesamten Lebensumst\u00e4nde, was zahlreiche neue Einblicke in ihre Biographie und Werkgeschichte erlaubt. Deutlich wird dabei unter anderem, wie viele Widerst\u00e4nde Sophie Taeuber-Arp zu \u00fcberwinden hatte, um sich aus dem traditionell \u00abweiblichen\u00bb Metier kunstgewerblicher Textilarbeiten emanzipieren und in der freien Kunst- und Architektursezene Fu\u00df fassen zu k\u00f6nnen. Das Material enth\u00e4lt dar\u00fcber hinaus eine ungeahnte F\u00fclle von Berichten \u00fcber Begegnungen mit K\u00fcnstlerkollegen z.B. \u00fcber Dada-Freunde wie HugoBall, Emmy Hennings und Richard Huelsenbeck oder \u00fcber Weggef\u00e4hrten wie Theo van Doesburg, Tristan Tzara, Paul Eluard, Max Ernst, Sonia und Robert Delaunay oder Kurt Schwitters. Die Briefe stellen damit eine einzigartige Quelle f\u00fcr die Avantgarde-Kunst in der ersten H\u00e4lfte des 20. Jahrhunderts dar.<\/p>\n<p>Band I umfasst Briefe aus der Zeit von Sophie Taeubers Ausbildungsjahren 1905 bis 1914 an der Stauffacher-Schule und der Zeichnungsschule f\u00fcr Industrie- und Gewerbe in St.Gallen, an den Lehr- und Versuch-Ateliers f\u00fcr angewandte und freie Kunst in M\u00fcnchen und an der Kunstgewerbeschule in Hamburg.<\/p>\n<p>In Band II sind Briefe aus ihrer Zeit in Z\u00fcrich von 1914 bis 1928 versammelt, in der Sophie Taeuber-Arp an der Kunstgewerblichen Abteilung der Gewerbeschule Entwerfen und Sticken unterrichtete, im Schweizerischen Werkbund mitwirkte, bei Rudolf von Laban tanzte, Hans Arp kennenlernte, an Dada-Veranstaltungen teilnahm und in Strassburg Innenarchitekturprojekte ausf\u00fchrte.<\/p>\n<p>Band III enth\u00e4lt Briefe aus den Jahren 1928 bis 1942, in denen Sophie Taeuber-Arp mit Hans Arp in Frankreich lebte und im engen Austausch mit der Pariser Avantgarde stand. Diese Lebensphase beginnt mit dem Einzug in das selbst entworfene Atelierhaus in Meudon und endet mit der Flucht vor dem Naziregime.<\/p>\n<p>Die ausf\u00fchrliche Kommentierung der transkribierten Briefe sowie die Einf\u00fchrung und die Essays erschliessen f\u00fcr die Lesenden die Identit\u00e4t genannter Personen, Ereignisse, Lekt\u00fcren, Orte, implizite Sachverhalte und Anspielungen.<\/p>\n<p>ZHdK: Ehemaliges Institute for Cultural Studies in the Arts<\/p>\n","protected":false},"excerpt":{"rendered":"<p>Die Briefedition, eine Publikation des ehemaligen Institute for Cultural Studies in the Arts, ZHdK, bietet in Fragmenten eine &#171;Autobiografie&#187; einer der bekanntesten Schweizer K\u00fcnstlerinnen, die in der kunsthistorischen Rezeption bislang selbst nicht zu Wort kam. Die zum gr\u00f6ssten Teil unver\u00f6ffentlichten Briefe und Ansichtskarten an ihre Schwester Erika Schlegel-Taeuber, Hans Arp und weitere Verwandte und Freund:innen erstrecken sich \u00fcber die gesamte Lebenszeit der K\u00fcnstlerin.<\/p>\n<p>3 B\u00e4nde, 1832 Seiten, Nimbus Verlag, 2021<br \/>\nISBN 978-3-0-3850080-3<\/p>\n","protected":false},"featured_media":4990,"template":"","meta":[],"product_brand":[],"product_cat":[151,1510,1512,267],"product_tag":[1325,307,1321,1504,1508,1506,807,1502],"class_list":{"0":"post-4976","1":"product","2":"type-product","3":"status-publish","4":"has-post-thumbnail","6":"product_cat-ics","7":"product_cat-hoch-medea","8":"product_cat-krupp-walburga","9":"product_cat-schade-sigrid","10":"product_tag-briefe","11":"product_tag-briefedition","12":"product_tag-briefwechsel","13":"product_tag-dadaismus","14":"product_tag-hans-arp","15":"product_tag-innenarchitektur","16":"product_tag-kunstgeschichte","17":"product_tag-kunsthandwerk","19":"first","20":"instock","21":"shipping-taxable","22":"product-type-external"},"_links":{"self":[{"href":"https:\/\/publikationen.zhdk.ch\/index.php?rest_route=\/wp\/v2\/product\/4976","targetHints":{"allow":["GET"]}}],"collection":[{"href":"https:\/\/publikationen.zhdk.ch\/index.php?rest_route=\/wp\/v2\/product"}],"about":[{"href":"https:\/\/publikationen.zhdk.ch\/index.php?rest_route=\/wp\/v2\/types\/product"}],"version-history":[{"count":6,"href":"https:\/\/publikationen.zhdk.ch\/index.php?rest_route=\/wp\/v2\/product\/4976\/revisions"}],"predecessor-version":[{"id":5007,"href":"https:\/\/publikationen.zhdk.ch\/index.php?rest_route=\/wp\/v2\/product\/4976\/revisions\/5007"}],"wp:featuredmedia":[{"embeddable":true,"href":"https:\/\/publikationen.zhdk.ch\/index.php?rest_route=\/wp\/v2\/media\/4990"}],"wp:attachment":[{"href":"https:\/\/publikationen.zhdk.ch\/index.php?rest_route=%2Fwp%2Fv2%2Fmedia&parent=4976"}],"wp:term":[{"taxonomy":"product_brand","embeddable":true,"href":"https:\/\/publikationen.zhdk.ch\/index.php?rest_route=%2Fwp%2Fv2%2Fproduct_brand&post=4976"},{"taxonomy":"product_cat","embeddable":true,"href":"https:\/\/publikationen.zhdk.ch\/index.php?rest_route=%2Fwp%2Fv2%2Fproduct_cat&post=4976"},{"taxonomy":"product_tag","embeddable":true,"href":"https:\/\/publikationen.zhdk.ch\/index.php?rest_route=%2Fwp%2Fv2%2Fproduct_tag&post=4976"}],"curies":[{"name":"wp","href":"https:\/\/api.w.org\/{rel}","templated":true}]}}