{"id":4968,"date":"2021-11-09T09:14:49","date_gmt":"2021-11-09T08:14:49","guid":{"rendered":"https:\/\/publikationen.zhdk.ch\/?post_type=product&#038;p=4968"},"modified":"2022-04-20T16:31:14","modified_gmt":"2022-04-20T14:31:14","slug":"das-ausgestellte-leben","status":"publish","type":"product","link":"https:\/\/publikationen.zhdk.ch\/?product=das-ausgestellte-leben","title":{"rendered":"Das ausgestellte Leben. Design in Kunstdiskursen nach den Avantgarden | Burkhard Meltzer"},"content":{"rendered":"<p>Burkhard Meltzer ist als Autor, Forscher und Kurator in Z\u00fcrich t\u00e4tig. Von 2003 bis 2007 Mitarbeit im kuratorischen Team der Kunsthalle St. Gallen. Seit 2006 Dozent an der Z\u00fcrcher Hochschule der K\u00fcnste (ZHdK), von 2008 bis 2015 zudem Projektleiter am Institut f\u00fcr Theorie der ZHdK. Seit 2004 Autor und Herausgeber zu Themen der Gegenwartskunst und des Designs f\u00fcr zahlreiche Buchpublikationen und Zeitschriften wie artforum.com, form und frieze magazine.<\/p>\n<p>ZHdK: Institut f\u00fcr Theorie (ITH)<\/p>\n","protected":false},"excerpt":{"rendered":"<p>Was heute als Gegenwartskunst bezeichnet wird, ist ohne Design nicht zu denken. Jener avantgardistische Bruch, der sich zu Beginn des 20. Jahrhunderts von kanonisch definierten Formaten und Gattungen der Kunst verabschiedet, markiert zugleich den Beginn einer fortdauernden Beziehung zum Design. Die einst radikale Geste der Avantgarden, mit jedem beliebigen Material ein Kunstwerk zu behaupten, bildet heute eine Grundlage zeitgen\u00f6ssischer Kunstauffassung. Zugleich thematisieren K\u00fcnstler*innen mit Hilfe des Designs ein bestimmtes Verh\u00e4ltnis zum Leben &#8211; als Befremden, offene Kritik oder in alternativen Entw\u00fcrfen.<\/p>\n<p><a href=\"https:\/\/www.kulturverlag-kadmos.de\/site\/assets\/files\/2534\/9783865994813-das-ausgestellte-leben.pdf\">Blick ins Buch<\/a><\/p>\n<p>352 Seiten, Kadmos, 2020<br \/>\nISBN 978-3-86599-481-3<\/p>\n","protected":false},"featured_media":4970,"template":"","meta":[],"product_brand":[],"product_cat":[149,349],"product_tag":[1496,1500,821,1498],"class_list":{"0":"post-4968","1":"product","2":"type-product","3":"status-publish","4":"has-post-thumbnail","6":"product_cat-ith","7":"product_cat-meltzer-burkhard","8":"product_tag-aesthetische-theorie","9":"product_tag-avantgarde","10":"product_tag-design","11":"product_tag-geisteswissenschaften","13":"first","14":"instock","15":"shipping-taxable","16":"product-type-external"},"_links":{"self":[{"href":"https:\/\/publikationen.zhdk.ch\/index.php?rest_route=\/wp\/v2\/product\/4968","targetHints":{"allow":["GET"]}}],"collection":[{"href":"https:\/\/publikationen.zhdk.ch\/index.php?rest_route=\/wp\/v2\/product"}],"about":[{"href":"https:\/\/publikationen.zhdk.ch\/index.php?rest_route=\/wp\/v2\/types\/product"}],"version-history":[{"count":2,"href":"https:\/\/publikationen.zhdk.ch\/index.php?rest_route=\/wp\/v2\/product\/4968\/revisions"}],"predecessor-version":[{"id":4974,"href":"https:\/\/publikationen.zhdk.ch\/index.php?rest_route=\/wp\/v2\/product\/4968\/revisions\/4974"}],"wp:featuredmedia":[{"embeddable":true,"href":"https:\/\/publikationen.zhdk.ch\/index.php?rest_route=\/wp\/v2\/media\/4970"}],"wp:attachment":[{"href":"https:\/\/publikationen.zhdk.ch\/index.php?rest_route=%2Fwp%2Fv2%2Fmedia&parent=4968"}],"wp:term":[{"taxonomy":"product_brand","embeddable":true,"href":"https:\/\/publikationen.zhdk.ch\/index.php?rest_route=%2Fwp%2Fv2%2Fproduct_brand&post=4968"},{"taxonomy":"product_cat","embeddable":true,"href":"https:\/\/publikationen.zhdk.ch\/index.php?rest_route=%2Fwp%2Fv2%2Fproduct_cat&post=4968"},{"taxonomy":"product_tag","embeddable":true,"href":"https:\/\/publikationen.zhdk.ch\/index.php?rest_route=%2Fwp%2Fv2%2Fproduct_tag&post=4968"}],"curies":[{"name":"wp","href":"https:\/\/api.w.org\/{rel}","templated":true}]}}