{"id":4952,"date":"2021-10-19T14:58:14","date_gmt":"2021-10-19T12:58:14","guid":{"rendered":"https:\/\/publikationen.zhdk.ch\/?post_type=product&#038;p=4952"},"modified":"2022-04-20T16:30:51","modified_gmt":"2022-04-20T14:30:51","slug":"i-lost-time-and-space","status":"publish","type":"product","link":"https:\/\/publikationen.zhdk.ch\/?product=i-lost-time-and-space","title":{"rendered":"I lost time and space. Where am I? Erz\u00e4hlen von chronischen Schmerzen | Tabea Rothfuchs"},"content":{"rendered":"<p>Die Basis dieser k\u00fcnstlerischen Untersuchung bilden zw\u00f6lf ungef\u00e4hr einst\u00fcndige Gespr\u00e4che mit Schmerzpatient*innen und Schmerzspezialist*innen. Tabes Rothfuchs skizziert in den Kapiteln <em>Schmerz<\/em>, <em>Erz\u00e4hlen<\/em>, <em>Chronos<\/em> und <em>\u00c4sthetische Forschung<\/em> die Multidimensionalit\u00e4t von chronischen Schmerzen. Das Kapitel <em>Dialog<\/em> ist eine erste k\u00fcnstlerische Auseinandersetzung mit den transkribierten Gespr\u00e4chen in Form einer fragmentarischen Textsammlung, und <em>Performance Intervention<\/em> dokumentiert die vierst\u00fcndige k\u00fcnstlerische Performance, die als Teil der Untersuchung am Zentrum f\u00fcr Schmerzmedizin in Nottwil stattfand.<\/p>\n<p>ZHdK: Master Transdisziplinarit\u00e4t<br \/>\nartists-in-labs program<\/p>\n","protected":false},"excerpt":{"rendered":"<p>Eine k\u00fcnstlerische Untersuchung zu chronischen Schmerzen<\/p>\n<p>Was passiert mit der inneren und \u00e4usseren Welt eines Menschen, wenn kein medizinisches Verfahren die Ursache des erlebten Schmerzes (mehr) zu entziffern vermag? Wenn der Schmerz zum eigenst\u00e4ndigen Krankheitsbild <em>Chronischer Schmerz<\/em> geworden ist?<\/p>\n<p>137 Seiten, Z\u00fcrcher Hochschule der K\u00fcnste, 2021<br \/>\nISBN 978-3-9524741-9-8<\/p>\n<p>&nbsp;<\/p>\n<p>&nbsp;<\/p>\n","protected":false},"featured_media":4960,"template":"","meta":[],"product_brand":[],"product_cat":[1488,159],"product_tag":[1494,1492,1490],"class_list":{"0":"post-4952","1":"product","2":"type-product","3":"status-publish","4":"has-post-thumbnail","6":"product_cat-rothfuchs-tabea","7":"product_cat-fspt","8":"product_tag-aesthetische-forschung","9":"product_tag-erzaehlen","10":"product_tag-schmerzen","12":"first","13":"instock","14":"shipping-taxable","15":"product-type-external"},"_links":{"self":[{"href":"https:\/\/publikationen.zhdk.ch\/index.php?rest_route=\/wp\/v2\/product\/4952","targetHints":{"allow":["GET"]}}],"collection":[{"href":"https:\/\/publikationen.zhdk.ch\/index.php?rest_route=\/wp\/v2\/product"}],"about":[{"href":"https:\/\/publikationen.zhdk.ch\/index.php?rest_route=\/wp\/v2\/types\/product"}],"version-history":[{"count":4,"href":"https:\/\/publikationen.zhdk.ch\/index.php?rest_route=\/wp\/v2\/product\/4952\/revisions"}],"predecessor-version":[{"id":4964,"href":"https:\/\/publikationen.zhdk.ch\/index.php?rest_route=\/wp\/v2\/product\/4952\/revisions\/4964"}],"wp:featuredmedia":[{"embeddable":true,"href":"https:\/\/publikationen.zhdk.ch\/index.php?rest_route=\/wp\/v2\/media\/4960"}],"wp:attachment":[{"href":"https:\/\/publikationen.zhdk.ch\/index.php?rest_route=%2Fwp%2Fv2%2Fmedia&parent=4952"}],"wp:term":[{"taxonomy":"product_brand","embeddable":true,"href":"https:\/\/publikationen.zhdk.ch\/index.php?rest_route=%2Fwp%2Fv2%2Fproduct_brand&post=4952"},{"taxonomy":"product_cat","embeddable":true,"href":"https:\/\/publikationen.zhdk.ch\/index.php?rest_route=%2Fwp%2Fv2%2Fproduct_cat&post=4952"},{"taxonomy":"product_tag","embeddable":true,"href":"https:\/\/publikationen.zhdk.ch\/index.php?rest_route=%2Fwp%2Fv2%2Fproduct_tag&post=4952"}],"curies":[{"name":"wp","href":"https:\/\/api.w.org\/{rel}","templated":true}]}}