{"id":4912,"date":"2021-09-07T14:52:03","date_gmt":"2021-09-07T12:52:03","guid":{"rendered":"https:\/\/publikationen.zhdk.ch\/?post_type=product&#038;p=4912"},"modified":"2023-08-10T13:16:26","modified_gmt":"2023-08-10T11:16:26","slug":"musiktherapie-in-der-neurorehabilitation","status":"publish","type":"product","link":"https:\/\/publikationen.zhdk.ch\/?product=musiktherapie-in-der-neurorehabilitation","title":{"rendered":"Musiktherapie in der Neurorehabilitation | Beate Roelcke, Corinne Galli et al."},"content":{"rendered":"<p>Die Themen des ersten und zweiten Buchteils von Corinne Galli und Beate Roelcke beziehen sich auf neurologisch schwerbetroffene Menschen nach Schlaganfall. Galli stellt eine quantitative Studie zur Kontaktaufnahme vor und vergleicht Elemente eines verbalen Therapieverfahrens mit nonverbalen der Musiktherapie. Roelcke zeigt in einem Untersuchungsaufbau aus quantiativen und qualitativen Anteilen anhand eines Settings zur Arbeit mit Patienten mit Neglectsyndrom musiktherapeutische Vorgehensweisen auf, die im Spannungsfeld von funktionalen und psychodynamischen Aspekten stehen.<br \/>\nDie Klammer des dritten und vierten Buchteils bilden die von Joachim Marz entwickelten Instrumente Behandlungsmonochord und Kotamo. Andreas Vuissa untersucht die Wirkung eines standardisierten Entspannungsverfahrens mit Einsatz des Kotamo bei Menschen, die an Multipler Sklerose erkrankt sind. Susanne Bossert &amp; Joachim Marz f\u00fchren mit Hilfe des Behandlungsmonochords eine randomisierte und kontrollierte Studie mit Menschen nach unfallbedingten Sch\u00e4del-Hirnverletzungen durch.<br \/>\nDie Aufz\u00e4hlung der im Buch beschriebenen Diagnosegruppen zeigt das weite Spektrum an Erkrankungsformen unter welchen Patienten der Neurorehabilitation leiden. Pl\u00f6tzlich eingetretene Hirnverletzungen stehen neben langsam auftretenden, chronischen Ver\u00e4nderungen aufgrund entz\u00fcndlicher Prozesse in bestimmten Hirnregionen mit der jeweils spezifischen Symptomatik. Beides bringt einschneidende Folgen f\u00fcr die Lebensgestaltung mit sich und stellt hohe Anforderungen an die Verarbeitungskapazit\u00e4t der Patienten.<br \/>\nDementsprechend breit sind auch die Vorgehensweisen der Musiktherapie: Musiktherapeutische Methoden und Interventionen werden vom musikunterst\u00fctzten Arbeiten mit funktionalen Zielen bis zum psychodynamischen Begleiten in der Krankheitsverarbeitung, von der \u00fcbenden Ebene bis zur erlebnis- und konfliktzentrierten Modalit\u00e4t eingesetzt. Die musikalische Grundlage und die darauf aufbauende therapeutische Beziehung bilden bei allen Unterschieden im Aufbau und Outcome der Untersuchungen die gemeinsame Grundlage.<br \/>\nMit dem Ziel Patienten auf die bestm\u00f6gliche Weise zu betreuen, Behandlungsformen zu optimieren und auf quantitativer und qualitativer Ebene einen Beitrag zum Wirksamkeitsnachweis der Musiktherapie zu leisten sind die Untersuchungen dem Klientel und den klinischen Bedingungen angepasst und durchgef\u00fchrt worden. Das vorliegende Buch versteht sich als Einladung zum Weiterdenken und Weiterforschen in diesem sich rasant entwickelnden Arbeitsfeld. Die Musiktherapie hat das Potential, darin eine einzigartige und unersetzbare Aufgabe zu \u00fcbernehmen.<\/p>\n<p>Herausgegeben von Beate Roelcke und Sandra Lutz Hochreutener<\/p>\n<p>ZHdK: ZHdK: Weiterbildung Musik, Musiktherapie<\/p>\n","protected":false},"excerpt":{"rendered":"<p class=\"byline\">Beobachtungen, Untersuchungen, Forschung<br \/>\nVon Beate Roelcke, Corinne Galli, Susanne Bossert &amp; Joachim Marz; Andreas Vuissa<\/p>\n<p>Der 7. Band der Z\u00fcrcher Schriften besteht aus vier \u00fcberarbeiteten Untersuchungen aus dem Praxisfeld der Neurorehabilitation, die an der Z\u00fcrcher Hochschule der K\u00fcnste durchgef\u00fchrt wurden.<\/p>\n<p><a href=\"https:\/\/publikationen.zhdk.ch\/?product_cat=zuercher-schriften-zur-musiktherapie\">Z\u00fcrcher Schriften zur Musiktherapie<\/a> Band 7<\/p>\n<p>262 Seiten, Reichert, 2020<br \/>\nISBN: 978-3-95490-474-7<\/p>\n","protected":false},"featured_media":4918,"template":"","meta":[],"product_brand":[],"product_cat":[1470,883,1472,875,873],"product_tag":[901,1474],"class_list":{"0":"post-4912","1":"product","2":"type-product","3":"status-publish","4":"has-post-thumbnail","6":"product_cat-galli-corinne","7":"product_cat-lutz-hochreutener-sandra","8":"product_cat-roelcke-beate","9":"product_cat-weiterbildung","10":"product_cat-zuercher-schriften-zur-musiktherapie","11":"product_tag-musiktherapie","12":"product_tag-schlaganfall","14":"first","15":"instock","16":"shipping-taxable","17":"product-type-external"},"_links":{"self":[{"href":"https:\/\/publikationen.zhdk.ch\/index.php?rest_route=\/wp\/v2\/product\/4912","targetHints":{"allow":["GET"]}}],"collection":[{"href":"https:\/\/publikationen.zhdk.ch\/index.php?rest_route=\/wp\/v2\/product"}],"about":[{"href":"https:\/\/publikationen.zhdk.ch\/index.php?rest_route=\/wp\/v2\/types\/product"}],"version-history":[{"count":5,"href":"https:\/\/publikationen.zhdk.ch\/index.php?rest_route=\/wp\/v2\/product\/4912\/revisions"}],"predecessor-version":[{"id":6067,"href":"https:\/\/publikationen.zhdk.ch\/index.php?rest_route=\/wp\/v2\/product\/4912\/revisions\/6067"}],"wp:featuredmedia":[{"embeddable":true,"href":"https:\/\/publikationen.zhdk.ch\/index.php?rest_route=\/wp\/v2\/media\/4918"}],"wp:attachment":[{"href":"https:\/\/publikationen.zhdk.ch\/index.php?rest_route=%2Fwp%2Fv2%2Fmedia&parent=4912"}],"wp:term":[{"taxonomy":"product_brand","embeddable":true,"href":"https:\/\/publikationen.zhdk.ch\/index.php?rest_route=%2Fwp%2Fv2%2Fproduct_brand&post=4912"},{"taxonomy":"product_cat","embeddable":true,"href":"https:\/\/publikationen.zhdk.ch\/index.php?rest_route=%2Fwp%2Fv2%2Fproduct_cat&post=4912"},{"taxonomy":"product_tag","embeddable":true,"href":"https:\/\/publikationen.zhdk.ch\/index.php?rest_route=%2Fwp%2Fv2%2Fproduct_tag&post=4912"}],"curies":[{"name":"wp","href":"https:\/\/api.w.org\/{rel}","templated":true}]}}