{"id":4884,"date":"2021-08-26T15:04:39","date_gmt":"2021-08-26T13:04:39","guid":{"rendered":"https:\/\/publikationen.zhdk.ch\/?post_type=product&#038;p=4884"},"modified":"2023-08-10T10:59:38","modified_gmt":"2023-08-10T08:59:38","slug":"filmen-forschen-annotieren-e-book","status":"publish","type":"product","link":"https:\/\/publikationen.zhdk.ch\/?product=filmen-forschen-annotieren-e-book","title":{"rendered":"Filmen, Forschen, Annotieren. Handbuch Research Video | Gunter L\u00f6sel, Martin Zimper (Hg.) [E-Book PDF]"},"content":{"rendered":"<p>Das Handbuch Research Video ist die Einf\u00fchrung in eine neuartige Software und Publikationsform, die auf annotierten Videos basiert. Praktizierende und Forschende, die mit Bewegungsdaten arbeiten, wie etwa in Sparten performative Kunst, Film, Verhaltensforschung oder Sportwissenschaft, werden in ihrem Arbeitsprozess unterst\u00fctzt und bekommen die M\u00f6glichkeit, Inhalte verf\u00fcgbar zu machen, die ein gedrucktes Buch nicht vermitteln kann.<\/p>\n<p>ZHdK: <span class=\"header-tagline \">Institute for the Performing Arts and Film<\/span><\/p>\n","protected":false},"excerpt":{"rendered":"<p>Einf\u00fchrung in die neuartige Publikationsform, basierend auf annotierten Videos.<br \/>\nNiederschwelliges Handbuch als Erg\u00e4nzung f\u00fcr neue, interaktive Software.<br \/>\nWerkzeug f\u00fcr Forschende und Praktizierende, die mit Bewegungsdaten arbeiten.<\/p>\n<p><a href=\"https:\/\/publikationen.zhdk.ch\/?product_cat=subtexte\">subTexte<\/a> 23<\/p>\n<p>176 Seiten, Birkh\u00e4user, 2021<br \/>\ne-ISBN (PDF) 978-3-0356-2308-6<\/p>\n<p>&nbsp;<\/p>\n","protected":false},"featured_media":4824,"template":"","meta":[],"product_brand":[],"product_cat":[221,1514,281,1014,157,289,569],"product_tag":[1456,619,1458,1454],"class_list":{"0":"post-4884","1":"product","2":"type-product","3":"status-publish","4":"has-post-thumbnail","6":"product_cat-e-books","7":"product_cat-e-publikationen","8":"product_cat-loesel-gunter","9":"product_cat-open-access","10":"product_cat-ipf","11":"product_cat-reihen","12":"product_cat-subtexte","13":"product_tag-annotierte-videos","14":"product_tag-film","15":"product_tag-performative-kunst","16":"product_tag-software","18":"first","19":"instock","20":"shipping-taxable","21":"product-type-external"},"_links":{"self":[{"href":"https:\/\/publikationen.zhdk.ch\/index.php?rest_route=\/wp\/v2\/product\/4884","targetHints":{"allow":["GET"]}}],"collection":[{"href":"https:\/\/publikationen.zhdk.ch\/index.php?rest_route=\/wp\/v2\/product"}],"about":[{"href":"https:\/\/publikationen.zhdk.ch\/index.php?rest_route=\/wp\/v2\/types\/product"}],"version-history":[{"count":3,"href":"https:\/\/publikationen.zhdk.ch\/index.php?rest_route=\/wp\/v2\/product\/4884\/revisions"}],"predecessor-version":[{"id":5959,"href":"https:\/\/publikationen.zhdk.ch\/index.php?rest_route=\/wp\/v2\/product\/4884\/revisions\/5959"}],"wp:featuredmedia":[{"embeddable":true,"href":"https:\/\/publikationen.zhdk.ch\/index.php?rest_route=\/wp\/v2\/media\/4824"}],"wp:attachment":[{"href":"https:\/\/publikationen.zhdk.ch\/index.php?rest_route=%2Fwp%2Fv2%2Fmedia&parent=4884"}],"wp:term":[{"taxonomy":"product_brand","embeddable":true,"href":"https:\/\/publikationen.zhdk.ch\/index.php?rest_route=%2Fwp%2Fv2%2Fproduct_brand&post=4884"},{"taxonomy":"product_cat","embeddable":true,"href":"https:\/\/publikationen.zhdk.ch\/index.php?rest_route=%2Fwp%2Fv2%2Fproduct_cat&post=4884"},{"taxonomy":"product_tag","embeddable":true,"href":"https:\/\/publikationen.zhdk.ch\/index.php?rest_route=%2Fwp%2Fv2%2Fproduct_tag&post=4884"}],"curies":[{"name":"wp","href":"https:\/\/api.w.org\/{rel}","templated":true}]}}