{"id":4852,"date":"2021-07-21T10:22:02","date_gmt":"2021-07-21T08:22:02","guid":{"rendered":"https:\/\/publikationen.zhdk.ch\/?post_type=product&#038;p=4852"},"modified":"2022-04-20T16:27:02","modified_gmt":"2022-04-20T14:27:02","slug":"inaesthetics-0","status":"publish","type":"product","link":"https:\/\/publikationen.zhdk.ch\/?product=inaesthetics-0","title":{"rendered":"INAESTHETICS #0 Theses on Contemporary Art | Tobias Huber und Marcus Steinweg (Hg.)"},"content":{"rendered":"<p>INAESTHETIK zeichnet \u00abdie aus der unabh\u00e4ngigen Existenz bestimmter Kunstwerke hervorgehenden intraphilosophischen Wirkungen\u00bb nach, wobei die Philosophie die Immanenzebene bereitstellt. INAESTHETIK bringt ein Denken in Anschlag, das Kunst und Philosophie gleichermassen als Wahrheitsproduktion auffasst und, im Sinne Badious, die \u00abTreue\u00bb zu diesen Wahrheiten aufrechterh\u00e4lt. INAESTHETIK versucht die Ebene einer allgemeinen Ontologie zu fixieren, auf der sich das Verh\u00e4ltnis von Philosophie und Kunst aufspannt. INAESTHETIK erscheint als Zeitschrift im Halbjahresrhythmus und stellt unter wechselnden Thementiteln internationale Positionen neben explizit j\u00fcngere Ans\u00e4tze. INAESTHETIK will internationale zeitgen\u00f6ssische Konfigurationen sichtbar machen und operiert daher bewusst mehrsprachig.<\/p>\n<p>Mit Beitr\u00e4gen von Alain Badiou, Bruno Bosteels, Alexandre Costanzo, Sebastian Egenhofer, Jacques Ranci\u00e8re, Marcus Steinweg<\/p>\n<p>ZHdK: Institute for Contemporary Art Research (IFCAR)<\/p>\n","protected":false},"excerpt":{"rendered":"<p>INAESTHETIK denkt die Kunst von der Philosophie und die Philosophie von der Kunst her, ohne dabei das eine zum Objekt des anderen zu machen, ohne eines ans andere zu binden oder dem anderen unterzuordnen \u2013 in der \u00dcberzeugung, dass in der Philosophie wie in der Kunst das Unendliche nur jeweils unterschiedliche endliche Formgebungen erf\u00e4hrt.<\/p>\n<p>168 Seiten, Diaphanes, 2008<br \/>\nISBN 978-3-0-3734034-9<\/p>\n","protected":false},"featured_media":4854,"template":"","meta":[],"product_brand":[],"product_cat":[145,1464,537],"product_tag":[915],"class_list":{"0":"post-4852","1":"product","2":"type-product","3":"status-publish","4":"has-post-thumbnail","6":"product_cat-ifcar","7":"product_cat-huber-tobias","8":"product_cat-steinweg-marcus","9":"product_tag-philosophie","11":"first","12":"instock","13":"shipping-taxable","14":"product-type-external"},"_links":{"self":[{"href":"https:\/\/publikationen.zhdk.ch\/index.php?rest_route=\/wp\/v2\/product\/4852","targetHints":{"allow":["GET"]}}],"collection":[{"href":"https:\/\/publikationen.zhdk.ch\/index.php?rest_route=\/wp\/v2\/product"}],"about":[{"href":"https:\/\/publikationen.zhdk.ch\/index.php?rest_route=\/wp\/v2\/types\/product"}],"version-history":[{"count":1,"href":"https:\/\/publikationen.zhdk.ch\/index.php?rest_route=\/wp\/v2\/product\/4852\/revisions"}],"predecessor-version":[{"id":4856,"href":"https:\/\/publikationen.zhdk.ch\/index.php?rest_route=\/wp\/v2\/product\/4852\/revisions\/4856"}],"wp:featuredmedia":[{"embeddable":true,"href":"https:\/\/publikationen.zhdk.ch\/index.php?rest_route=\/wp\/v2\/media\/4854"}],"wp:attachment":[{"href":"https:\/\/publikationen.zhdk.ch\/index.php?rest_route=%2Fwp%2Fv2%2Fmedia&parent=4852"}],"wp:term":[{"taxonomy":"product_brand","embeddable":true,"href":"https:\/\/publikationen.zhdk.ch\/index.php?rest_route=%2Fwp%2Fv2%2Fproduct_brand&post=4852"},{"taxonomy":"product_cat","embeddable":true,"href":"https:\/\/publikationen.zhdk.ch\/index.php?rest_route=%2Fwp%2Fv2%2Fproduct_cat&post=4852"},{"taxonomy":"product_tag","embeddable":true,"href":"https:\/\/publikationen.zhdk.ch\/index.php?rest_route=%2Fwp%2Fv2%2Fproduct_tag&post=4852"}],"curies":[{"name":"wp","href":"https:\/\/api.w.org\/{rel}","templated":true}]}}