{"id":4838,"date":"2021-07-21T09:40:34","date_gmt":"2021-07-21T07:40:34","guid":{"rendered":"https:\/\/publikationen.zhdk.ch\/?post_type=product&#038;p=4838"},"modified":"2023-01-26T12:50:29","modified_gmt":"2023-01-26T11:50:29","slug":"kunst-und-bau-e-book-pdf","status":"publish","type":"product","link":"https:\/\/publikationen.zhdk.ch\/?product=kunst-und-bau-e-book-pdf","title":{"rendered":"Kunst und Bau: Die Hardau | Stadt Z\u00fcrich, Amt f\u00fcr Hochbauten, Fachstelle Kunst und Bau (Hg.) [E-Book PDF]"},"content":{"rendered":"<p>Eine Publikation zur Kunst in der Hardau. Die als Quartierf\u00fchrer konzipierte Publikation erscheint im Zusammenhang mit den fertiggestellten Kunstwerke von Sislej Xhafa im Hardaupark (2011) und von Zilla Leutenegger im Oberstufenschulhaus Albisriederplatz (2009).<\/p>\n<p>Herausgeber: Stadt Z\u00fcrich, Amt f\u00fcr Hochbauten, Fachstelle Kunst und Bau in Zusammenarbeit mit dem Institute for Contemporary Art Research (IFCAR ) der Z\u00fcrcher Hochschule der K\u00fcnste ZHdK<\/p>\n<p>Mit Beitr\u00e4gen von Annemarie Bucher, Kathleen B\u00fchler, Beat Grossrieder, Michael Hiltbrunner, J\u00fcrgen Krusche, Christoph Lang, Sascha Renner, Christian Ritter, Christoph Schenker, Charlotte Tschumi.<\/p>\n","protected":false},"excerpt":{"rendered":"<p>In Form eines Stadtf\u00fchrers durch das Hardau-Gebiet gibt das Booklet unterschiedlichste Einblicke in die Besonderheiten dieser Nachbarschaft und stellt die realisierten Kunstprojekte in einen konkreten Bezug zum Leben im Quartier.<\/p>\n<p>48 Seiten, 2012<br \/>\nISBN 978-3-9523690-2-9<\/p>\n","protected":false},"featured_media":4832,"template":"","meta":[],"product_brand":[],"product_cat":[145,221,1514,275,271,1014,239],"product_tag":[1462,1460,1276],"class_list":{"0":"post-4838","1":"product","2":"type-product","3":"status-publish","4":"has-post-thumbnail","6":"product_cat-ifcar","7":"product_cat-e-books","8":"product_cat-e-publikationen","9":"product_cat-hiltbrunner-michael","10":"product_cat-krusche-juergen","11":"product_cat-open-access","12":"product_cat-schenker-christoph","13":"product_tag-hardau","14":"product_tag-kunst-am-bau","15":"product_tag-zuerich","17":"first","18":"instock","19":"shipping-taxable","20":"product-type-external"},"_links":{"self":[{"href":"https:\/\/publikationen.zhdk.ch\/index.php?rest_route=\/wp\/v2\/product\/4838","targetHints":{"allow":["GET"]}}],"collection":[{"href":"https:\/\/publikationen.zhdk.ch\/index.php?rest_route=\/wp\/v2\/product"}],"about":[{"href":"https:\/\/publikationen.zhdk.ch\/index.php?rest_route=\/wp\/v2\/types\/product"}],"version-history":[{"count":1,"href":"https:\/\/publikationen.zhdk.ch\/index.php?rest_route=\/wp\/v2\/product\/4838\/revisions"}],"predecessor-version":[{"id":4840,"href":"https:\/\/publikationen.zhdk.ch\/index.php?rest_route=\/wp\/v2\/product\/4838\/revisions\/4840"}],"wp:featuredmedia":[{"embeddable":true,"href":"https:\/\/publikationen.zhdk.ch\/index.php?rest_route=\/wp\/v2\/media\/4832"}],"wp:attachment":[{"href":"https:\/\/publikationen.zhdk.ch\/index.php?rest_route=%2Fwp%2Fv2%2Fmedia&parent=4838"}],"wp:term":[{"taxonomy":"product_brand","embeddable":true,"href":"https:\/\/publikationen.zhdk.ch\/index.php?rest_route=%2Fwp%2Fv2%2Fproduct_brand&post=4838"},{"taxonomy":"product_cat","embeddable":true,"href":"https:\/\/publikationen.zhdk.ch\/index.php?rest_route=%2Fwp%2Fv2%2Fproduct_cat&post=4838"},{"taxonomy":"product_tag","embeddable":true,"href":"https:\/\/publikationen.zhdk.ch\/index.php?rest_route=%2Fwp%2Fv2%2Fproduct_tag&post=4838"}],"curies":[{"name":"wp","href":"https:\/\/api.w.org\/{rel}","templated":true}]}}