{"id":4737,"date":"2021-06-22T13:11:43","date_gmt":"2021-06-22T11:11:43","guid":{"rendered":"https:\/\/publikationen.zhdk.ch\/?post_type=product&#038;p=4737"},"modified":"2023-08-10T11:04:11","modified_gmt":"2023-08-10T09:04:11","slug":"trotz-allem-gardi-hutter-e-book-pdf","status":"publish","type":"product","link":"https:\/\/publikationen.zhdk.ch\/?product=trotz-allem-gardi-hutter-e-book-pdf","title":{"rendered":"Trotz allem. Gardi Hutter. Biographie | Denise Schmid [E-Book PDF]"},"content":{"rendered":"<p>Drei Br\u00fcder und ein streng katholisches Elternhaus pr\u00e4gen die ersten Lebensjahre im St. Galler Rheintal, gefolgt vom rebellischen Aufbruch im Zuge der 1968er-Bewegung. Gardi Hutter wird zur Suchenden, \u00fcberschreitet Grenzen, lebt in Paris, Rom und Mailand, trifft ihre grosse Liebe, sucht \u00fcber Jahre nach ihrer eigenen Clownfigur. 1981 gelingt der Durchbruch. Neben den beruflichen H\u00f6hepunkten und dem privaten Gl\u00fcck als Mutter wird auch offen \u00fcber die Kluft zwischen Erfolg und pers\u00f6nlich schwierigen Jahren in der Lebensmitte erz\u00e4hlt. Es ist die Biografie einer der international erfolgreichsten Schweizer K\u00fcnstlerinnen. Mit integriertem Werkbuch, in dem Gardi Hutter selbst beschreibt, wie sie das Programm \u00abDie Schneiderin\u00bb entwickelte.<\/p>\n<p>ZHdK: Departement Darstellende K\u00fcnste und Film, Institute for the Performing Arts and Film<\/p>\n<p>&nbsp;<\/p>\n","protected":false},"excerpt":{"rendered":"<p>Dicker Bauch, braunes Flickenkleid, Wuschelper\u00fccke &#8211; mit der \u00abtapferen Hanna\u00bb, einer Frauenfigur fern aller Sch\u00f6nheitsideale, eroberte Clownin Gardi Hutter in den letzten vierzig Jahren die B\u00fchnen der Welt. Nun blickt die mittlerweile 68-J\u00e4hrige auf ihr ereignisreiches Leben zur\u00fcck.<\/p>\n<p><a href=\"https:\/\/publikationen.zhdk.ch\/?product_cat=subtexte\">subTexte<\/a> 22<\/p>\n<p>456 Seiten, Hier und Jetzt, 2021<br \/>\nISBN 978-3-03919-967-9<\/p>\n","protected":false},"featured_media":4725,"template":"","meta":[],"product_brand":[],"product_cat":[221,1514,157,1437,569],"product_tag":[],"class_list":{"0":"post-4737","1":"product","2":"type-product","3":"status-publish","4":"has-post-thumbnail","6":"product_cat-e-books","7":"product_cat-e-publikationen","8":"product_cat-ipf","9":"product_cat-schmid-denise","10":"product_cat-subtexte","12":"first","13":"instock","14":"shipping-taxable","15":"product-type-external"},"_links":{"self":[{"href":"https:\/\/publikationen.zhdk.ch\/index.php?rest_route=\/wp\/v2\/product\/4737","targetHints":{"allow":["GET"]}}],"collection":[{"href":"https:\/\/publikationen.zhdk.ch\/index.php?rest_route=\/wp\/v2\/product"}],"about":[{"href":"https:\/\/publikationen.zhdk.ch\/index.php?rest_route=\/wp\/v2\/types\/product"}],"version-history":[{"count":3,"href":"https:\/\/publikationen.zhdk.ch\/index.php?rest_route=\/wp\/v2\/product\/4737\/revisions"}],"predecessor-version":[{"id":5971,"href":"https:\/\/publikationen.zhdk.ch\/index.php?rest_route=\/wp\/v2\/product\/4737\/revisions\/5971"}],"wp:featuredmedia":[{"embeddable":true,"href":"https:\/\/publikationen.zhdk.ch\/index.php?rest_route=\/wp\/v2\/media\/4725"}],"wp:attachment":[{"href":"https:\/\/publikationen.zhdk.ch\/index.php?rest_route=%2Fwp%2Fv2%2Fmedia&parent=4737"}],"wp:term":[{"taxonomy":"product_brand","embeddable":true,"href":"https:\/\/publikationen.zhdk.ch\/index.php?rest_route=%2Fwp%2Fv2%2Fproduct_brand&post=4737"},{"taxonomy":"product_cat","embeddable":true,"href":"https:\/\/publikationen.zhdk.ch\/index.php?rest_route=%2Fwp%2Fv2%2Fproduct_cat&post=4737"},{"taxonomy":"product_tag","embeddable":true,"href":"https:\/\/publikationen.zhdk.ch\/index.php?rest_route=%2Fwp%2Fv2%2Fproduct_tag&post=4737"}],"curies":[{"name":"wp","href":"https:\/\/api.w.org\/{rel}","templated":true}]}}