{"id":4709,"date":"2021-06-17T14:13:31","date_gmt":"2021-06-17T12:13:31","guid":{"rendered":"https:\/\/publikationen.zhdk.ch\/?post_type=product&#038;p=4709"},"modified":"2023-08-10T14:40:51","modified_gmt":"2023-08-10T12:40:51","slug":"fotografische-langzeitbeobachtung-e-book","status":"publish","type":"product","link":"https:\/\/publikationen.zhdk.ch\/?product=fotografische-langzeitbeobachtung-e-book","title":{"rendered":"Fotografische Langzeitbeobachtung Schlieren 2005\u20132020 | Ulrich G\u00f6rlich, Meret Wandeler (Hg.) [E-Book PDF]"},"content":{"rendered":"<p>Die Publikation stellt die Ziele und das Vorgehen des gleichnamigen Forschungsprojekts vor.<br \/>\nDas Forschungsprojekt der Z\u00fcrcher Hochschule der K\u00fcnste beobachtet in einer fotografischen Langzeitdokumentation w\u00e4hrend 15 Jahren die Stadtentwicklung von Schlieren. Ausgangspunkt bildet das neue Stadtentwicklungskonzept f\u00fcr die Stadt Schlieren der Metron AG. Die fotografische Langzeitbeobachtung soll zeigen, wie sich die im Stadtentwicklungskonzept vorgeschlagenen Massnahmen f\u00fcr eine nachhaltige Stadtentwicklung und eine Verbesserung der Lebensqualit\u00e4t und Identit\u00e4t auf den Lebensraum auswirken. Das Projekt ist als Fallstudie angelegt. Es entwickelt am Beispiel von Schlieren exemplarisch fotografische Methoden zur Visualisierung r\u00e4umlicher Entwicklungsprozesse in der Agglomeration.<\/p>\n<p>ZHdK: Institute for Contemporary Art Research<\/p>\n","protected":false},"excerpt":{"rendered":"<p>Bericht zur ersten Projektphase 2005\/06 des Forschungsprojekts Fotografische Langzeitbeobachtung Schlieren (FDB)<\/p>\n<p><a href=\"https:\/\/publikationen.zhdk.ch\/?product_cat=schriftenreihe-des-instituts-fuer-gegenwartskunst\">Schriftenreihe des Instituts f\u00fcr Gegenwartskunst<\/a><br \/>\n47 Seiten, Hochschule f\u00fcr Gestaltung und Kunst Z\u00fcrich, Stadt Schlieren, 2006<\/p>\n","protected":false},"featured_media":4711,"template":"","meta":[],"product_brand":[],"product_cat":[145,221,505,1014,489,503],"product_tag":[827,1435,859],"class_list":{"0":"post-4709","1":"product","2":"type-product","3":"status-publish","4":"has-post-thumbnail","6":"product_cat-ifcar","7":"product_cat-e-books","8":"product_cat-goerlich-ulrich","9":"product_cat-open-access","10":"product_cat-schriftenreihe-des-instituts-fuer-gegenwartskunst","11":"product_cat-wandeler-meret","12":"product_tag-fotografie","13":"product_tag-schlieren","14":"product_tag-stadtentwicklung","16":"first","17":"instock","18":"shipping-taxable","19":"product-type-external"},"_links":{"self":[{"href":"https:\/\/publikationen.zhdk.ch\/index.php?rest_route=\/wp\/v2\/product\/4709","targetHints":{"allow":["GET"]}}],"collection":[{"href":"https:\/\/publikationen.zhdk.ch\/index.php?rest_route=\/wp\/v2\/product"}],"about":[{"href":"https:\/\/publikationen.zhdk.ch\/index.php?rest_route=\/wp\/v2\/types\/product"}],"version-history":[{"count":4,"href":"https:\/\/publikationen.zhdk.ch\/index.php?rest_route=\/wp\/v2\/product\/4709\/revisions"}],"predecessor-version":[{"id":6169,"href":"https:\/\/publikationen.zhdk.ch\/index.php?rest_route=\/wp\/v2\/product\/4709\/revisions\/6169"}],"wp:featuredmedia":[{"embeddable":true,"href":"https:\/\/publikationen.zhdk.ch\/index.php?rest_route=\/wp\/v2\/media\/4711"}],"wp:attachment":[{"href":"https:\/\/publikationen.zhdk.ch\/index.php?rest_route=%2Fwp%2Fv2%2Fmedia&parent=4709"}],"wp:term":[{"taxonomy":"product_brand","embeddable":true,"href":"https:\/\/publikationen.zhdk.ch\/index.php?rest_route=%2Fwp%2Fv2%2Fproduct_brand&post=4709"},{"taxonomy":"product_cat","embeddable":true,"href":"https:\/\/publikationen.zhdk.ch\/index.php?rest_route=%2Fwp%2Fv2%2Fproduct_cat&post=4709"},{"taxonomy":"product_tag","embeddable":true,"href":"https:\/\/publikationen.zhdk.ch\/index.php?rest_route=%2Fwp%2Fv2%2Fproduct_tag&post=4709"}],"curies":[{"name":"wp","href":"https:\/\/api.w.org\/{rel}","templated":true}]}}