{"id":4577,"date":"2022-12-13T11:31:45","date_gmt":"2022-12-13T10:31:45","guid":{"rendered":"https:\/\/publikationen.zhdk.ch\/?post_type=product&#038;p=4577"},"modified":"2023-03-28T12:50:02","modified_gmt":"2023-03-28T10:50:02","slug":"mura-kleines-trio-fuer-floete-geige-und-cello","status":"publish","type":"product","link":"https:\/\/publikationen.zhdk.ch\/?product=mura-kleines-trio-fuer-floete-geige-und-cello","title":{"rendered":"Mura. Kleines Trio f\u00fcr Fl\u00f6te, Geige und Cello op. 16 | Erich Schmid (Komponist), Iris Eggenschwiler (Hg.)"},"content":{"rendered":"<p>Erich Schmid (1907 \u2013 2000) setzte sich als Orchesterdirigent, Chorleiter und Hochschullehrer f\u00fcr Urauff\u00fchrungen und Radio\u00fcbertragung zeitgen\u00f6ssischer Musik in der Schweiz ein. Er selbst studierte unter anderem bei Bernhard Sekles, dann bei Arnold Sch\u00f6nberg und folgte in seinen Kompositionen der \u00c4sthetik der Neue Wiener Schule. Die historisch-kritische Erich Schmid Edition ver\u00f6ffentlicht zum ersten Mal alle sechzehn mit Opuszahlen versehenen Werke sowie drei zus\u00e4tzliche Klavierwerke.<\/p>\n<p>Das \u201ekleine Trio f\u00fcr Fl\u00f6te, Geige und Cello\u201c <em>Mura<\/em> von 1955 ist das letzte seiner Werke; die Leitung des Tonhalle-Orchesters Z\u00fcrich, die Schmid seit 1949 innehatte, stand f\u00fcr ihn im Widerstreit zur kompositorischen Arbeit. <em>Mura<\/em> ist abgestimmt auf das spieltechnische Niveau seiner damals 18, 15 und 12 Jahre alten Kinder, denen er das St\u00fcck widmete. In erster Linie eine Komposition f\u00fcr den privaten Gebrauch, \u201aautorisierte\u2018 Schmid sie aber mit einer Opuszahl. Relativ leicht spielbar, erm\u00f6glichen die f\u00fcnf kurzen S\u00e4tze unstudierten Musizierenden die Begegnung mit freier Tonalit\u00e4t bzw. in Falle des Scherzos, das eingerahmt von zwei langsamen und zwei schnellen S\u00e4tzen die Mitte der divertimentoartigen Gro\u00dfform bildet, mit Zw\u00f6lft\u00f6nigkeit.<\/p>\n","protected":false},"excerpt":{"rendered":"<div class=\"cs-pdp-maindetails__edition\"><strong>\u00bbMura\u00ab op. 16<\/strong><br \/>\nI. Allegro moderato (Alla marcia)<br \/>\nII. Sehr langsam<br \/>\nIII. Scherzo (Nicht rasch)<br \/>\nIV. Allegretto (Berceuse)<br \/>\nV. Allegro 30<\/div>\n<div class=\"cs-pdp-maindetails__edition\">Ausgabe: Partitur und Stimmen, inkl. Vorwort, Biographie, Werkgeschichte, Faksimile, Kritischer Bericht<br \/>\nErstausgabe<\/div>\n<div class=\"cs-pdp-series--serieslinks\">Reihe: Erich Schmid Edition, Band XIII<\/div>\n<div><\/div>\n<div>88 Seiten, <span dir=\"auto\"><span dir=\"auto\"> Boosey &amp; Hawkes, Bote &amp; Bock, 2020<br \/>\n<\/span><\/span><\/p>\n<div class=\"word-break layout-column\" role=\"listitem\" aria-hidden=\"false\">\n<div aria-hidden=\"false\"><span dir=\"auto\">ISBN : 978-3-7931-4252-2<br \/>\nISMN : 979-0-2025-3555-4<\/span><\/div>\n<\/div>\n<\/div>\n","protected":false},"featured_media":5502,"template":"","meta":[],"product_brand":[],"product_cat":[1658,155],"product_tag":[301,1654,1652],"class_list":{"0":"post-4577","1":"product","2":"type-product","3":"status-publish","4":"has-post-thumbnail","6":"product_cat-eggenschwiler-iris","7":"product_cat-imr","8":"product_tag-erich-schmid","9":"product_tag-noten","10":"product_tag-zeitgenoessische-musik","12":"first","13":"instock","14":"shipping-taxable","15":"product-type-external"},"_links":{"self":[{"href":"https:\/\/publikationen.zhdk.ch\/index.php?rest_route=\/wp\/v2\/product\/4577","targetHints":{"allow":["GET"]}}],"collection":[{"href":"https:\/\/publikationen.zhdk.ch\/index.php?rest_route=\/wp\/v2\/product"}],"about":[{"href":"https:\/\/publikationen.zhdk.ch\/index.php?rest_route=\/wp\/v2\/types\/product"}],"version-history":[{"count":5,"href":"https:\/\/publikationen.zhdk.ch\/index.php?rest_route=\/wp\/v2\/product\/4577\/revisions"}],"predecessor-version":[{"id":5494,"href":"https:\/\/publikationen.zhdk.ch\/index.php?rest_route=\/wp\/v2\/product\/4577\/revisions\/5494"}],"wp:featuredmedia":[{"embeddable":true,"href":"https:\/\/publikationen.zhdk.ch\/index.php?rest_route=\/wp\/v2\/media\/5502"}],"wp:attachment":[{"href":"https:\/\/publikationen.zhdk.ch\/index.php?rest_route=%2Fwp%2Fv2%2Fmedia&parent=4577"}],"wp:term":[{"taxonomy":"product_brand","embeddable":true,"href":"https:\/\/publikationen.zhdk.ch\/index.php?rest_route=%2Fwp%2Fv2%2Fproduct_brand&post=4577"},{"taxonomy":"product_cat","embeddable":true,"href":"https:\/\/publikationen.zhdk.ch\/index.php?rest_route=%2Fwp%2Fv2%2Fproduct_cat&post=4577"},{"taxonomy":"product_tag","embeddable":true,"href":"https:\/\/publikationen.zhdk.ch\/index.php?rest_route=%2Fwp%2Fv2%2Fproduct_tag&post=4577"}],"curies":[{"name":"wp","href":"https:\/\/api.w.org\/{rel}","templated":true}]}}