{"id":4461,"date":"2021-03-18T16:55:14","date_gmt":"2021-03-18T15:55:14","guid":{"rendered":"https:\/\/publikationen.zhdk.ch\/?post_type=product&#038;p=4461"},"modified":"2023-03-28T12:18:37","modified_gmt":"2023-03-28T10:18:37","slug":"un-learning-ecologies-e-book","status":"publish","type":"product","link":"https:\/\/publikationen.zhdk.ch\/?product=un-learning-ecologies-e-book","title":{"rendered":"Un-Learning Ecologies | Cynthia Gavranic, Janina Krepart, Chantal K\u00fcng, Maren Ziese (eds.) [E-Book PDF]"},"content":{"rendered":"<p>Wie muss eine zukunftsrelevante Kunstvermittlung aussehen, in der alle Generationen Sorge tragen f\u00fcr unseren Planeten? Welche methodischen Herausforderungen und Aktualisierungen stellen sich f\u00fcr eine post-humanistische, emanzipatorische Bildungsarbeit?<\/p>\n<p>Das zweisprachige, partizipatorische Workbook \u00abUn-Learning Ecologies. Kunstvermittlung in der \u00f6kologischen Krise\u00bb soll Kunstvermittler*innen, Kunstp\u00e4dagog*innen, Studierenden, Dozierenden und Lehrer*innen im Bereich Bildnerisches Gestalten ebenso wie Kurator*innen und K\u00fcnstler*innen als offenes, performatives und weiterzuentwickelndes Format dienen, um sich mit der \u00f6kologischen Krise und Kunstvermittlung auseinanderzusetzen. Ausgehend von zeitgen\u00f6ssischen Theorien zu \u00abEcopedagogies\u00bb, kritischer P\u00e4dagogik, transformativer Bildung und \u00abUn-\/Learning\u00bb wurden Handlungsanleitungen und Experimente entwickelt und Vermittlungsprojekte dokumentiert. Fragen von \u00abInterspecies Communication\u00bb und Solidarit\u00e4t, \u00abHydrofeminism\u00bb und \u00abPlant Being\u00bb, sowie \u00abHealing\u00bb und \u00abDecolonizing Nature\u00bb kommen darin ebenso vor wie intergenerationelles Lernen und spekulative Zukunftsszenarien.<\/p>\n<p>ZHdK: Departement Kulturanalysen und Vermittlung, Studiengang Master Art Education, Curatorial Studies &amp; Kunstp\u00e4dagogik<\/p>\n","protected":false},"excerpt":{"rendered":"<p>Workbook Art Education in the Ecological Crisis<\/p>\n<p>Angesichts von Artensterben, Klimawandel und Versch\u00e4rfung der \u00f6kologischen und sozialen Ungleichheit sind Kunstvermittler*innen und Lehrpersonen mit neuen dringlichen Herausforderungen konfrontiert. Wie kann Kunstvermittlung kritische und innovative Beitr\u00e4ge zu einem neuen Verantwortungsbewusstsein und einer entsprechenden Handlungsf\u00e4higkeit leisten?<\/p>\n<p>207 Seiten (PDF), Migros Museum f\u00fcr Gegenwartskunst, Z\u00fcrcher Hochschule der K\u00fcnste, 2021<br \/>\nISBN 978-3-906437-43-9<\/p>\n","protected":false},"featured_media":4472,"template":"","meta":[],"product_brand":[],"product_cat":[141,221,1514,1369,1367,1365,1014,1363],"product_tag":[1370,1372,457,1374],"class_list":{"0":"post-4461","1":"product","2":"type-product","3":"status-publish","4":"has-post-thumbnail","6":"product_cat-iae","7":"product_cat-e-books","8":"product_cat-e-publikationen","9":"product_cat-gavranic-cynthia","10":"product_cat-krepart-janina","11":"product_cat-kueng-chantal","12":"product_cat-open-access","13":"product_cat-ziese-maren","14":"product_tag-art-education","15":"product_tag-ecopedagogies","16":"product_tag-kunstvermittlung","17":"product_tag-oekologie","19":"first","20":"instock","21":"shipping-taxable","22":"product-type-external"},"_links":{"self":[{"href":"https:\/\/publikationen.zhdk.ch\/index.php?rest_route=\/wp\/v2\/product\/4461","targetHints":{"allow":["GET"]}}],"collection":[{"href":"https:\/\/publikationen.zhdk.ch\/index.php?rest_route=\/wp\/v2\/product"}],"about":[{"href":"https:\/\/publikationen.zhdk.ch\/index.php?rest_route=\/wp\/v2\/types\/product"}],"version-history":[{"count":10,"href":"https:\/\/publikationen.zhdk.ch\/index.php?rest_route=\/wp\/v2\/product\/4461\/revisions"}],"predecessor-version":[{"id":4878,"href":"https:\/\/publikationen.zhdk.ch\/index.php?rest_route=\/wp\/v2\/product\/4461\/revisions\/4878"}],"wp:featuredmedia":[{"embeddable":true,"href":"https:\/\/publikationen.zhdk.ch\/index.php?rest_route=\/wp\/v2\/media\/4472"}],"wp:attachment":[{"href":"https:\/\/publikationen.zhdk.ch\/index.php?rest_route=%2Fwp%2Fv2%2Fmedia&parent=4461"}],"wp:term":[{"taxonomy":"product_brand","embeddable":true,"href":"https:\/\/publikationen.zhdk.ch\/index.php?rest_route=%2Fwp%2Fv2%2Fproduct_brand&post=4461"},{"taxonomy":"product_cat","embeddable":true,"href":"https:\/\/publikationen.zhdk.ch\/index.php?rest_route=%2Fwp%2Fv2%2Fproduct_cat&post=4461"},{"taxonomy":"product_tag","embeddable":true,"href":"https:\/\/publikationen.zhdk.ch\/index.php?rest_route=%2Fwp%2Fv2%2Fproduct_tag&post=4461"}],"curies":[{"name":"wp","href":"https:\/\/api.w.org\/{rel}","templated":true}]}}