{"id":4448,"date":"2021-03-08T13:58:49","date_gmt":"2021-03-08T12:58:49","guid":{"rendered":"http:\/\/publikationen.zhdk.ch\/?post_type=product&#038;p=4448"},"modified":"2023-05-22T09:41:16","modified_gmt":"2023-05-22T07:41:16","slug":"non-paper-iii-pdf","status":"publish","type":"product","link":"https:\/\/publikationen.zhdk.ch\/?product=non-paper-iii-pdf","title":{"rendered":"Non-Paper III Narrative Strategien f\u00fcr die Creative Economies | Katharina Nill, Simon Grand, Christoph Weckerle (Hg.) [PDF]"},"content":{"rendered":"<p data-bind=\"text: contentElement().header\">Non-paper f\u00fcr das deutsche Kompetenzzentrum Kultur- und Kreativwirtschaft<\/p>\n<p>Als offizieller Forschungspartner des KKKW (Kompetenzzentrum Kultur- und Kreativwirtschaft des Bundes) hat das\u00a0CreativeEconomies Research Venture 2018 und 2019 eine dreiteilige Serie von Non-Papers erstellt. Diese Non-Papers widmen sich dem aktuellen Stand der Forschung zu wichtigen Ph\u00e4nomenen, Entwicklungen und Kontroversen im Zusammenhang mit den Creative Economies. Der Schwerpunkt liegt dabei auf der globalen Debatte. Die \u00dcbersetzung und Interpretation dieser Non-Papers f\u00fcr den deutschsprachigen Raum wurde gemeinsam mit dem KKKW und in enger Abstimmung mit zahlreichen Akteuren der Creative Economies und weiteren Partnern realisiert.<\/p>\n<p>Non-Paper I: <em>\u00abValue Creation: Creative Economies Perspective\u00bb<\/em><br \/>\nNon Paper II: <em>\u00abUnternehmerische Strategien in den Creative Economies\u00bb \/ Entrepreneurial Strategies in the Creative Economies: XII Beobachtungen \/ 12 Oberservations<\/em><br \/>\nNon-Paper III: <em>\u00abNarrative Strategien f\u00fcr die Creative Economies\u00bb<\/em><\/p>\n<p><span class=\"js-page_title--animation page_title--animation\" aria-hidden=\"true\" data-bind=\"html: title\">ZHdK: Zurich Centre for Creative Economies (ZCCE)<\/span><\/p>\n","protected":false},"excerpt":{"rendered":"<p>Das Non-Paper III diskutiert Narrative Strategien f\u00fcr die Creative Economies, um das Verh\u00e4ltnis von Kultur\/Kunst und Wirtschaft\/\u00d6konomie angemessen zu beschreiben. Mit dieser Fragestellung vertieft es die aus Non-Paper I und II abgeleitete These, dass Standardnarrative wie die \u00abzunehmende \u00d6konomisierung der Kultur- und Kreativwirtschaft \u00bb, die \u00abPrekarisierung der Kulturschaffenden\u00bb, die \u00abKreativwirtschaft als Ressourcen-Pool f\u00fcr die Wirtschaft\u00bb oder die \u00abKreativit\u00e4t als Basis f\u00fcr (technologische) Innovation\u00bb unzureichend sind und nicht l\u00e4nger greifen, um die gegenw\u00e4rtige Rolle der Creative Economies, aber auch ihre unternehmerischen Strategien angemessen zu spiegeln. Was nun w\u00e4re angemessen?<\/p>\n<p>20 Seiten (pdf), CreativeEconomies Research Venture, 2019<\/p>\n","protected":false},"featured_media":4450,"template":"","meta":[],"product_brand":[],"product_cat":[1256,1514,1246,960,1014,1244],"product_tag":[1362,1264,1274],"class_list":{"0":"post-4448","1":"product","2":"type-product","3":"status-publish","4":"has-post-thumbnail","6":"product_cat-creative-economies","7":"product_cat-e-publikationen","8":"product_cat-grand-simon","9":"product_cat-nill-katharina","10":"product_cat-open-access","11":"product_cat-weckerle-christoph","12":"product_tag-creative-economies","13":"product_tag-kreativwirtschaft","14":"product_tag-kulturwirtschaft","16":"first","17":"instock","18":"shipping-taxable","19":"product-type-external"},"_links":{"self":[{"href":"https:\/\/publikationen.zhdk.ch\/index.php?rest_route=\/wp\/v2\/product\/4448","targetHints":{"allow":["GET"]}}],"collection":[{"href":"https:\/\/publikationen.zhdk.ch\/index.php?rest_route=\/wp\/v2\/product"}],"about":[{"href":"https:\/\/publikationen.zhdk.ch\/index.php?rest_route=\/wp\/v2\/types\/product"}],"version-history":[{"count":4,"href":"https:\/\/publikationen.zhdk.ch\/index.php?rest_route=\/wp\/v2\/product\/4448\/revisions"}],"predecessor-version":[{"id":4505,"href":"https:\/\/publikationen.zhdk.ch\/index.php?rest_route=\/wp\/v2\/product\/4448\/revisions\/4505"}],"wp:featuredmedia":[{"embeddable":true,"href":"https:\/\/publikationen.zhdk.ch\/index.php?rest_route=\/wp\/v2\/media\/4450"}],"wp:attachment":[{"href":"https:\/\/publikationen.zhdk.ch\/index.php?rest_route=%2Fwp%2Fv2%2Fmedia&parent=4448"}],"wp:term":[{"taxonomy":"product_brand","embeddable":true,"href":"https:\/\/publikationen.zhdk.ch\/index.php?rest_route=%2Fwp%2Fv2%2Fproduct_brand&post=4448"},{"taxonomy":"product_cat","embeddable":true,"href":"https:\/\/publikationen.zhdk.ch\/index.php?rest_route=%2Fwp%2Fv2%2Fproduct_cat&post=4448"},{"taxonomy":"product_tag","embeddable":true,"href":"https:\/\/publikationen.zhdk.ch\/index.php?rest_route=%2Fwp%2Fv2%2Fproduct_tag&post=4448"}],"curies":[{"name":"wp","href":"https:\/\/api.w.org\/{rel}","templated":true}]}}