{"id":4345,"date":"2021-01-22T17:02:15","date_gmt":"2021-01-22T16:02:15","guid":{"rendered":"http:\/\/publikationen.zhdk.ch\/?post_type=product&#038;p=4345"},"modified":"2023-08-10T13:07:36","modified_gmt":"2023-08-10T11:07:36","slug":"stefi-geyer","status":"publish","type":"product","link":"https:\/\/publikationen.zhdk.ch\/?product=stefi-geyer","title":{"rendered":"Stefi Geyer | Helga Varadi, Dominik Sackmann (Hg.)"},"content":{"rendered":"","protected":false},"excerpt":{"rendered":"<p>Stefi Geyer (1888\u20131956), die aus Ungarn stammende Violinistin, lebte von 1920 bis zu ihrem Tod in Z\u00fcrich. B\u00e9la Bart\u00f3k, Othmar Schoeck und Willy Burkhard schrieben f\u00fcr sie Violinkonzerte. Zum ersten Mal wird ihre gesamte Lebensgeschichte, soweit sich diese rekonstruieren liess, nacherz\u00e4hlt, erg\u00e4nzt um Fotografien und eine Liste s\u00e4mtlicher Konzerte unter ihrer Mitwirkung. Ein gesondertes Kapitel ist der k\u00fcnstlerischen Beziehung zwischen B\u00e9la Bart\u00f3k und Stefi Geyer gewidmet.<br \/>\nDer Band enth\u00e4lt in deutscher \u00dcbersetzung erstmals den gesamten Briefwechsel zwischen Stefi Geyer und B\u00e9la Bart\u00f3k sowie Stefi Geyers Korrespondenz mit der Familie ihres Cousins m\u00fctterlicherseits.<\/p>\n<p><a href=\"https:\/\/publikationen.zhdk.ch\/?product_cat=zuercher-musikstudien\">Z\u00fcrcher Musikstudien<\/a> Band 11<\/p>\n<p>522 Seiten, Peter Lang, 2020<br \/>\nISBN 978-3-0343-3769-4<\/p>\n","protected":false},"featured_media":4360,"template":"","meta":[],"product_brand":[],"product_cat":[155,277,1338,293],"product_tag":[1327,1329,1325,307,1321,1323,1319],"class_list":{"0":"post-4345","1":"product","2":"type-product","3":"status-publish","4":"has-post-thumbnail","6":"product_cat-imr","7":"product_cat-sackmann-dominik","8":"product_cat-varadi-helga","9":"product_cat-zuercher-musikstudien","10":"product_tag-bela-bartok","11":"product_tag-biografie","12":"product_tag-briefe","13":"product_tag-briefedition","14":"product_tag-briefwechsel","15":"product_tag-geigerin","16":"product_tag-stefi-geyer","18":"first","19":"instock","20":"shipping-taxable","21":"product-type-external"},"_links":{"self":[{"href":"https:\/\/publikationen.zhdk.ch\/index.php?rest_route=\/wp\/v2\/product\/4345","targetHints":{"allow":["GET"]}}],"collection":[{"href":"https:\/\/publikationen.zhdk.ch\/index.php?rest_route=\/wp\/v2\/product"}],"about":[{"href":"https:\/\/publikationen.zhdk.ch\/index.php?rest_route=\/wp\/v2\/types\/product"}],"version-history":[{"count":2,"href":"https:\/\/publikationen.zhdk.ch\/index.php?rest_route=\/wp\/v2\/product\/4345\/revisions"}],"predecessor-version":[{"id":6041,"href":"https:\/\/publikationen.zhdk.ch\/index.php?rest_route=\/wp\/v2\/product\/4345\/revisions\/6041"}],"wp:featuredmedia":[{"embeddable":true,"href":"https:\/\/publikationen.zhdk.ch\/index.php?rest_route=\/wp\/v2\/media\/4360"}],"wp:attachment":[{"href":"https:\/\/publikationen.zhdk.ch\/index.php?rest_route=%2Fwp%2Fv2%2Fmedia&parent=4345"}],"wp:term":[{"taxonomy":"product_brand","embeddable":true,"href":"https:\/\/publikationen.zhdk.ch\/index.php?rest_route=%2Fwp%2Fv2%2Fproduct_brand&post=4345"},{"taxonomy":"product_cat","embeddable":true,"href":"https:\/\/publikationen.zhdk.ch\/index.php?rest_route=%2Fwp%2Fv2%2Fproduct_cat&post=4345"},{"taxonomy":"product_tag","embeddable":true,"href":"https:\/\/publikationen.zhdk.ch\/index.php?rest_route=%2Fwp%2Fv2%2Fproduct_tag&post=4345"}],"curies":[{"name":"wp","href":"https:\/\/api.w.org\/{rel}","templated":true}]}}