{"id":4323,"date":"2020-11-06T13:51:35","date_gmt":"2020-11-06T12:51:35","guid":{"rendered":"http:\/\/publikationen.zhdk.ch\/?post_type=product&#038;p=4323"},"modified":"2023-08-10T11:08:29","modified_gmt":"2023-08-10T09:08:29","slug":"performative-sammlungen-ebook","status":"publish","type":"product","link":"https:\/\/publikationen.zhdk.ch\/?product=performative-sammlungen-ebook","title":{"rendered":"Performative Sammlungen | Stefanie Lorey [E-Book PDF]"},"content":{"rendered":"<p>Stefanie Lorey leitet den Studiengang Theaterregie an der Z\u00fcrcher Hochschule der K\u00fcnste. Sie hat in Gie\u00dfen Angewandte Theaterwissenschaft studiert und war Stipendiatin im Dorothea-Erxleben Programm der Hochschule f\u00fcr Bildende K\u00fcnste in Braunschweig sowie im k\u00fcnstlerisch-wissenschaftlichen Graduiertenkolleg \u00bbVersammlung und Teilhabe. Urbane \u00d6ffentlichkeiten und performative K\u00fcnste\u00ab in Hamburg. Seit 2001 realisiert sie zusammen mit Bj\u00f6rn Auftrag unter dem Label \u00bbAuftrag : Lorey\u00ab Projekte, die sich an der Grenze zwischen Theater, Performance und installativer Kunst bewegen.<\/p>\n","protected":false},"excerpt":{"rendered":"<p>Begriffsbestimmung eines neuen k\u00fcnstlerischen Formats<\/p>\n<p>In ihrer k\u00fcnstlerisch-wissenschaftlichen Studie untersucht Stefanie Lorey erstmalig Methoden des Sammelns und Ordnens unter der Pr\u00e4misse performativer Handlungs- und Pr\u00e4sentationformen. Vor dem Hintergrund einer eigenen langj\u00e4hrigen k\u00fcnstlerischen Biographie, die sich durch diverse performative Sammlungsformate auszeichnet, fordert und formuliert sie \u2013 als Erweiterung bereits vorhandener Attributionen in der Bildenden Kunst \u2013 eine neue k\u00fcnstlerische Kategorie: die performative Sammlung. Definition, Beschreibung und Ausf\u00fchrungen dieser neuen Kategorie bilden die Grundlage dieser Arbeit.<\/p>\n<p><a href=\"https:\/\/publikationen.zhdk.ch\/?product_cat=subtexte\">subTexte<\/a> 21<\/p>\n<p>170 Seiten (PDF), transcript, 2020<br \/>\nISBN\u00a0<span class=\"entry--content\" data-flyer=\"isbn\">978-3-8394-5239-4<\/span><\/p>\n","protected":false},"featured_media":4317,"template":"","meta":[],"product_brand":[],"product_cat":[221,1514,1313,157,569],"product_tag":[481,1307,1299,627,1309,459,1311,1297,1293,1295,1303,1301,473,1305],"class_list":{"0":"post-4323","1":"product","2":"type-product","3":"status-publish","4":"has-post-thumbnail","6":"product_cat-e-books","7":"product_cat-e-publikationen","8":"product_cat-lorey-stefanie","9":"product_cat-ipf","10":"product_cat-subtexte","11":"product_tag-bildende-kunst","12":"product_tag-europaeische-kunst","13":"product_tag-klassifikation","14":"product_tag-kunst","15":"product_tag-kunsttheorie","16":"product_tag-museum","17":"product_tag-museumswissenschaft","18":"product_tag-ordnung","19":"product_tag-performancetheorie","20":"product_tag-sammlung","21":"product_tag-sammlungsformen","22":"product_tag-serielle-fotografie","23":"product_tag-theater","24":"product_tag-theaterwissenschaft","26":"first","27":"instock","28":"shipping-taxable","29":"product-type-external"},"_links":{"self":[{"href":"https:\/\/publikationen.zhdk.ch\/index.php?rest_route=\/wp\/v2\/product\/4323","targetHints":{"allow":["GET"]}}],"collection":[{"href":"https:\/\/publikationen.zhdk.ch\/index.php?rest_route=\/wp\/v2\/product"}],"about":[{"href":"https:\/\/publikationen.zhdk.ch\/index.php?rest_route=\/wp\/v2\/types\/product"}],"version-history":[{"count":3,"href":"https:\/\/publikationen.zhdk.ch\/index.php?rest_route=\/wp\/v2\/product\/4323\/revisions"}],"predecessor-version":[{"id":5983,"href":"https:\/\/publikationen.zhdk.ch\/index.php?rest_route=\/wp\/v2\/product\/4323\/revisions\/5983"}],"wp:featuredmedia":[{"embeddable":true,"href":"https:\/\/publikationen.zhdk.ch\/index.php?rest_route=\/wp\/v2\/media\/4317"}],"wp:attachment":[{"href":"https:\/\/publikationen.zhdk.ch\/index.php?rest_route=%2Fwp%2Fv2%2Fmedia&parent=4323"}],"wp:term":[{"taxonomy":"product_brand","embeddable":true,"href":"https:\/\/publikationen.zhdk.ch\/index.php?rest_route=%2Fwp%2Fv2%2Fproduct_brand&post=4323"},{"taxonomy":"product_cat","embeddable":true,"href":"https:\/\/publikationen.zhdk.ch\/index.php?rest_route=%2Fwp%2Fv2%2Fproduct_cat&post=4323"},{"taxonomy":"product_tag","embeddable":true,"href":"https:\/\/publikationen.zhdk.ch\/index.php?rest_route=%2Fwp%2Fv2%2Fproduct_tag&post=4323"}],"curies":[{"name":"wp","href":"https:\/\/api.w.org\/{rel}","templated":true}]}}