{"id":4298,"date":"2020-09-29T12:01:30","date_gmt":"2020-09-29T10:01:30","guid":{"rendered":"http:\/\/publikationen.zhdk.ch\/?post_type=product&#038;p=4298"},"modified":"2023-08-10T13:24:56","modified_gmt":"2023-08-10T11:24:56","slug":"unternehmerische-strategien-fuer-eine-positive-oekonomie","status":"publish","type":"product","link":"https:\/\/publikationen.zhdk.ch\/?product=unternehmerische-strategien-fuer-eine-positive-oekonomie","title":{"rendered":"Unternehmerische Strategien f\u00fcr eine &#171;positive \u00d6konomie&#187; | Janine Schiller (Hg.) [PDF]"},"content":{"rendered":"<p>Co-Kuratoren: Christoph Weckerle, Simon Grand<br \/>\nMitwirkende: Fr\u00e9d\u00e9ric Martel, Roman Page, Fabienne Schmuki<br \/>\nHerausgeber: Janine Schiller<br \/>\nGrafiken: Lea Pfister, Ursina Landolt<\/p>\n<p>ZHdK: Zurich Centre for Creative Economies (ZCCE)<\/p>\n","protected":false},"excerpt":{"rendered":"<p data-bind=\"html: title\">Creative Economies Report Switzerland 2018<\/p>\n<p>Der vorliegende Bericht untersucht die Dynamik der Schweizer Creative Economies. Basierend auf Analysen, Zahlen und Fakten, Portr\u00e4ts und Mappings zeichnet er ein facettenreiches Bild jenseits von Schlagw\u00f6rtern wie \u00abBusiness\u00bb und \u00abKreativit\u00e4t\u00bb und tr\u00e4gt somit zum Verst\u00e4ndnis neu entstehender Gesch\u00e4ftsmodelle bei.<\/p>\n<p><a href=\"https:\/\/publikationen.zhdk.ch\/?product_cat=creative-economies-reports\">Creative Economies Report<\/a> 2018<\/p>\n<p>95 Seiten (PDF), Z\u00fcrcher Hochschule der K\u00fcnste, 2018<\/p>\n<p>&nbsp;<\/p>\n","protected":false},"featured_media":4300,"template":"","meta":[],"product_brand":[],"product_cat":[1256,1242,1258,221,1514,1246,1266,1014,1252,958,1268,1244],"product_tag":[1264,1274,1262],"class_list":{"0":"post-4298","1":"product","2":"type-product","3":"status-publish","4":"has-post-thumbnail","6":"product_cat-creative-economies","7":"product_cat-creative-economies-reports","8":"product_cat-cultural-analysis","9":"product_cat-e-books","10":"product_cat-e-publikationen","11":"product_cat-grand-simon","12":"product_cat-martel-frederic","13":"product_cat-open-access","14":"product_cat-page-roman","15":"product_cat-schiller-janine","16":"product_cat-schmuki-fabienne","17":"product_cat-weckerle-christoph","18":"product_tag-kreativwirtschaft","19":"product_tag-kulturwirtschaft","20":"product_tag-wirtschaft","22":"first","23":"instock","24":"shipping-taxable","25":"product-type-external"},"_links":{"self":[{"href":"https:\/\/publikationen.zhdk.ch\/index.php?rest_route=\/wp\/v2\/product\/4298","targetHints":{"allow":["GET"]}}],"collection":[{"href":"https:\/\/publikationen.zhdk.ch\/index.php?rest_route=\/wp\/v2\/product"}],"about":[{"href":"https:\/\/publikationen.zhdk.ch\/index.php?rest_route=\/wp\/v2\/types\/product"}],"version-history":[{"count":6,"href":"https:\/\/publikationen.zhdk.ch\/index.php?rest_route=\/wp\/v2\/product\/4298\/revisions"}],"predecessor-version":[{"id":6093,"href":"https:\/\/publikationen.zhdk.ch\/index.php?rest_route=\/wp\/v2\/product\/4298\/revisions\/6093"}],"wp:featuredmedia":[{"embeddable":true,"href":"https:\/\/publikationen.zhdk.ch\/index.php?rest_route=\/wp\/v2\/media\/4300"}],"wp:attachment":[{"href":"https:\/\/publikationen.zhdk.ch\/index.php?rest_route=%2Fwp%2Fv2%2Fmedia&parent=4298"}],"wp:term":[{"taxonomy":"product_brand","embeddable":true,"href":"https:\/\/publikationen.zhdk.ch\/index.php?rest_route=%2Fwp%2Fv2%2Fproduct_brand&post=4298"},{"taxonomy":"product_cat","embeddable":true,"href":"https:\/\/publikationen.zhdk.ch\/index.php?rest_route=%2Fwp%2Fv2%2Fproduct_cat&post=4298"},{"taxonomy":"product_tag","embeddable":true,"href":"https:\/\/publikationen.zhdk.ch\/index.php?rest_route=%2Fwp%2Fv2%2Fproduct_tag&post=4298"}],"curies":[{"name":"wp","href":"https:\/\/api.w.org\/{rel}","templated":true}]}}