{"id":4268,"date":"2020-09-29T09:49:00","date_gmt":"2020-09-29T07:49:00","guid":{"rendered":"http:\/\/publikationen.zhdk.ch\/?post_type=product&#038;p=4268"},"modified":"2023-08-10T13:28:56","modified_gmt":"2023-08-10T11:28:56","slug":"kreativwirtschaftsbericht-2008","status":"publish","type":"product","link":"https:\/\/publikationen.zhdk.ch\/?product=kreativwirtschaftsbericht-2008","title":{"rendered":"2. Kreativwirtschaftsbericht Z\u00fcrich (2008) | Michael S\u00f6ndermann, Christoph Weckerle [PDF]"},"content":{"rendered":"<p>ZHdK: Zurich Centre for Creative Economies (ZCCE)<\/p>\n","protected":false},"excerpt":{"rendered":"<p>Als 2003 der erste Kulturwirtschaftsbericht f\u00fcr die Schweiz ver\u00f6ffentlicht wurde, entstand ein neues, bemerkenswertes Bewusstsein: F\u00fcr die kulturelle Vielfalt der Schweiz war der staatlich finanzierte Sektor ebenso wichtig wie der kommerzielle.<\/p>\n<p>Um ein besseres Verst\u00e4ndnis f\u00fcr die Rolle Z\u00fcrichs innerhalb der kulturellen Vielfalt der Schweiz zu gewinnen, wurden drei Kreativwirtschaftsberichte in Folge (2005, 2008, 2010) mit dem Schwerpunkt Z\u00fcrich ver\u00f6ffentlicht. Sie enthalten Daten und Fakten \u00fcber die wirtschaftlichen Auswirkungen der Kultur- und Kreativwirtschaft auf den Grossraum Z\u00fcrich sowie spezifische Charakteristika der Branche.<\/p>\n<p><a href=\"https:\/\/publikationen.zhdk.ch\/?product_cat=creative-economies-reports\">Creative Economies Reports<\/a><br \/>\n77 Seiten (PDF), Z\u00fcrcher Hochschule der K\u00fcnste, 2008<\/p>\n<p>&nbsp;<\/p>\n","protected":false},"featured_media":4274,"template":"","meta":[],"product_brand":[],"product_cat":[1256,1242,1258,221,1514,1014,1272,1244],"product_tag":[1264,1274,1262,1276],"class_list":{"0":"post-4268","1":"product","2":"type-product","3":"status-publish","4":"has-post-thumbnail","6":"product_cat-creative-economies","7":"product_cat-creative-economies-reports","8":"product_cat-cultural-analysis","9":"product_cat-e-books","10":"product_cat-e-publikationen","11":"product_cat-open-access","12":"product_cat-soendermann-michael","13":"product_cat-weckerle-christoph","14":"product_tag-kreativwirtschaft","15":"product_tag-kulturwirtschaft","16":"product_tag-wirtschaft","17":"product_tag-zuerich","19":"first","20":"instock","21":"shipping-taxable","22":"product-type-external"},"_links":{"self":[{"href":"https:\/\/publikationen.zhdk.ch\/index.php?rest_route=\/wp\/v2\/product\/4268","targetHints":{"allow":["GET"]}}],"collection":[{"href":"https:\/\/publikationen.zhdk.ch\/index.php?rest_route=\/wp\/v2\/product"}],"about":[{"href":"https:\/\/publikationen.zhdk.ch\/index.php?rest_route=\/wp\/v2\/types\/product"}],"version-history":[{"count":6,"href":"https:\/\/publikationen.zhdk.ch\/index.php?rest_route=\/wp\/v2\/product\/4268\/revisions"}],"predecessor-version":[{"id":6099,"href":"https:\/\/publikationen.zhdk.ch\/index.php?rest_route=\/wp\/v2\/product\/4268\/revisions\/6099"}],"wp:featuredmedia":[{"embeddable":true,"href":"https:\/\/publikationen.zhdk.ch\/index.php?rest_route=\/wp\/v2\/media\/4274"}],"wp:attachment":[{"href":"https:\/\/publikationen.zhdk.ch\/index.php?rest_route=%2Fwp%2Fv2%2Fmedia&parent=4268"}],"wp:term":[{"taxonomy":"product_brand","embeddable":true,"href":"https:\/\/publikationen.zhdk.ch\/index.php?rest_route=%2Fwp%2Fv2%2Fproduct_brand&post=4268"},{"taxonomy":"product_cat","embeddable":true,"href":"https:\/\/publikationen.zhdk.ch\/index.php?rest_route=%2Fwp%2Fv2%2Fproduct_cat&post=4268"},{"taxonomy":"product_tag","embeddable":true,"href":"https:\/\/publikationen.zhdk.ch\/index.php?rest_route=%2Fwp%2Fv2%2Fproduct_tag&post=4268"}],"curies":[{"name":"wp","href":"https:\/\/api.w.org\/{rel}","templated":true}]}}