{"id":4244,"date":"2020-09-26T09:36:00","date_gmt":"2020-09-26T07:36:00","guid":{"rendered":"http:\/\/publikationen.zhdk.ch\/?post_type=product&#038;p=4244"},"modified":"2023-08-10T13:25:31","modified_gmt":"2023-08-10T11:25:31","slug":"kreativwirtschaftsbericht-2016","status":"publish","type":"product","link":"https:\/\/publikationen.zhdk.ch\/?product=kreativwirtschaftsbericht-2016","title":{"rendered":"Von der Kreativwirtschaft zu den Creative Economies | Christoph Weckerle, Roman Page, Simon Grand [PDF]"},"content":{"rendered":"<p>ZHdK: Zurich Centre for Creative Economies (ZCCE)<\/p>\n","protected":false},"excerpt":{"rendered":"<p data-bind=\"html: title\">Kreativwirtschaftsbericht [4] Schweiz 2016<\/p>\n<p>Der Bericht liefert neue Ans\u00e4tze zur Kreativwirtschaft zu den Creative Economies in der Schweiz entlang definierter Teilm\u00e4rkte der Creative Industries. Zudem fokussiert er auf nationale und globale Schl\u00fcsselthemen wie Wertsch\u00f6pfung, Formen der Zusammenarbeit, Schaffensprozesse, Praktiken und Prozesse der beteiligten Akteure.<\/p>\n<p><a href=\"https:\/\/publikationen.zhdk.ch\/?product_cat=creative-economies-reports\">Creative Economies Report<\/a> 2016<\/p>\n<p>84 Seiten (PDF), Z\u00fcrcher Hochschule der K\u00fcnste, 2016<\/p>\n<p>&nbsp;<\/p>\n","protected":false},"featured_media":4246,"template":"","meta":[],"product_brand":[],"product_cat":[1256,1242,1258,221,1514,1246,1014,1252,1244],"product_tag":[1264,1274,1262],"class_list":{"0":"post-4244","1":"product","2":"type-product","3":"status-publish","4":"has-post-thumbnail","6":"product_cat-creative-economies","7":"product_cat-creative-economies-reports","8":"product_cat-cultural-analysis","9":"product_cat-e-books","10":"product_cat-e-publikationen","11":"product_cat-grand-simon","12":"product_cat-open-access","13":"product_cat-page-roman","14":"product_cat-weckerle-christoph","15":"product_tag-kreativwirtschaft","16":"product_tag-kulturwirtschaft","17":"product_tag-wirtschaft","19":"first","20":"instock","21":"shipping-taxable","22":"product-type-external"},"_links":{"self":[{"href":"https:\/\/publikationen.zhdk.ch\/index.php?rest_route=\/wp\/v2\/product\/4244","targetHints":{"allow":["GET"]}}],"collection":[{"href":"https:\/\/publikationen.zhdk.ch\/index.php?rest_route=\/wp\/v2\/product"}],"about":[{"href":"https:\/\/publikationen.zhdk.ch\/index.php?rest_route=\/wp\/v2\/types\/product"}],"version-history":[{"count":5,"href":"https:\/\/publikationen.zhdk.ch\/index.php?rest_route=\/wp\/v2\/product\/4244\/revisions"}],"predecessor-version":[{"id":6095,"href":"https:\/\/publikationen.zhdk.ch\/index.php?rest_route=\/wp\/v2\/product\/4244\/revisions\/6095"}],"wp:featuredmedia":[{"embeddable":true,"href":"https:\/\/publikationen.zhdk.ch\/index.php?rest_route=\/wp\/v2\/media\/4246"}],"wp:attachment":[{"href":"https:\/\/publikationen.zhdk.ch\/index.php?rest_route=%2Fwp%2Fv2%2Fmedia&parent=4244"}],"wp:term":[{"taxonomy":"product_brand","embeddable":true,"href":"https:\/\/publikationen.zhdk.ch\/index.php?rest_route=%2Fwp%2Fv2%2Fproduct_brand&post=4244"},{"taxonomy":"product_cat","embeddable":true,"href":"https:\/\/publikationen.zhdk.ch\/index.php?rest_route=%2Fwp%2Fv2%2Fproduct_cat&post=4244"},{"taxonomy":"product_tag","embeddable":true,"href":"https:\/\/publikationen.zhdk.ch\/index.php?rest_route=%2Fwp%2Fv2%2Fproduct_tag&post=4244"}],"curies":[{"name":"wp","href":"https:\/\/api.w.org\/{rel}","templated":true}]}}