{"id":4137,"date":"2020-03-13T11:25:55","date_gmt":"2020-03-13T10:25:55","guid":{"rendered":"http:\/\/publikationen.zhdk.ch\/?post_type=product&#038;p=4137"},"modified":"2023-02-06T15:28:55","modified_gmt":"2023-02-06T14:28:55","slug":"art-self-system","status":"publish","type":"product","link":"https:\/\/publikationen.zhdk.ch\/?product=art-self-system","title":{"rendered":"Art, Self &amp; System | Donatella Bernardi (ed.)"},"content":{"rendered":"<p>This book arises from the 2018 activities of the MA Fine Arts program at the Zurich University of the Arts (ZHdK). It reflects the conviction that an art school can be a pedagogic nexus dedicated to the transmission of knowledge, experimentation, and research, as much as a locus for civic and critical debate and exhibition, involved in its community, locally and globally.<\/p>\n<p>Contributions by <span class=\"attribute-value\">Jeremy Ayer, Velibor Barisic, Donatella Bernardi, Amos Bollag, Katharina Brandl, Clifford E. Bruckmann, Philip Frowein, D\u00e9sir\u00e9e Myriam Gnaba, No\u00eblle Guidon, Adrian Hanselmann, Vaness\u00e0 Heer, Dijan Kahrimanovic, Maya Lama, Matthias Liechti, Romain Mader, Marisa Meier, Javor Milanov, Gioia Dal Molin, Fidel Morf, Angi Nend, Dominic Neuwirth, Elodie Pong, Dorothree Richter, Evan Ruetsch, Nils R\u00f6ller, Antonio Scarponi, Christoph Schifferli, Aur\u00e9lie Strumans, Raphael Stucky, Claudia St\u00f6ckli, Jan Vorisek<\/span><\/p>\n","protected":false},"excerpt":{"rendered":"<p>MA Fine Arts ZHdK Graduates 2018<\/p>\n<p>The artist as entrepreneur has become a common topic of discussion. Here, however, we put forward the notions of \u201cself\u201d and \u201csystem.\u201d First, every artistic practice is self-reflexive and self-contextualizing. Second, each system an artist builds allows for innovation. Let\u2019s construct a space where we inevitably find ourselves together with others, even if we feel lonely, like a witch lost in a library of artists\u2019 books. Let\u2019s invent our right to do so. Let\u2019s enter the world of smell and write about a megalomaniac art school while documenting a generation of art students and their studios with analogue photography. How does anyone even manage\u2014from making objects to performing one\u2019s own existence? Device, organon, animal.<\/p>\n<p>328 pages, Sternberg Press, 2019<br \/>\nISBN 978-3-956794-88-9<\/p>\n<p>&nbsp;<\/p>\n","protected":false},"featured_media":4139,"template":"","meta":[],"product_brand":[],"product_cat":[984,1336,871],"product_tag":[1193,1189,1191],"class_list":{"0":"post-4137","1":"product","2":"type-product","3":"status-publish","4":"has-post-thumbnail","6":"product_cat-bernardi-donatella","7":"product_cat-fine-arts","8":"product_cat-zhdk","9":"product_tag-fine-arts","10":"product_tag-kunsthochschule","11":"product_tag-paedagogik","13":"first","14":"instock","15":"shipping-taxable","16":"product-type-external"},"_links":{"self":[{"href":"https:\/\/publikationen.zhdk.ch\/index.php?rest_route=\/wp\/v2\/product\/4137","targetHints":{"allow":["GET"]}}],"collection":[{"href":"https:\/\/publikationen.zhdk.ch\/index.php?rest_route=\/wp\/v2\/product"}],"about":[{"href":"https:\/\/publikationen.zhdk.ch\/index.php?rest_route=\/wp\/v2\/types\/product"}],"version-history":[{"count":2,"href":"https:\/\/publikationen.zhdk.ch\/index.php?rest_route=\/wp\/v2\/product\/4137\/revisions"}],"predecessor-version":[{"id":4573,"href":"https:\/\/publikationen.zhdk.ch\/index.php?rest_route=\/wp\/v2\/product\/4137\/revisions\/4573"}],"wp:featuredmedia":[{"embeddable":true,"href":"https:\/\/publikationen.zhdk.ch\/index.php?rest_route=\/wp\/v2\/media\/4139"}],"wp:attachment":[{"href":"https:\/\/publikationen.zhdk.ch\/index.php?rest_route=%2Fwp%2Fv2%2Fmedia&parent=4137"}],"wp:term":[{"taxonomy":"product_brand","embeddable":true,"href":"https:\/\/publikationen.zhdk.ch\/index.php?rest_route=%2Fwp%2Fv2%2Fproduct_brand&post=4137"},{"taxonomy":"product_cat","embeddable":true,"href":"https:\/\/publikationen.zhdk.ch\/index.php?rest_route=%2Fwp%2Fv2%2Fproduct_cat&post=4137"},{"taxonomy":"product_tag","embeddable":true,"href":"https:\/\/publikationen.zhdk.ch\/index.php?rest_route=%2Fwp%2Fv2%2Fproduct_tag&post=4137"}],"curies":[{"name":"wp","href":"https:\/\/api.w.org\/{rel}","templated":true}]}}