{"id":4101,"date":"2020-03-02T16:42:38","date_gmt":"2020-03-02T15:42:38","guid":{"rendered":"http:\/\/publikationen.zhdk.ch\/?post_type=product&#038;p=4101"},"modified":"2022-04-20T15:56:49","modified_gmt":"2022-04-20T13:56:49","slug":"freilichttheater-2009","status":"publish","type":"product","link":"https:\/\/publikationen.zhdk.ch\/?product=freilichttheater-2009","title":{"rendered":"Freilichttheater 2009\/10 | Silke Andris, Karin Gimmi, Liliana Heimberg, Dieter Ringli, Yvonne Schmidt"},"content":{"rendered":"<p>ZHdK: Institute for the Performing Arts and Film (IPF)<\/p>\n","protected":false},"excerpt":{"rendered":"<p>Untersuchungen zur \u00c4sthetik des Freilichttheaters mit nicht professionellen Darstellenden in der deutschsprachigen Schweiz<\/p>\n<p>Bericht zum SNF\/DORE-Forschungsprojekt<\/p>\n<p>Die vorliegende Studie untersucht das Freilichttheater als m\u00f6glicher Tr\u00e4ger immateriellen Kulturerbes und beleuchtet das Spannungsfeld zwischen \u00e4sthetischer Experimentierlust und (lokalen) Traditionen.<br \/>\nDie kulturanthropologische Studie (Teilprojekt 2) erfolgte in Kooperation mit der Schweizerischen Gesellschaft fur Volkskunde sowie mit dem Seminar fur Kulturwissenschaft und Europ\u00e4ische Ethnologie der Universit\u00e4t Basel.<\/p>\n<p>315 Seiten (PDF), ZHdK Institute for the Performing Arts and Film, 2011<\/p>\n","protected":false},"featured_media":4109,"template":"","meta":[],"product_brand":[],"product_cat":[599,221,601,571,1014,157,603,427],"product_tag":[611,613,615],"class_list":{"0":"post-4101","1":"product","2":"type-product","3":"status-publish","4":"has-post-thumbnail","6":"product_cat-andris-silke","7":"product_cat-e-books","8":"product_cat-gimmi-karin","9":"product_cat-heimberg-liliana","10":"product_cat-open-access","11":"product_cat-ipf","12":"product_cat-ringli-dieter","13":"product_cat-schmidt-yvonne","14":"product_tag-freilichttheater","15":"product_tag-laientheater","16":"product_tag-theaterspiel","18":"first","19":"instock","20":"shipping-taxable","21":"product-type-external"},"_links":{"self":[{"href":"https:\/\/publikationen.zhdk.ch\/index.php?rest_route=\/wp\/v2\/product\/4101","targetHints":{"allow":["GET"]}}],"collection":[{"href":"https:\/\/publikationen.zhdk.ch\/index.php?rest_route=\/wp\/v2\/product"}],"about":[{"href":"https:\/\/publikationen.zhdk.ch\/index.php?rest_route=\/wp\/v2\/types\/product"}],"version-history":[{"count":1,"href":"https:\/\/publikationen.zhdk.ch\/index.php?rest_route=\/wp\/v2\/product\/4101\/revisions"}],"predecessor-version":[{"id":4105,"href":"https:\/\/publikationen.zhdk.ch\/index.php?rest_route=\/wp\/v2\/product\/4101\/revisions\/4105"}],"wp:featuredmedia":[{"embeddable":true,"href":"https:\/\/publikationen.zhdk.ch\/index.php?rest_route=\/wp\/v2\/media\/4109"}],"wp:attachment":[{"href":"https:\/\/publikationen.zhdk.ch\/index.php?rest_route=%2Fwp%2Fv2%2Fmedia&parent=4101"}],"wp:term":[{"taxonomy":"product_brand","embeddable":true,"href":"https:\/\/publikationen.zhdk.ch\/index.php?rest_route=%2Fwp%2Fv2%2Fproduct_brand&post=4101"},{"taxonomy":"product_cat","embeddable":true,"href":"https:\/\/publikationen.zhdk.ch\/index.php?rest_route=%2Fwp%2Fv2%2Fproduct_cat&post=4101"},{"taxonomy":"product_tag","embeddable":true,"href":"https:\/\/publikationen.zhdk.ch\/index.php?rest_route=%2Fwp%2Fv2%2Fproduct_tag&post=4101"}],"curies":[{"name":"wp","href":"https:\/\/api.w.org\/{rel}","templated":true}]}}