{"id":4063,"date":"2020-03-02T10:46:33","date_gmt":"2020-03-02T09:46:33","guid":{"rendered":"http:\/\/publikationen.zhdk.ch\/?post_type=product&#038;p=4063"},"modified":"2023-08-10T13:32:32","modified_gmt":"2023-08-10T11:32:32","slug":"manifest-der-kuenstlerischen-forschung-ebook","status":"publish","type":"product","link":"https:\/\/publikationen.zhdk.ch\/?product=manifest-der-kuenstlerischen-forschung-ebook","title":{"rendered":"Manifest der K\u00fcnstlerischen Forschung | Silvia Henke, Dieter Mersch (et al.) [E-Book PDF]"},"content":{"rendered":"<p>Versetzt mit &#171;Bildst\u00fccken&#187; &#8211; Deklination einer Collage von Sabine Hertig (2019)<br \/>\nAutor*innen: Silvia Henke, Dieter Mersch, Nicolaj van der Meulen, Thomas Str\u00e4ssle, J\u00f6rg Wiesel<\/p>\n<p>ZHdK: Institut f\u00fcr Theorie (ith)<\/p>\n","protected":false},"excerpt":{"rendered":"<p>Eine Verteidigung gegen ihre Verfechter<\/p>\n<p>Seit ihren Anf\u00e4ngen in den 1990er Jahren hat sich &#171;k\u00fcnstlerische Forschung&#187; als ein neues bildungs- und institutionenpolitisches wie auch \u00e4sthetisch-kunsttheoretisches Format etabliert. Inzwischen ist sie auf fast alle k\u00fcnstlerischen Felder diffundiert: von der Installationskunst \u00fcber experimentelle Formate bis zur zeitgen\u00f6ssischen Musik, der Literatur oder Tanz- und Performancekunst. Doch steht sie seit ihrem Beginn &#8211; etikettiert unter Labels wie &#171;Kunst und Wissenschaft&#187; oder &#171;Scienceart&#187; und &#171;Artscience&#187;, die beide in einem Atemzug miteinander verbindet &#8211; im Wettstreit mit der akademischen Forschung, ohne dass ihr eigener Forschungsbegriff angemessen gekl\u00e4rt w\u00e4re. Das Manifest unternimmt den Versuch, Kl\u00e4rung zu schaffen und den Begriff, die Potenziale und Radikalit\u00e4t einer forschenden Kunst gegen diejenigen zu verteidigen, die allzu vorsichtig mit universit\u00e4ren Formaten lieb\u00e4ugeln und sie an wissenschaftliche Prinzipien anschlie\u00dfen wollen. Vielmehr geht es darum, die Eigenst\u00e4ndigkeit und besondere Intellektualit\u00e4t \u00e4sthetischen Forschens herauszustreichen, ohne Legitimit\u00e4tszw\u00e4ngen zu gen\u00fcgen und fremde Ma\u00dfst\u00e4be anzulegen.<\/p>\n<p>Reihe <a href=\"https:\/\/publikationen.zhdk.ch\/?product_cat=denkt-kunst\">Denkt Kunst<\/a><\/p>\n<p>64 Seiten (PDF), Diaphanes, 2020<br \/>\nISBN 978-3-0-3580290-0<\/p>\n<p>&nbsp;<\/p>\n","protected":false},"featured_media":4057,"template":"","meta":[],"product_brand":[],"product_cat":[149,291,221,1514,1183,245,1014,1185,1181,1187],"product_tag":[861],"class_list":{"0":"post-4063","1":"product","2":"type-product","3":"status-publish","4":"has-post-thumbnail","6":"product_cat-ith","7":"product_cat-denkt-kunst","8":"product_cat-e-books","9":"product_cat-e-publikationen","10":"product_cat-henke-silvia","11":"product_cat-mersch-dieter","12":"product_cat-open-access","13":"product_cat-straessle-thomas","14":"product_cat-van-der-meulen-nicolaj","15":"product_cat-weisel-joerg","16":"product_tag-kuenstlerische-forschung","18":"first","19":"instock","20":"shipping-taxable","21":"product-type-external"},"_links":{"self":[{"href":"https:\/\/publikationen.zhdk.ch\/index.php?rest_route=\/wp\/v2\/product\/4063","targetHints":{"allow":["GET"]}}],"collection":[{"href":"https:\/\/publikationen.zhdk.ch\/index.php?rest_route=\/wp\/v2\/product"}],"about":[{"href":"https:\/\/publikationen.zhdk.ch\/index.php?rest_route=\/wp\/v2\/types\/product"}],"version-history":[{"count":3,"href":"https:\/\/publikationen.zhdk.ch\/index.php?rest_route=\/wp\/v2\/product\/4063\/revisions"}],"predecessor-version":[{"id":6107,"href":"https:\/\/publikationen.zhdk.ch\/index.php?rest_route=\/wp\/v2\/product\/4063\/revisions\/6107"}],"wp:featuredmedia":[{"embeddable":true,"href":"https:\/\/publikationen.zhdk.ch\/index.php?rest_route=\/wp\/v2\/media\/4057"}],"wp:attachment":[{"href":"https:\/\/publikationen.zhdk.ch\/index.php?rest_route=%2Fwp%2Fv2%2Fmedia&parent=4063"}],"wp:term":[{"taxonomy":"product_brand","embeddable":true,"href":"https:\/\/publikationen.zhdk.ch\/index.php?rest_route=%2Fwp%2Fv2%2Fproduct_brand&post=4063"},{"taxonomy":"product_cat","embeddable":true,"href":"https:\/\/publikationen.zhdk.ch\/index.php?rest_route=%2Fwp%2Fv2%2Fproduct_cat&post=4063"},{"taxonomy":"product_tag","embeddable":true,"href":"https:\/\/publikationen.zhdk.ch\/index.php?rest_route=%2Fwp%2Fv2%2Fproduct_tag&post=4063"}],"curies":[{"name":"wp","href":"https:\/\/api.w.org\/{rel}","templated":true}]}}