{"id":4053,"date":"2020-03-02T10:39:53","date_gmt":"2020-03-02T09:39:53","guid":{"rendered":"http:\/\/publikationen.zhdk.ch\/?post_type=product&#038;p=4053"},"modified":"2023-08-10T13:31:56","modified_gmt":"2023-08-10T11:31:56","slug":"manifest-der-kuenstlerischen-forschung","status":"publish","type":"product","link":"https:\/\/publikationen.zhdk.ch\/?product=manifest-der-kuenstlerischen-forschung","title":{"rendered":"Manifest der K\u00fcnstlerischen Forschung &#8211; Manifesto of artistic research | Silvia Henke, Dieter Mersch (et al.)"},"content":{"rendered":"<p>Versetzt mit &#171;Bildst\u00fccken&#187; &#8211; Deklination einer Collage von Sabine Hertig (2019)<br \/>\nAutor*innen: Silvia Henke, Dieter Mersch, Nicolaj van der Meulen, Thomas Str\u00e4ssle, J\u00f6rg Wiesel<\/p>\n<p><strong>Manifesto of articstic research<\/strong><br \/>\nA defense against its advocates<\/p>\n<p>Since its beginnings in the 1990s, \u201cartistic research\u201d has become established as a new format in the areas of educational and institutional policy, aesthetics, and art theory. It has now diffused into almost all artistic fields, from installation to experimental formats to contemporary music, literature, dance or performance art. But from its beginnings\u2014under labels like \u201cart and science\u201d or \u201cscienceart\u201d or \u201cartscience\u201d that mention both disciplines in one breath\u2014it has been in competition with academic research, without its own concept of research having been adequately clarified. This manifesto attempts to resolve the problem and to defend the term and the radical potentials of a researching art against those who toy all too carefully with university formats, wishing to ally them with scientific principles. Its aim is to emphasize the autonomy and particular intellectuality of artistic research, without seeking to justify its legitimacy or adopt alien standards.<\/p>\n<p>ZHdK: Institut f\u00fcr Theorie (ith)<\/p>\n","protected":false},"excerpt":{"rendered":"<p>Eine Verteidigung gegen ihre Verfechter<\/p>\n<p>Seit ihren Anf\u00e4ngen in den 1990er Jahren hat sich &#171;k\u00fcnstlerische Forschung&#187; als ein neues bildungs- und institutionenpolitisches wie auch \u00e4sthetisch-kunsttheoretisches Format etabliert. Inzwischen ist sie auf fast alle k\u00fcnstlerischen Felder diffundiert: von der Installationskunst \u00fcber experimentelle Formate bis zur zeitgen\u00f6ssischen Musik, der Literatur oder Tanz- und Performancekunst. Doch steht sie seit ihrem Beginn &#8211; etikettiert unter Labels wie &#171;Kunst und Wissenschaft&#187; oder &#171;Scienceart&#187; und &#171;Artscience&#187;, die beide in einem Atemzug miteinander verbindet &#8211; im Wettstreit mit der akademischen Forschung, ohne dass ihr eigener Forschungsbegriff angemessen gekl\u00e4rt w\u00e4re. Das Manifest unternimmt den Versuch, Kl\u00e4rung zu schaffen und den Begriff, die Potenziale und Radikalit\u00e4t einer forschenden Kunst gegen diejenigen zu verteidigen, die allzu vorsichtig mit universit\u00e4ren Formaten lieb\u00e4ugeln und sie an wissenschaftliche Prinzipien anschlie\u00dfen wollen. Vielmehr geht es darum, die Eigenst\u00e4ndigkeit und besondere Intellektualit\u00e4t \u00e4sthetischen Forschens herauszustreichen, ohne Legitimit\u00e4tszw\u00e4ngen zu gen\u00fcgen und fremde Ma\u00dfst\u00e4be anzulegen. (dt.\/engl.)<\/p>\n<p>Reihe <a href=\"https:\/\/publikationen.zhdk.ch\/?product_cat=denkt-kunst\">Denkt Kunst<\/a><\/p>\n<p>2 x 62 Seiten, Diaphanes, 2020<br \/>\nISBN 978-3-0-3580290-0<\/p>\n<p>&nbsp;<\/p>\n","protected":false},"featured_media":4057,"template":"","meta":[],"product_brand":[],"product_cat":[149,291,1183,245,1185,1181,1187],"product_tag":[861],"class_list":{"0":"post-4053","1":"product","2":"type-product","3":"status-publish","4":"has-post-thumbnail","6":"product_cat-ith","7":"product_cat-denkt-kunst","8":"product_cat-henke-silvia","9":"product_cat-mersch-dieter","10":"product_cat-straessle-thomas","11":"product_cat-van-der-meulen-nicolaj","12":"product_cat-weisel-joerg","13":"product_tag-kuenstlerische-forschung","15":"first","16":"instock","17":"shipping-taxable","18":"product-type-external"},"_links":{"self":[{"href":"https:\/\/publikationen.zhdk.ch\/index.php?rest_route=\/wp\/v2\/product\/4053","targetHints":{"allow":["GET"]}}],"collection":[{"href":"https:\/\/publikationen.zhdk.ch\/index.php?rest_route=\/wp\/v2\/product"}],"about":[{"href":"https:\/\/publikationen.zhdk.ch\/index.php?rest_route=\/wp\/v2\/types\/product"}],"version-history":[{"count":4,"href":"https:\/\/publikationen.zhdk.ch\/index.php?rest_route=\/wp\/v2\/product\/4053\/revisions"}],"predecessor-version":[{"id":6105,"href":"https:\/\/publikationen.zhdk.ch\/index.php?rest_route=\/wp\/v2\/product\/4053\/revisions\/6105"}],"wp:featuredmedia":[{"embeddable":true,"href":"https:\/\/publikationen.zhdk.ch\/index.php?rest_route=\/wp\/v2\/media\/4057"}],"wp:attachment":[{"href":"https:\/\/publikationen.zhdk.ch\/index.php?rest_route=%2Fwp%2Fv2%2Fmedia&parent=4053"}],"wp:term":[{"taxonomy":"product_brand","embeddable":true,"href":"https:\/\/publikationen.zhdk.ch\/index.php?rest_route=%2Fwp%2Fv2%2Fproduct_brand&post=4053"},{"taxonomy":"product_cat","embeddable":true,"href":"https:\/\/publikationen.zhdk.ch\/index.php?rest_route=%2Fwp%2Fv2%2Fproduct_cat&post=4053"},{"taxonomy":"product_tag","embeddable":true,"href":"https:\/\/publikationen.zhdk.ch\/index.php?rest_route=%2Fwp%2Fv2%2Fproduct_tag&post=4053"}],"curies":[{"name":"wp","href":"https:\/\/api.w.org\/{rel}","templated":true}]}}