{"id":4011,"date":"2020-02-26T13:59:40","date_gmt":"2020-02-26T12:59:40","guid":{"rendered":"http:\/\/publikationen.zhdk.ch\/?post_type=product&#038;p=4011"},"modified":"2022-04-20T15:52:29","modified_gmt":"2022-04-20T13:52:29","slug":"varlin-als-zeichner","status":"publish","type":"product","link":"https:\/\/publikationen.zhdk.ch\/?product=varlin-als-zeichner","title":{"rendered":"Varlin als Zeichner | Ulrich Binder"},"content":{"rendered":"<p>Ulrich Binder ist seit 2007 Dozent und wissenschaftlicher Mitarbeiter an der Z\u00fcrcher Hochschule der K\u00fcnste. Als freier Autor und Kurator ist er mitverantwortlich f\u00fcr zahlreiche Ausstellungen und Publikationen.<\/p>\n<p>ZHdK: Institut f\u00fcr Theorie (ITH)<\/p>\n","protected":false},"excerpt":{"rendered":"<p>Varlin, 1900 in Z\u00fcrich als Willy Guggenheim geboren und 1977 im b\u00fcndnerischen Bondo verstorben, hat sich vor allem als Maler und Portr\u00e4tist bekannter Pers\u00f6nlichkeiten wie Max Frisch, Friedrich D\u00fcrrenmatt oder Ernst Scheidegger und Hulda Zumsteg einen Namen gemacht. Sein zeichnerisches Schaffen hingegen blieb bisher weitgehend unbekannt. Skizzenb\u00fccher waren Varlins st\u00e4ndige Begleiter, in denen er seine Eindr\u00fccke festhielt und Bildkompositionen, Ausschnitte oder ungew\u00f6hnliche Blickwinkel erprobte. In den fr\u00fchen Jahren entstanden akademische Studien und Aktzeichnungen, sp\u00e4ter sind es visuelle Satiren und Impressionen seiner Reisen, die sich in unz\u00e4hligen Reisejournalen niederschlugen. Begleitet von zahlreichen Farbabbildungen n\u00e4hern sich Ulrich Binders Texte dem grafischen Werk Varlins \u00fcber dessen k\u00fcnstlerische Mittel, die von Feder und Kohle \u00fcber Kugel- und Faserschreiber bis zu Servietten oder Kunstkatalogen als Tr\u00e4ger seiner Zeichnungen reichen.<\/p>\n<p>131 Seiten, Scheidegger &amp; Spiess, 2020<br \/>\nISBN 978-3-85881-664-1<\/p>\n","protected":false},"featured_media":4015,"template":"","meta":[],"product_brand":[],"product_cat":[217,149],"product_tag":[1167,1169],"class_list":{"0":"post-4011","1":"product","2":"type-product","3":"status-publish","4":"has-post-thumbnail","6":"product_cat-binder-ulrich","7":"product_cat-ith","8":"product_tag-varlin","9":"product_tag-zeichnung","11":"first","12":"instock","13":"shipping-taxable","14":"product-type-external"},"_links":{"self":[{"href":"https:\/\/publikationen.zhdk.ch\/index.php?rest_route=\/wp\/v2\/product\/4011","targetHints":{"allow":["GET"]}}],"collection":[{"href":"https:\/\/publikationen.zhdk.ch\/index.php?rest_route=\/wp\/v2\/product"}],"about":[{"href":"https:\/\/publikationen.zhdk.ch\/index.php?rest_route=\/wp\/v2\/types\/product"}],"version-history":[{"count":2,"href":"https:\/\/publikationen.zhdk.ch\/index.php?rest_route=\/wp\/v2\/product\/4011\/revisions"}],"predecessor-version":[{"id":4017,"href":"https:\/\/publikationen.zhdk.ch\/index.php?rest_route=\/wp\/v2\/product\/4011\/revisions\/4017"}],"wp:featuredmedia":[{"embeddable":true,"href":"https:\/\/publikationen.zhdk.ch\/index.php?rest_route=\/wp\/v2\/media\/4015"}],"wp:attachment":[{"href":"https:\/\/publikationen.zhdk.ch\/index.php?rest_route=%2Fwp%2Fv2%2Fmedia&parent=4011"}],"wp:term":[{"taxonomy":"product_brand","embeddable":true,"href":"https:\/\/publikationen.zhdk.ch\/index.php?rest_route=%2Fwp%2Fv2%2Fproduct_brand&post=4011"},{"taxonomy":"product_cat","embeddable":true,"href":"https:\/\/publikationen.zhdk.ch\/index.php?rest_route=%2Fwp%2Fv2%2Fproduct_cat&post=4011"},{"taxonomy":"product_tag","embeddable":true,"href":"https:\/\/publikationen.zhdk.ch\/index.php?rest_route=%2Fwp%2Fv2%2Fproduct_tag&post=4011"}],"curies":[{"name":"wp","href":"https:\/\/api.w.org\/{rel}","templated":true}]}}