{"id":3985,"date":"2020-02-12T13:11:00","date_gmt":"2020-02-12T12:11:00","guid":{"rendered":"http:\/\/publikationen.zhdk.ch\/?post_type=product&#038;p=3985"},"modified":"2024-07-12T07:41:27","modified_gmt":"2024-07-12T05:41:27","slug":"entkoppelte-gesellschaft-4-e-book","status":"publish","type":"product","link":"https:\/\/publikationen.zhdk.ch\/?product=entkoppelte-gesellschaft-4-e-book","title":{"rendered":"Entkoppelte Gesellschaft \u2013 Ostdeutschland seit 1989\/90 [4]: Tatbest\u00e4nde | Yana Milev, Franz Schultheis [E-Book PDF]"},"content":{"rendered":"<div class=\"l-detail_page\">\n<div id=\"js-content-element-46765\" data-bind=\"attr: { id: contentElement().key() }\">\n<div data-bind=\"if: contentElement().is_accordeon() === '0'\">\n<div class=\"richtext\">\n<p>Seit das Ende des Kommunismus auf 1990 festgeschrieben und der Unrechtsstaat DDR der Justiz \u00fcbergeben wurde, inszenieren neue Institutionen, Stiftungen und Beh\u00f6rden auf Bundesebene den \u00f6konomischen, kulturellen und moralischen Erfolg des Rechtsstaats. Dabei wird die Mehrheit der Neub\u00fcrger mit Schockereignissen des krassen sozialen Wandels und der gesellschaftlichen Stigmatisierung konfrontiert. Konzepte wie \u00abTransformation\u00bb, \u00abModernisierung\u00bb, \u00abDemokratisierung\u00bb treten als Euphemismen auf, die \u00fcber eine neoliberale Annexion des Ostens hinwegt\u00e4uschen. Das Investmentprojekt \u00abAufschwung Ost\u00bb ist ein Laborfall der Globalisierung. \u00dcber eine Aufarbeitung der DDR im Totalitarismus- und Diktaturenvergleich hinaus ist eine Soziologie der Landnahme, des Gesellschaftsumbaus und des strukturellen Kolonialismus in Ostdeutschland l\u00e4ngst \u00fcberf\u00e4llig. Das Forschungsprogramm \u00abEntkoppelte Gesellschaft. Liberalisierung und Widerstand in Ostdeutschland seit 1989\/90. Ein soziologisches Laboratorium\u00bb will im drei\u00dfigsten Jahr der \u00abEinheit\u00bb diesem Thema mit einer mehrb\u00e4ndigen Publikation Rechnung tragen.<\/p>\n<p>Mit 13 Fallstudien bildet der Band &#171;Tatbest\u00e4nde&#187; das empirische Fundament des Gesamtprojekts &#171;Entkoppelte Gesellschaft&#187;. Es handelt sich hierbei um sozialwissenschaftliche Studien j\u00fcngeren Datums, in denen die Tatbest\u00e4nde der Verwerfung, Abwicklung und L\u00f6schung in s\u00e4mtlichen Bereichen der Gesellschaft Ostdeutschlands offen gelegt, wie auch in der Konsequenz dessen die sozialen, kulturellen und regionalen Besch\u00e4digungen diagnostiziert und gesellschaftstheoretisch analysiert werden.<\/p>\n<p><span class=\"description\">ZHdK: Institute for Cultural Studies in the Arts (ICS)<\/span><\/p>\n<\/div>\n<\/div>\n<\/div>\n<\/div>\n","protected":false},"excerpt":{"rendered":"<p>Mit 13 Fallstudien bildet der Band &#171;Tatbest\u00e4nde&#187; das empirische Fundament des Gesamtprojekts &#171;Entkoppelte Gesellschaft&#187;. Es handelt sich hierbei um sozialwissenschaftliche Studien j\u00fcngeren Datums, in denen die Tatbest\u00e4nde der Verwerfung, Abwicklung und L\u00f6schung in s\u00e4mtlichen Bereichen der Gesellschaft Ostdeutschlands offen gelegt, wie auch in der Konsequenz dessen die sozialen, kulturellen und regionalen Besch\u00e4digungen diagnostiziert und gesellschaftstheoretisch analysiert werden.<\/p>\n<p>569 Seiten (PDF), Peter Lang, 2019<br \/>\nISBN 978-3-631-78761-8<\/p>\n","protected":false},"featured_media":4364,"template":"","meta":[],"product_brand":[],"product_cat":[151,221,1514,417],"product_tag":[777,779,1165,781],"class_list":{"0":"post-3985","1":"product","2":"type-product","3":"status-publish","4":"has-post-thumbnail","6":"product_cat-ics","7":"product_cat-e-books","8":"product_cat-e-publikationen","9":"product_cat-milev-yana","10":"product_tag-ddr","11":"product_tag-deutschland","12":"product_tag-ostdeutschland","13":"product_tag-sozialwissenschaften","15":"first","16":"instock","17":"shipping-taxable","18":"product-type-external"},"_links":{"self":[{"href":"https:\/\/publikationen.zhdk.ch\/index.php?rest_route=\/wp\/v2\/product\/3985","targetHints":{"allow":["GET"]}}],"collection":[{"href":"https:\/\/publikationen.zhdk.ch\/index.php?rest_route=\/wp\/v2\/product"}],"about":[{"href":"https:\/\/publikationen.zhdk.ch\/index.php?rest_route=\/wp\/v2\/types\/product"}],"version-history":[{"count":2,"href":"https:\/\/publikationen.zhdk.ch\/index.php?rest_route=\/wp\/v2\/product\/3985\/revisions"}],"predecessor-version":[{"id":6399,"href":"https:\/\/publikationen.zhdk.ch\/index.php?rest_route=\/wp\/v2\/product\/3985\/revisions\/6399"}],"wp:featuredmedia":[{"embeddable":true,"href":"https:\/\/publikationen.zhdk.ch\/index.php?rest_route=\/wp\/v2\/media\/4364"}],"wp:attachment":[{"href":"https:\/\/publikationen.zhdk.ch\/index.php?rest_route=%2Fwp%2Fv2%2Fmedia&parent=3985"}],"wp:term":[{"taxonomy":"product_brand","embeddable":true,"href":"https:\/\/publikationen.zhdk.ch\/index.php?rest_route=%2Fwp%2Fv2%2Fproduct_brand&post=3985"},{"taxonomy":"product_cat","embeddable":true,"href":"https:\/\/publikationen.zhdk.ch\/index.php?rest_route=%2Fwp%2Fv2%2Fproduct_cat&post=3985"},{"taxonomy":"product_tag","embeddable":true,"href":"https:\/\/publikationen.zhdk.ch\/index.php?rest_route=%2Fwp%2Fv2%2Fproduct_tag&post=3985"}],"curies":[{"name":"wp","href":"https:\/\/api.w.org\/{rel}","templated":true}]}}