{"id":3937,"date":"2020-02-12T12:32:47","date_gmt":"2020-02-12T11:32:47","guid":{"rendered":"http:\/\/publikationen.zhdk.ch\/?post_type=product&#038;p=3937"},"modified":"2023-08-10T13:34:13","modified_gmt":"2023-08-10T11:34:13","slug":"aesthetische-theorie","status":"publish","type":"product","link":"https:\/\/publikationen.zhdk.ch\/?product=aesthetische-theorie","title":{"rendered":"\u00c4sthetische Theorie | Dieter Mersch, Sylvia Sasse, Sandro Zanetti (Hg.)"},"content":{"rendered":"<p>Mit Beitr\u00e4gen von Frauke Berndt, Elisabeth Bronfen, Sandra Frimmel, Julia Gelshorn &amp; Tristan Weddigen, Fabienne Liptay, Dieter Mersch, Klaus M\u00fcller-Wille, Barbara Naumann, Boris Previsic, Dorota Sajewska, Sylvia Sasse, Rahel Villinger, Benno Wirz, Sandro Zanetti.<\/p>\n<div id=\"tab-description\" class=\"woocommerce-Tabs-panel woocommerce-Tabs-panel--description panel entry-content wc-tab\" role=\"tabpanel\" aria-labelledby=\"tab-title-description\">\n<p>ZHdK: Institut f\u00fcr Theorie (ITH)<\/p>\n<\/div>\n","protected":false},"excerpt":{"rendered":"<p>Es gibt keine Theorie, die nicht auf eine bestimmte Weise \u00e4sthetisch w\u00e4re. Auch Adorno hat den Entwurf seiner \u00c4sthetischen Theorie nicht einfach als eine Theorie des \u00c4sthetischen verstanden, sondern war sich der \u00e4sthetischen Implikationen von Theorie bewusst. Gleichzeitig haben wir es mit \u00e4sthetischen Gegenst\u00e4nden und Ereignissen zu tun, denen eine \u00e4sthetische Theorie immanent ist, die sich selbst als Kunst zeigt. So l\u00e4sst sich von beiden Seiten &#8211; Theorie und \u00c4sthetik &#8211; an jene etymologische Bedeutung von theoria ankn\u00fcpfen, die das Theoretische als ein Sehen oder als eine Sichtweise versteht. Dieser Verbindung und Gleichzeitigkeit geht der Band nach. Im Fokus stehen \u00dcberlegungen, in denen die \u00e4sthetischen Implikationen von Theorie und die theoretischen Implikationen \u00e4sthetischer Ereignisse gleicherma\u00dfen zur Sprache kommen.<\/p>\n<p>Reihe <a href=\"https:\/\/publikationen.zhdk.ch\/?product_cat=denkt-kunst\">Denkt Kunst<\/a><\/p>\n<p>299 Seiten, Diaphanes, 2019<br \/>\nISBN 978-3-03734-981-6<\/p>\n<p>&nbsp;<\/p>\n","protected":false},"featured_media":3941,"template":"","meta":[],"product_brand":[],"product_cat":[149,291,245,1161,1163],"product_tag":[1146,1144,1159],"class_list":{"0":"post-3937","1":"product","2":"type-product","3":"status-publish","4":"has-post-thumbnail","6":"product_cat-ith","7":"product_cat-denkt-kunst","8":"product_cat-mersch-dieter","9":"product_cat-sasse-sylvia","10":"product_cat-zanetti-sandro","11":"product_tag-aesthetik","12":"product_tag-kunstaesthetik","13":"product_tag-theorie","15":"first","16":"instock","17":"shipping-taxable","18":"product-type-external"},"_links":{"self":[{"href":"https:\/\/publikationen.zhdk.ch\/index.php?rest_route=\/wp\/v2\/product\/3937","targetHints":{"allow":["GET"]}}],"collection":[{"href":"https:\/\/publikationen.zhdk.ch\/index.php?rest_route=\/wp\/v2\/product"}],"about":[{"href":"https:\/\/publikationen.zhdk.ch\/index.php?rest_route=\/wp\/v2\/types\/product"}],"version-history":[{"count":3,"href":"https:\/\/publikationen.zhdk.ch\/index.php?rest_route=\/wp\/v2\/product\/3937\/revisions"}],"predecessor-version":[{"id":6111,"href":"https:\/\/publikationen.zhdk.ch\/index.php?rest_route=\/wp\/v2\/product\/3937\/revisions\/6111"}],"wp:featuredmedia":[{"embeddable":true,"href":"https:\/\/publikationen.zhdk.ch\/index.php?rest_route=\/wp\/v2\/media\/3941"}],"wp:attachment":[{"href":"https:\/\/publikationen.zhdk.ch\/index.php?rest_route=%2Fwp%2Fv2%2Fmedia&parent=3937"}],"wp:term":[{"taxonomy":"product_brand","embeddable":true,"href":"https:\/\/publikationen.zhdk.ch\/index.php?rest_route=%2Fwp%2Fv2%2Fproduct_brand&post=3937"},{"taxonomy":"product_cat","embeddable":true,"href":"https:\/\/publikationen.zhdk.ch\/index.php?rest_route=%2Fwp%2Fv2%2Fproduct_cat&post=3937"},{"taxonomy":"product_tag","embeddable":true,"href":"https:\/\/publikationen.zhdk.ch\/index.php?rest_route=%2Fwp%2Fv2%2Fproduct_tag&post=3937"}],"curies":[{"name":"wp","href":"https:\/\/api.w.org\/{rel}","templated":true}]}}