{"id":3929,"date":"2020-02-10T12:00:27","date_gmt":"2020-02-10T11:00:27","guid":{"rendered":"http:\/\/publikationen.zhdk.ch\/?post_type=product&#038;p=3929"},"modified":"2022-04-20T15:44:20","modified_gmt":"2022-04-20T13:44:20","slug":"melancholie-und-medium","status":"publish","type":"product","link":"https:\/\/publikationen.zhdk.ch\/?product=melancholie-und-medium","title":{"rendered":"Melancholie und Medium | Michael Mayer"},"content":{"rendered":"","protected":false},"excerpt":{"rendered":"<p class=\"title\">Das schwache Subjekt, die Toten und die ununterbrochene Trauerarbeit<\/p>\n<p>In seinem Buch Melancholie und Medium fragt Michael Mayer nach der Gegenwart der Toten und der ethischen Rechtfertigung einer Trauerarbeit, die ununterbrochen die Unterbrechung in der Kommunikation der Lebenden und der Toten unterbricht.<br \/>\nDas Buch fragt nach den Toten. Es fragt nach ihrem Verschwinden und der kaum sichtbaren Narbe, die dieses Verschwinden auf der Oberfl\u00e4che der Dinge hinterl\u00e4sst. Und es fragt nach dem eigent\u00fcmlichen Ort, von dem aus sie oft unvermutet in eine Gegenwart einbrechen, die als Gegenwart der Lebenden und ihres weltweiten Verkehrs untereinander sich gegen ihren Einfall mehr und mehr abzudichten scheint. Dieser Einfall &#8211; das ist die These, die das Buch diskutieren m\u00f6chte &#8211; vollzieht sich als Zwischenfall im Gef\u00fcge einer medialen Repr\u00e4sentation, an deren Bruchlinien die Pr\u00e4senz der Toten f\u00fchlbar zu werden vermag &#8211; als paradoxe Pr\u00e4senz ihrer Abwesenheit in ihrer ebenso schmerzlichen wie begl\u00fcckenden Intensit\u00e4t. In diesem Zwischenfall reklamieren sie ihren Anspruch auf Zugeh\u00f6rigkeit zu uns an uns &#8211; den kommenden Toten.<\/p>\n<p>166 Seiten, Passagen Verlag, 2019<br \/>\nISBN 978-3-7092-0392-7<\/p>\n","protected":false},"featured_media":3933,"template":"","meta":[],"product_brand":[],"product_cat":[149,209],"product_tag":[619,1157,915,1153,1155],"class_list":{"0":"post-3929","1":"product","2":"type-product","3":"status-publish","4":"has-post-thumbnail","6":"product_cat-ith","7":"product_cat-mayer-michael","8":"product_tag-film","9":"product_tag-melancholie","10":"product_tag-philosophie","11":"product_tag-trauer","12":"product_tag-trauerarbeit","14":"first","15":"instock","16":"shipping-taxable","17":"product-type-external"},"_links":{"self":[{"href":"https:\/\/publikationen.zhdk.ch\/index.php?rest_route=\/wp\/v2\/product\/3929","targetHints":{"allow":["GET"]}}],"collection":[{"href":"https:\/\/publikationen.zhdk.ch\/index.php?rest_route=\/wp\/v2\/product"}],"about":[{"href":"https:\/\/publikationen.zhdk.ch\/index.php?rest_route=\/wp\/v2\/types\/product"}],"version-history":[{"count":1,"href":"https:\/\/publikationen.zhdk.ch\/index.php?rest_route=\/wp\/v2\/product\/3929\/revisions"}],"predecessor-version":[{"id":3931,"href":"https:\/\/publikationen.zhdk.ch\/index.php?rest_route=\/wp\/v2\/product\/3929\/revisions\/3931"}],"wp:featuredmedia":[{"embeddable":true,"href":"https:\/\/publikationen.zhdk.ch\/index.php?rest_route=\/wp\/v2\/media\/3933"}],"wp:attachment":[{"href":"https:\/\/publikationen.zhdk.ch\/index.php?rest_route=%2Fwp%2Fv2%2Fmedia&parent=3929"}],"wp:term":[{"taxonomy":"product_brand","embeddable":true,"href":"https:\/\/publikationen.zhdk.ch\/index.php?rest_route=%2Fwp%2Fv2%2Fproduct_brand&post=3929"},{"taxonomy":"product_cat","embeddable":true,"href":"https:\/\/publikationen.zhdk.ch\/index.php?rest_route=%2Fwp%2Fv2%2Fproduct_cat&post=3929"},{"taxonomy":"product_tag","embeddable":true,"href":"https:\/\/publikationen.zhdk.ch\/index.php?rest_route=%2Fwp%2Fv2%2Fproduct_tag&post=3929"}],"curies":[{"name":"wp","href":"https:\/\/api.w.org\/{rel}","templated":true}]}}