{"id":3910,"date":"2020-01-24T14:00:40","date_gmt":"2020-01-24T13:00:40","guid":{"rendered":"http:\/\/publikationen.zhdk.ch\/?post_type=product&#038;p=3910"},"modified":"2023-08-10T13:39:15","modified_gmt":"2023-08-10T11:39:15","slug":"der-witz-der-kunst-1","status":"publish","type":"product","link":"https:\/\/publikationen.zhdk.ch\/?product=der-witz-der-kunst-1","title":{"rendered":"Der Witz der Kunst | Mira Fliescher [E-Book PDF]"},"content":{"rendered":"<p><span dir=\"auto\">Herausgegeben von Dieter Mersch, Julia Rintz und Thomas Morsch<\/span><\/p>\n<p>ZHdK: Institut f\u00fcr Theorie (ITH)<\/p>\n","protected":false},"excerpt":{"rendered":"<p>Modelle \u00e4sthetischen Denkens<\/p>\n<div class=\"df-box-article df-padding-top-m\">\n<p>Kunst und Witz teilen beide eine Reihe von \u00fcberraschenden Eigenschaften, nicht nur die sprichw\u00f6rtliche Verknappung, die wie die \u00d6konomie des Witzes auch oft jene der Kunst ausmacht. Oft sind es Dekontextuierungen, Bedeutungsvertauschungen, Paradoxa und Ungereimtheiten, Chiasmen und Widerspr\u00fcche, die zu den bevorzugten Mitteln beider geh\u00f6ren. Und wie der Gehalt eines Witzes durch seine Analyse eskamotiert wird, so erdrosselt nicht selten die Interpretation die Kunst, das Werk, sein Ereignis, indem sie diese auf ihre Deutung festlegt. Kein Kunstwerk geht in seiner Hermeneutik auf, wie umgekehrt jede noch so detaillierte Entzifferung der Pointe eben den \u00bbWitz\u00ab der Sache tilgt.<br \/>\nIn ihrem viel zu fr\u00fch unterbrochenen Denken ging es Mira \u00adFliescher stets darum, Kunst, \u00e4sthetisches Denken, gewitzte \u00adInversion und Strenge der dekonstruktiven Arbeit aufeinander zu beziehen und im besten Sinne miteinander \u00bbins Spiel zu bringen\u00ab. Die hier versammelten Texte zeugen von der au\u00dferordentlichen Kraft eines Denkens, dessen Grundnote das \u00adanstimmt, was die Welt heute vielleicht am N\u00f6tigsten hat: die Unendlichkeit einer kritischen Urteilskraft.<\/p>\n<p>Reihe <a href=\"https:\/\/publikationen.zhdk.ch\/?product_cat=denkt-kunst\">Denkt Kunst<\/a><\/p>\n<p>208 Seiten (PDF), Diaphanes, 2019<br \/>\nISBN 978-3-0-3580254-2<\/p>\n<p>&nbsp;<\/p>\n<\/div>\n","protected":false},"featured_media":3906,"template":"","meta":[],"product_brand":[],"product_cat":[149,291,221,1514,369,245,1014,371],"product_tag":[1146,1144],"class_list":{"0":"post-3910","1":"product","2":"type-product","3":"status-publish","4":"has-post-thumbnail","6":"product_cat-ith","7":"product_cat-denkt-kunst","8":"product_cat-e-books","9":"product_cat-e-publikationen","10":"product_cat-fliescher-mira","11":"product_cat-mersch-dieter","12":"product_cat-open-access","13":"product_cat-rintz-julia","14":"product_tag-aesthetik","15":"product_tag-kunstaesthetik","17":"first","18":"instock","19":"shipping-taxable","20":"product-type-external"},"_links":{"self":[{"href":"https:\/\/publikationen.zhdk.ch\/index.php?rest_route=\/wp\/v2\/product\/3910","targetHints":{"allow":["GET"]}}],"collection":[{"href":"https:\/\/publikationen.zhdk.ch\/index.php?rest_route=\/wp\/v2\/product"}],"about":[{"href":"https:\/\/publikationen.zhdk.ch\/index.php?rest_route=\/wp\/v2\/types\/product"}],"version-history":[{"count":2,"href":"https:\/\/publikationen.zhdk.ch\/index.php?rest_route=\/wp\/v2\/product\/3910\/revisions"}],"predecessor-version":[{"id":6127,"href":"https:\/\/publikationen.zhdk.ch\/index.php?rest_route=\/wp\/v2\/product\/3910\/revisions\/6127"}],"wp:featuredmedia":[{"embeddable":true,"href":"https:\/\/publikationen.zhdk.ch\/index.php?rest_route=\/wp\/v2\/media\/3906"}],"wp:attachment":[{"href":"https:\/\/publikationen.zhdk.ch\/index.php?rest_route=%2Fwp%2Fv2%2Fmedia&parent=3910"}],"wp:term":[{"taxonomy":"product_brand","embeddable":true,"href":"https:\/\/publikationen.zhdk.ch\/index.php?rest_route=%2Fwp%2Fv2%2Fproduct_brand&post=3910"},{"taxonomy":"product_cat","embeddable":true,"href":"https:\/\/publikationen.zhdk.ch\/index.php?rest_route=%2Fwp%2Fv2%2Fproduct_cat&post=3910"},{"taxonomy":"product_tag","embeddable":true,"href":"https:\/\/publikationen.zhdk.ch\/index.php?rest_route=%2Fwp%2Fv2%2Fproduct_tag&post=3910"}],"curies":[{"name":"wp","href":"https:\/\/api.w.org\/{rel}","templated":true}]}}