{"id":3890,"date":"2020-01-24T12:55:59","date_gmt":"2020-01-24T11:55:59","guid":{"rendered":"http:\/\/publikationen.zhdk.ch\/?post_type=product&#038;p=3890"},"modified":"2023-08-10T11:04:56","modified_gmt":"2023-08-10T09:04:56","slug":"ausweitung-der-spielzone","status":"publish","type":"product","link":"https:\/\/publikationen.zhdk.ch\/?product=ausweitung-der-spielzone","title":{"rendered":"Ausweitung der Spielzone | Yvonne Schmidt"},"content":{"rendered":"<p>Inhalt<\/p>\n<p>Experten<br \/>\n&#8211; Experten des Alltags, Komplizen, B\u00fcrger: Nichtprofessionelle Darsteller im professionellen Theater<br \/>\n&#8211; Der Authentizit\u00e4tsdiskurs im Spiegel des Schauspielerdiskurses<br \/>\n&#8211; Theater der Partizipation<br \/>\n&#8211; Gegenstimmen<br \/>\n&#8211; Die Professionalisierung des nichtprofessionellen Theaters<br \/>\n&#8211; Experten als Ausdruck einer Neuformierung des Darstellens<\/p>\n<p>Amateure im Freilichttheater<br \/>\n&#8211; Laien, Amateure, semiprofessionelle Darsteller im Freilichttheater<br \/>\n&#8211; Zug\u00e4nge zum Spiel: K\u00f6rper, Biografie, Sprache<br \/>\n&#8211; Spielweisen und -stile<br \/>\n&#8211; Zur Profession nichtprofessioneller Darsteller im Freilichttheater<\/p>\n<p>Darsteller mit Behinderungen<br \/>\n&#8211; Okkupation der B\u00fchnen: Festivals und Netzwerkbildung<br \/>\n&#8211; Zum Erscheinen von Behinderung auf der B\u00fchne<br \/>\n&#8211; Schauspielen als Prozess der Gouvernementalit\u00e4t<br \/>\n&#8211; &#171;Ausserordentliche&#187; Darsteller im Wandel der Repr\u00e4sentationstech niken<br \/>\n&#8211; Darsteller mit Behinderung: eine &#171;Cripistemologie&#187;<\/p>\n<p>ZHdK: <span lang=\"EN-US\">Institute for the Performing Arts and Film (IPF)<\/span><\/p>\n","protected":false},"excerpt":{"rendered":"<p>Experten, Amateure, behinderte Darsteller im Gegenwartstheater<\/p>\n<p>Seit den 1990er Jahren treten vermehrt Darsteller auf den B\u00fchnen des professionellen Theaters auf, die den Kriterien f\u00fcr Berufsschauspieler eigentlich nicht entsprechen. Unter welchen Pr\u00e4missen tauchen diese Darsteller ohne Schauspielschuldiplom in der Theaterlandschaft auf? Der Bogen reicht vom Spiel mit Authentizit\u00e4t \u00fcber die Teilhabe marginalisierter Gruppen bis hin zu den &#171;Freaks&#187; bei Christoph Schlingensief und den Darsteller des Theaters Hora, professionellen Darstellern mit einer geistigen Behinderung.<br \/>\nDas Buch zeichnet das heterogene Ph\u00e4nomen der Laien im Gegenwartstheater nach: von den Experten des Alltags (Rimini Protokoll) bis hin zu B\u00fcrgerb\u00fchnen, die das Theater mit Laien institutionalisierten. In den Fokus r\u00fccken auch andere Formen der Theaterpraxis, die in einem spannungsreichen Kontrast zum &#171;Expertentheater&#187; stehen: das lebendige Amateurtheater der Schweiz und Theater von und mit behinderten Darstellern. W\u00e4hrend im Freilichttheater oft Profis mit Laien zusammenarbeiten und sich Mischformen von professionellem und Amateurtheater herausbilden, stehen im Behindertentheater nicht nur \u00e4sthetische Normen, sondern auch dem Schauspieldiskurs eingeschriebene K\u00f6rper- und Menschenbilder auf dem Pr\u00fcfstand.<br \/>\nDie ebenso wissenschaftlich pr\u00e4zise wie praxisnahe Studie beleuchtet nichtprofessionelle Darsteller als Schnittstelle einer wechselseitigen Ann\u00e4herung von Alltagstheater und Theaterkunst in Bezug auf gegenseitige Durchdringung, aber auch im Hinblick auf die Eigenheiten verschiedener Theaterpraxen.<\/p>\n<p><a href=\"https:\/\/publikationen.zhdk.ch\/?product_cat=subtexte\">subTexte<\/a> 17<\/p>\n<p>224 Seiten, Chronos, 2020<br \/>\nISBN 978-3-0-3401312-3<\/p>\n","protected":false},"featured_media":3896,"template":"","meta":[],"product_brand":[],"product_cat":[157,427,569],"product_tag":[1142,613,473],"class_list":{"0":"post-3890","1":"product","2":"type-product","3":"status-publish","4":"has-post-thumbnail","6":"product_cat-ipf","7":"product_cat-schmidt-yvonne","8":"product_cat-subtexte","9":"product_tag-behinderung","10":"product_tag-laientheater","11":"product_tag-theater","13":"first","14":"instock","15":"shipping-taxable","16":"product-type-external"},"_links":{"self":[{"href":"https:\/\/publikationen.zhdk.ch\/index.php?rest_route=\/wp\/v2\/product\/3890","targetHints":{"allow":["GET"]}}],"collection":[{"href":"https:\/\/publikationen.zhdk.ch\/index.php?rest_route=\/wp\/v2\/product"}],"about":[{"href":"https:\/\/publikationen.zhdk.ch\/index.php?rest_route=\/wp\/v2\/types\/product"}],"version-history":[{"count":4,"href":"https:\/\/publikationen.zhdk.ch\/index.php?rest_route=\/wp\/v2\/product\/3890\/revisions"}],"predecessor-version":[{"id":5973,"href":"https:\/\/publikationen.zhdk.ch\/index.php?rest_route=\/wp\/v2\/product\/3890\/revisions\/5973"}],"wp:featuredmedia":[{"embeddable":true,"href":"https:\/\/publikationen.zhdk.ch\/index.php?rest_route=\/wp\/v2\/media\/3896"}],"wp:attachment":[{"href":"https:\/\/publikationen.zhdk.ch\/index.php?rest_route=%2Fwp%2Fv2%2Fmedia&parent=3890"}],"wp:term":[{"taxonomy":"product_brand","embeddable":true,"href":"https:\/\/publikationen.zhdk.ch\/index.php?rest_route=%2Fwp%2Fv2%2Fproduct_brand&post=3890"},{"taxonomy":"product_cat","embeddable":true,"href":"https:\/\/publikationen.zhdk.ch\/index.php?rest_route=%2Fwp%2Fv2%2Fproduct_cat&post=3890"},{"taxonomy":"product_tag","embeddable":true,"href":"https:\/\/publikationen.zhdk.ch\/index.php?rest_route=%2Fwp%2Fv2%2Fproduct_tag&post=3890"}],"curies":[{"name":"wp","href":"https:\/\/api.w.org\/{rel}","templated":true}]}}