{"id":3613,"date":"2019-06-19T15:03:11","date_gmt":"2019-06-19T13:03:11","guid":{"rendered":"http:\/\/publikationen.zhdk.ch\/?post_type=product&#038;p=3613"},"modified":"2023-01-26T16:31:30","modified_gmt":"2023-01-26T15:31:30","slug":"institutionskritik-als-methode-hegemonie-und-kritik-im-kuenstlerischen-feld-sonke-gau-e-book-pdf","status":"publish","type":"product","link":"https:\/\/publikationen.zhdk.ch\/?product=institutionskritik-als-methode-hegemonie-und-kritik-im-kuenstlerischen-feld-sonke-gau-e-book-pdf","title":{"rendered":"Institutionskritik als Methode. Hegemonie und Kritik im k\u00fcnstlerischen Feld | S\u00f8nke Gau [E-Book PDF]"},"content":{"rendered":"<p>Institutionskritik \u00fcbt Kritik an Kunstinstitutionen mit den k\u00fcnstlerischen Mitteln selbst. Zun\u00e4chst an Kunstinstitutionen im engeren Sinn \u2013 also Museen und Galerien \u2013 und sp\u00e4ter, in einem erweiterten Sinn an einem institutionellen Rahmen, am gesamten k\u00fcnstlerischen Feld mit allen beteiligten Akteur*innen.<\/p>\n<p>S\u00f8nke Gau untersucht in seiner umfassenden Genealogie der Institutionskritik das Potenzial dieser k\u00fcnstlerischen Verfahren und fragt nach deren Aktualisierung unter den heutigen Bedingungen. Institutionskritik als Methode beschr\u00e4nkt sich nicht mehr nur auf das k\u00fcnstlerische Feld, sondern greift auf andere gesellschaftliche Felder \u00fcber, um so ein erweitertes Spektrum an Handlungsoptionen zu gewinnen.<\/p>\n<p>ZHdK: Institut f\u00fcr Theorie (ITH)<\/p>\n","protected":false},"excerpt":{"rendered":"<p>S\u00f8nke Gau untersucht in seiner umfassenden Genealogie der Institutionskritik das Potenzial dieser k\u00fcnstlerischen Verfahren und fragt nach deren Aktualisierung unter den heutigen Bedingungen. Institutionskritik als Methode beschr\u00e4nkt sich nicht mehr nur auf das k\u00fcnstlerische Feld, sondern greift auf andere gesellschaftliche Felder \u00fcber, um so ein erweitertes Spektrum an Handlungsoptionen zu gewinnen.<\/p>\n<p>539 Seiten,\u00a0Turia + Kant Verlag, 2017<br \/>\nISBN 978-3-85132-823-3<\/p>\n","protected":false},"featured_media":235,"template":"","meta":[],"product_brand":[],"product_cat":[149,221,1514,207,1014],"product_tag":[813],"class_list":{"0":"post-3613","1":"product","2":"type-product","3":"status-publish","4":"has-post-thumbnail","6":"product_cat-ith","7":"product_cat-e-books","8":"product_cat-e-publikationen","9":"product_cat-gau-sonke","10":"product_cat-open-access","11":"product_tag-open-access","13":"first","14":"instock","15":"shipping-taxable","16":"product-type-external"},"_links":{"self":[{"href":"https:\/\/publikationen.zhdk.ch\/index.php?rest_route=\/wp\/v2\/product\/3613","targetHints":{"allow":["GET"]}}],"collection":[{"href":"https:\/\/publikationen.zhdk.ch\/index.php?rest_route=\/wp\/v2\/product"}],"about":[{"href":"https:\/\/publikationen.zhdk.ch\/index.php?rest_route=\/wp\/v2\/types\/product"}],"version-history":[{"count":1,"href":"https:\/\/publikationen.zhdk.ch\/index.php?rest_route=\/wp\/v2\/product\/3613\/revisions"}],"predecessor-version":[{"id":3615,"href":"https:\/\/publikationen.zhdk.ch\/index.php?rest_route=\/wp\/v2\/product\/3613\/revisions\/3615"}],"wp:featuredmedia":[{"embeddable":true,"href":"https:\/\/publikationen.zhdk.ch\/index.php?rest_route=\/wp\/v2\/media\/235"}],"wp:attachment":[{"href":"https:\/\/publikationen.zhdk.ch\/index.php?rest_route=%2Fwp%2Fv2%2Fmedia&parent=3613"}],"wp:term":[{"taxonomy":"product_brand","embeddable":true,"href":"https:\/\/publikationen.zhdk.ch\/index.php?rest_route=%2Fwp%2Fv2%2Fproduct_brand&post=3613"},{"taxonomy":"product_cat","embeddable":true,"href":"https:\/\/publikationen.zhdk.ch\/index.php?rest_route=%2Fwp%2Fv2%2Fproduct_cat&post=3613"},{"taxonomy":"product_tag","embeddable":true,"href":"https:\/\/publikationen.zhdk.ch\/index.php?rest_route=%2Fwp%2Fv2%2Fproduct_tag&post=3613"}],"curies":[{"name":"wp","href":"https:\/\/api.w.org\/{rel}","templated":true}]}}