{"id":3586,"date":"2019-06-14T18:17:57","date_gmt":"2019-06-14T16:17:57","guid":{"rendered":"http:\/\/publikationen.zhdk.ch\/?post_type=product&#038;p=3586"},"modified":"2023-08-10T13:35:19","modified_gmt":"2023-08-10T11:35:19","slug":"die-obliteration","status":"publish","type":"product","link":"https:\/\/publikationen.zhdk.ch\/?product=die-obliteration","title":{"rendered":"Die Obliteration | Emmanuel Levinas"},"content":{"rendered":"<p class=\"df-small\">Das komplexe Verh\u00e4ltnis von Ethik und \u00c4sthetik wird hier nicht l\u00e4nger mit dem Gesicht und der Sprache in Verbindung gebracht, sondern mit dem bildnerischen Denken und \u00e4sthetischen Operationen und Praktiken. F\u00fcr Levinas bezeichnet die Obliteration ein unverf\u00fcgbares, unheimliches und disruptives Konzept. Levinas wendet sich damit von der \u00bbunbeschwerten Sorglosigkeit des Sch\u00f6nen\u00ab ab und den materiellen Abnutzungsprozessen zu. Gerade diese affirmiert er wegen ihres gestalterischen Potentials f\u00fcr die Einzigartigkeit des Gegenw\u00e4rtigen.<\/p>\n<p class=\"df-small\">\u00dcbersetzt von Johannes Bennke und Jonas Hock, mit einem Vorwort von Johannes Bennke, mit einem Nachwort von Dieter Mersch<\/p>\n<p>ZHdK: Institut f\u00fcr Theorie (ITH)<\/p>\n","protected":false},"excerpt":{"rendered":"<div class=\"df-box-article df-padding-top-m\">\n<p>Emmanuel Levinas sieht in der Obliteration ein zentrales Konzept, um Kunst zu denken. Das Interview mit Fran\u00e7oise Armengaud ist eines der wenigen \u00c4u\u00dferungen von Levinas zur bildenden Kunst. Levinas wurde in verschiedenen Disziplinen durch seine Ethik einflussreich, die er im Wesentlichen vom Gesicht des Anderen her denkt. Bisher sind seine \u00dcberlegungen zur \u00c4sthetik eher selten behandelt worden, und wenn Fragen nach dem Gesicht in der Kunst gestellt wurden \u2013 und damit nach der Beziehung von Ethik und \u00c4sthetik \u2013 lag der Fokus zumeist auf seinen Kommentaren zur Literatur. In dem vorliegenden Interview spricht Levinas \u00fcber die Arbeit des franz\u00f6sischen Bildhauers Sacha Sosno. Der Gespr\u00e4chstext wird erg\u00e4nzt durch Andr\u00e9 Villers\u2019 Photographien von Sosnos Werken, ein Vorwort von Johannes Bennke und ein Nachwort von Dieter Mersch.<\/p>\n<p>Reihe <a href=\"https:\/\/publikationen.zhdk.ch\/?product_cat=denkt-kunst\">Denkt Kunst<\/a><\/p>\n<p>80 Seiten, Diaphanes, 2019<br \/>\nISBN 978-3-0-3580124-8<\/p>\n<\/div>\n","protected":false},"featured_media":3590,"template":"","meta":[],"product_brand":[],"product_cat":[1096,149,291,1094,245],"product_tag":[],"class_list":{"0":"post-3586","1":"product","2":"type-product","3":"status-publish","4":"has-post-thumbnail","6":"product_cat-bennke-johannes","7":"product_cat-ith","8":"product_cat-denkt-kunst","9":"product_cat-levinas-emmanuel","10":"product_cat-mersch-dieter","12":"first","13":"instock","14":"shipping-taxable","15":"product-type-external"},"_links":{"self":[{"href":"https:\/\/publikationen.zhdk.ch\/index.php?rest_route=\/wp\/v2\/product\/3586","targetHints":{"allow":["GET"]}}],"collection":[{"href":"https:\/\/publikationen.zhdk.ch\/index.php?rest_route=\/wp\/v2\/product"}],"about":[{"href":"https:\/\/publikationen.zhdk.ch\/index.php?rest_route=\/wp\/v2\/types\/product"}],"version-history":[{"count":3,"href":"https:\/\/publikationen.zhdk.ch\/index.php?rest_route=\/wp\/v2\/product\/3586\/revisions"}],"predecessor-version":[{"id":6115,"href":"https:\/\/publikationen.zhdk.ch\/index.php?rest_route=\/wp\/v2\/product\/3586\/revisions\/6115"}],"wp:featuredmedia":[{"embeddable":true,"href":"https:\/\/publikationen.zhdk.ch\/index.php?rest_route=\/wp\/v2\/media\/3590"}],"wp:attachment":[{"href":"https:\/\/publikationen.zhdk.ch\/index.php?rest_route=%2Fwp%2Fv2%2Fmedia&parent=3586"}],"wp:term":[{"taxonomy":"product_brand","embeddable":true,"href":"https:\/\/publikationen.zhdk.ch\/index.php?rest_route=%2Fwp%2Fv2%2Fproduct_brand&post=3586"},{"taxonomy":"product_cat","embeddable":true,"href":"https:\/\/publikationen.zhdk.ch\/index.php?rest_route=%2Fwp%2Fv2%2Fproduct_cat&post=3586"},{"taxonomy":"product_tag","embeddable":true,"href":"https:\/\/publikationen.zhdk.ch\/index.php?rest_route=%2Fwp%2Fv2%2Fproduct_tag&post=3586"}],"curies":[{"name":"wp","href":"https:\/\/api.w.org\/{rel}","templated":true}]}}