{"id":2920,"date":"2019-05-22T14:15:04","date_gmt":"2019-05-22T12:15:04","guid":{"rendered":"http:\/\/publikationen.zhdk.ch\/?post_type=product&#038;p=2920"},"modified":"2022-04-20T15:18:43","modified_gmt":"2022-04-20T13:18:43","slug":"schluesselherz-und-stiefelknecht","status":"publish","type":"product","link":"https:\/\/publikationen.zhdk.ch\/?product=schluesselherz-und-stiefelknecht","title":{"rendered":"Schl\u00fcsselherz und Stiefelknecht | ZHdK Studiengang BA Art Education, Schulmuseum M\u00fchlebach (Hg.)"},"content":{"rendered":"<p>Im Rahmen eines Kooperationsprojekts machten sich Studierende und Doziernde des Bachelor Art Education der Z\u00fcrcher Hochschule der K\u00fcnste (ZHdK) auf eine kreative Reise in die Vergangenheit: Im Schulmuseum M\u00fchlebach in Amriswil\/TG untersuchten sie diverse Objekte der Sammlung und tauchten in ein St\u00fcck Geschichte des technischen und textilen Werkens in der Schweiz ein. Der reiche und faszinierende Schatz an Werken von Sch\u00fclerinnen und Sch\u00fclern, die zwischen 1870 und heute erschaffen wurden, erwies sich als inspirierendes Forschungsfeld.<\/p>\n<p>Mit Beitr\u00e4gen von Alfons Bieger, S\u00e9verine Christen, Roman Eggenberger, Karl Felix, Vera Fanke, Sophie Graff, Evelyne Hofer, Katrin Luchsinger, Simone Mutti, Tido von Oppeln, Maya Richmond, Raphaela Sp\u00e4ni, Peter Truniger, Stefan Wettstein, Laura Zimmermann<\/p>\n<p>ZHdK: Institute for Art Education (IAE)<\/p>\n","protected":false},"excerpt":{"rendered":"<p>Handarbeits- und Werkunterricht von 1870 bis 2014<\/p>\n<p>Generationen von Sch\u00fclerinnen und Sch\u00fclern haben sie hergestellt: Stickmustert\u00fccher, B\u00fcstenhalter, Werkzeugkisten, Vogelh\u00e4uschen, Sitzs\u00e4cke und vieles mehr. Das Buch erz\u00e4hlt auf kurzweilige Weise die Geschichte einiger dieser Objekte. Die Auseinandersetzung mit einer kreativen Sammlung an nostalgischen Objekten sowie Gespr\u00e4che mit Grossm\u00fcttern und Lehrpersonen geben einen Einblick in verschiedene Str\u00f6mungen des Zeitgeists. So wird auf kurzweilige Weise ein St\u00fcck Bildungs-, Kinder-, Kultur-, Kunst-, Wirtschafts- und Sozialgeschichte erz\u00e4hlt.<\/p>\n<p>243 Seiten, Lehrmittelverlag Z\u00fcrich, 2016<br \/>\nISBN 978-3-03713-725-3<\/p>\n","protected":false},"featured_media":2922,"template":"","meta":[],"product_brand":[],"product_cat":[141,419,261,351],"product_tag":[1018,1020],"class_list":{"0":"post-2920","1":"product","2":"type-product","3":"status-publish","4":"has-post-thumbnail","6":"product_cat-iae","7":"product_cat-luchsinger-katrin","8":"product_cat-truniger-peter","9":"product_cat-von-oppeln-tido","10":"product_tag-handarbeitsunterricht","11":"product_tag-werkunterricht","13":"first","14":"instock","15":"shipping-taxable","16":"product-type-external"},"_links":{"self":[{"href":"https:\/\/publikationen.zhdk.ch\/index.php?rest_route=\/wp\/v2\/product\/2920","targetHints":{"allow":["GET"]}}],"collection":[{"href":"https:\/\/publikationen.zhdk.ch\/index.php?rest_route=\/wp\/v2\/product"}],"about":[{"href":"https:\/\/publikationen.zhdk.ch\/index.php?rest_route=\/wp\/v2\/types\/product"}],"version-history":[{"count":3,"href":"https:\/\/publikationen.zhdk.ch\/index.php?rest_route=\/wp\/v2\/product\/2920\/revisions"}],"predecessor-version":[{"id":2962,"href":"https:\/\/publikationen.zhdk.ch\/index.php?rest_route=\/wp\/v2\/product\/2920\/revisions\/2962"}],"wp:featuredmedia":[{"embeddable":true,"href":"https:\/\/publikationen.zhdk.ch\/index.php?rest_route=\/wp\/v2\/media\/2922"}],"wp:attachment":[{"href":"https:\/\/publikationen.zhdk.ch\/index.php?rest_route=%2Fwp%2Fv2%2Fmedia&parent=2920"}],"wp:term":[{"taxonomy":"product_brand","embeddable":true,"href":"https:\/\/publikationen.zhdk.ch\/index.php?rest_route=%2Fwp%2Fv2%2Fproduct_brand&post=2920"},{"taxonomy":"product_cat","embeddable":true,"href":"https:\/\/publikationen.zhdk.ch\/index.php?rest_route=%2Fwp%2Fv2%2Fproduct_cat&post=2920"},{"taxonomy":"product_tag","embeddable":true,"href":"https:\/\/publikationen.zhdk.ch\/index.php?rest_route=%2Fwp%2Fv2%2Fproduct_tag&post=2920"}],"curies":[{"name":"wp","href":"https:\/\/api.w.org\/{rel}","templated":true}]}}