{"id":2898,"date":"2019-05-22T10:29:31","date_gmt":"2019-05-22T08:29:31","guid":{"rendered":"http:\/\/publikationen.zhdk.ch\/?post_type=product&#038;p=2898"},"modified":"2023-08-10T13:22:20","modified_gmt":"2023-08-10T11:22:20","slug":"autorschaft-in-de-kuensten","status":"publish","type":"product","link":"https:\/\/publikationen.zhdk.ch\/?product=autorschaft-in-de-kuensten","title":{"rendered":"Autorschaft in den K\u00fcnsten | Corina Caduff, Tan W\u00e4lchli (Hg.) Z\u00fcrcher Jahrbuch der K\u00fcnste"},"content":{"rendered":"<p>Mit Beitr\u00e4gen von Elke Bippus, Corinna Caduff, Beatriz Colomina, Maria Eichhorn, Michael Eidenbenz, Daniel Fueter, Iris Hermann, Doris Kolesch, Thomas M\u00fcllenbach, Isabel Mundry, Hans-Peter Schwarz, Barbara Vinken, Tan W\u00e4lchi, Sigrid Weigel<\/p>\n","protected":false},"excerpt":{"rendered":"<p>\u00abAutorschaft\u00bb ist seit einigen Jahren ein viel diskutierter Begriff. Das Thema ist nach wie vor sehr aktuell, denn zweifellos ist das Verst\u00e4ndnis von Autorschaft angesichts der fortschreitenden Digitalisierungsprozesse gegenw\u00e4rtig heftig in Bewegung. Welche Auswirkungen haben diese Prozesse auf die Selbstwahrnehmung von K\u00fcnstler*innen? Gilt der Topos vom \u00abTod des Autors\u00bb immer noch, und wie verlaufen die K\u00e4mpfe um Macht und Autorschaftsrechte heute? Diese Debatten werden hier erstmals im Rahmen s\u00e4mtlicher K\u00fcnste gef\u00fchrt. K\u00fcnstler*innen und Wissenschaftler*innen &#8211; vom Konzertpianisten \u00fcber die Designforscherin und den Filmemacher bis hin zur Architekturtheoretikerin &#8211; pr\u00e4sentieren analytische Reflexionen sowie Beispiele aus der aktuellen Praxis aus Architektur, Design, Film, Kunst, Literatur, Musik, Theater.<\/p>\n<p><a href=\"https:\/\/publikationen.zhdk.ch\/?product_cat=zuercher-jahrbuch-der-kuenste\">Z\u00fcrcher Jahrbuch der K\u00fcnste<\/a> 2007<\/p>\n<p>272 Seiten (PDF), Z\u00fcrcher Hochschule der K\u00fcnste, 2007<br \/>\nISBN <a href=\"https:\/\/www.cede.ch\/de\/books\/?id=119529515\">9<\/a>78-3-906437-22-4 (vergriffen)<\/p>\n","protected":false},"featured_media":2902,"template":"","meta":[],"product_brand":[],"product_cat":[509,361,765,871,803],"product_tag":[],"class_list":{"0":"post-2898","1":"product","2":"type-product","3":"status-publish","4":"has-post-thumbnail","6":"product_cat-bippus-elke","7":"product_cat-caduff-corinna","8":"product_cat-waelchli-tan","9":"product_cat-zhdk","10":"product_cat-zuercher-jahrbuch-der-kuenste","12":"first","13":"instock","14":"shipping-taxable","15":"product-type-external"},"_links":{"self":[{"href":"https:\/\/publikationen.zhdk.ch\/index.php?rest_route=\/wp\/v2\/product\/2898","targetHints":{"allow":["GET"]}}],"collection":[{"href":"https:\/\/publikationen.zhdk.ch\/index.php?rest_route=\/wp\/v2\/product"}],"about":[{"href":"https:\/\/publikationen.zhdk.ch\/index.php?rest_route=\/wp\/v2\/types\/product"}],"version-history":[{"count":2,"href":"https:\/\/publikationen.zhdk.ch\/index.php?rest_route=\/wp\/v2\/product\/2898\/revisions"}],"predecessor-version":[{"id":6085,"href":"https:\/\/publikationen.zhdk.ch\/index.php?rest_route=\/wp\/v2\/product\/2898\/revisions\/6085"}],"wp:featuredmedia":[{"embeddable":true,"href":"https:\/\/publikationen.zhdk.ch\/index.php?rest_route=\/wp\/v2\/media\/2902"}],"wp:attachment":[{"href":"https:\/\/publikationen.zhdk.ch\/index.php?rest_route=%2Fwp%2Fv2%2Fmedia&parent=2898"}],"wp:term":[{"taxonomy":"product_brand","embeddable":true,"href":"https:\/\/publikationen.zhdk.ch\/index.php?rest_route=%2Fwp%2Fv2%2Fproduct_brand&post=2898"},{"taxonomy":"product_cat","embeddable":true,"href":"https:\/\/publikationen.zhdk.ch\/index.php?rest_route=%2Fwp%2Fv2%2Fproduct_cat&post=2898"},{"taxonomy":"product_tag","embeddable":true,"href":"https:\/\/publikationen.zhdk.ch\/index.php?rest_route=%2Fwp%2Fv2%2Fproduct_tag&post=2898"}],"curies":[{"name":"wp","href":"https:\/\/api.w.org\/{rel}","templated":true}]}}