{"id":2886,"date":"2019-05-22T10:22:41","date_gmt":"2019-05-22T08:22:41","guid":{"rendered":"http:\/\/publikationen.zhdk.ch\/?post_type=product&#038;p=2886"},"modified":"2023-08-10T13:21:44","modified_gmt":"2023-08-10T11:21:44","slug":"schmerz-in-den-kuensten","status":"publish","type":"product","link":"https:\/\/publikationen.zhdk.ch\/?product=schmerz-in-den-kuensten","title":{"rendered":"Schmerz in den K\u00fcnsten | Corina Caduff, Tan W\u00e4lchli (Hg.) Z\u00fcrcher Jahrbuch der K\u00fcnste"},"content":{"rendered":"<p>Mit Beitr\u00e4gen von Elke Bippus, Corinna Caduff, Beatriz Colomina, Maria Eichhorn, Michael Eidenbenz, Daniel Fueter, Iris Hermann, Doris Kolesch, Thomas M\u00fcllenbach, Isabel Mundry, Hans-Peter Schwarz, Barbara Vinken, Tan W\u00e4lchi, Sigrid Weigel.<\/p>\n","protected":false},"excerpt":{"rendered":"<p>Schmerz ist ein unentwegter Wanderer zwischen K\u00f6rper und Seele, der sich in verschiedenster physischer und psychischer Gestalt artikuliert und den wir alle in irgendeiner Form kennen. Natur- und Geisteswissenschaften besch\u00e4ftigen sich kontinuierlich mit ihm, die Medizin hat ihn sich zu eigen gemacht, in Religionen wird er gepriesen, Neurologen und Kulturwissenschaftler denken \u00fcber ihn nach, w\u00e4hrend ihn die K\u00fcnste immer wieder von Neuem in Szene setzen. Weshalb besch\u00e4ftigt der Schmerz K\u00fcnstlerinnen und K\u00fcnstler so unaufh\u00f6rlich, und inwiefern wird er in den verschiedenen Disziplinen \u00e4hnlich oder unterschiedlich artikuliert? Wissenschaftler*innen und K\u00fcnstler*innen aus der Schweiz, Deutschland und den USA untersuchen die Pr\u00e4senz des Schmerzes in Theater, Performance, Film, Musik, Kunst, Literatur, Architektur, Design und Mode. Zudem enth\u00e4lt der Band visuelle Beitr\u00e4ge zum Thema Schmerz aus der Z\u00fcrcher Hochschule.<\/p>\n<p><a href=\"https:\/\/publikationen.zhdk.ch\/?product_cat=zuercher-jahrbuch-der-kuenste\">Z\u00fcrcher Jahrbuch der K\u00fcnste<\/a> 2008<\/p>\n<p>200 Seiten (PDF), Z\u00fcrcher Hochschule der K\u00fcnste, 2009<br \/>\nISBN 978-3-906437-26-2\u00a0 (Druckausgabe vergriffen)<\/p>\n","protected":false},"featured_media":2900,"template":"","meta":[],"product_brand":[],"product_cat":[361,221,1014,765,871,803],"product_tag":[1016],"class_list":{"0":"post-2886","1":"product","2":"type-product","3":"status-publish","4":"has-post-thumbnail","6":"product_cat-caduff-corinna","7":"product_cat-e-books","8":"product_cat-open-access","9":"product_cat-waelchli-tan","10":"product_cat-zhdk","11":"product_cat-zuercher-jahrbuch-der-kuenste","12":"product_tag-schmerz","14":"first","15":"instock","16":"shipping-taxable","17":"product-type-external"},"_links":{"self":[{"href":"https:\/\/publikationen.zhdk.ch\/index.php?rest_route=\/wp\/v2\/product\/2886","targetHints":{"allow":["GET"]}}],"collection":[{"href":"https:\/\/publikationen.zhdk.ch\/index.php?rest_route=\/wp\/v2\/product"}],"about":[{"href":"https:\/\/publikationen.zhdk.ch\/index.php?rest_route=\/wp\/v2\/types\/product"}],"version-history":[{"count":6,"href":"https:\/\/publikationen.zhdk.ch\/index.php?rest_route=\/wp\/v2\/product\/2886\/revisions"}],"predecessor-version":[{"id":6083,"href":"https:\/\/publikationen.zhdk.ch\/index.php?rest_route=\/wp\/v2\/product\/2886\/revisions\/6083"}],"wp:featuredmedia":[{"embeddable":true,"href":"https:\/\/publikationen.zhdk.ch\/index.php?rest_route=\/wp\/v2\/media\/2900"}],"wp:attachment":[{"href":"https:\/\/publikationen.zhdk.ch\/index.php?rest_route=%2Fwp%2Fv2%2Fmedia&parent=2886"}],"wp:term":[{"taxonomy":"product_brand","embeddable":true,"href":"https:\/\/publikationen.zhdk.ch\/index.php?rest_route=%2Fwp%2Fv2%2Fproduct_brand&post=2886"},{"taxonomy":"product_cat","embeddable":true,"href":"https:\/\/publikationen.zhdk.ch\/index.php?rest_route=%2Fwp%2Fv2%2Fproduct_cat&post=2886"},{"taxonomy":"product_tag","embeddable":true,"href":"https:\/\/publikationen.zhdk.ch\/index.php?rest_route=%2Fwp%2Fv2%2Fproduct_tag&post=2886"}],"curies":[{"name":"wp","href":"https:\/\/api.w.org\/{rel}","templated":true}]}}