{"id":2338,"date":"2019-05-07T17:14:10","date_gmt":"2019-05-07T15:14:10","guid":{"rendered":"http:\/\/publikationen.zhdk.ch\/?post_type=product&#038;p=2338"},"modified":"2022-04-19T20:00:35","modified_gmt":"2022-04-19T18:00:35","slug":"f-la-repete","status":"publish","type":"product","link":"https:\/\/publikationen.zhdk.ch\/?product=f-la-repete","title":{"rendered":"[f: la r\u00e9p\u00e8te] | Gioia Dal Molin, Anna Francke"},"content":{"rendered":"<p>Beitr\u00e4ge von Gioia Dal Molin, Anna Francke, Petra Koehle, Georg Rutishauser, Riikka Tauriainen, Nicolas Vermot-Petit-Outhenin sowie Sabian Baumann, Serena O. Dankwa, knowbotiq (Yvonne Wilhelm, Christian H\u00fcbler), Ren\u00e9 Muhmenthaler, Corinne Pellegrino, Kerstin Schroedinger, Dana Widmer, Heinz-J\u00fcrgen Voss und Besucher*innen<\/p>\n<p>ZHdK: Forschungsschwerpunkt Transdisziplinarit\u00e4t (fsp-t)<\/p>\n","protected":false},"excerpt":{"rendered":"<p>Die Publikation [f: la r\u00e9p\u00e8te] ist sowohl Dokumentation des gleichnamigen Rechercheprojekts als auch Skript f\u00fcr k\u00fcnftige performative Inszenierungen und stellt eine offene, weiterf\u00fchrende Handlungsauf\u00adforderung dar. Es enth\u00e4lt eine Art Logbuch, das Vorg\u00e4nge und Ereignisse festh\u00e4lt und als zeitlich-inhaltliche Klammer funktioniert, sowie Ausz\u00fcge der gef\u00fchrten Gespr\u00e4che und schriftliche Verdichtungen. Als Material\u00adfundus und fragmentarische Doku\u00admenta\u00adtion benennt das Skript theoretische Referenzpunkte und beinhaltet verwendete Bild- und Textquellen. Es gibt Einblick in die Recherche- und Arbeitsprozesse und l\u00e4sst die beteiligten Personen und G\u00e4ste zu Wort kommen. Zugleich intendiert die Text\u00adform immer auch das Moment der \u00dcber\u00adarbeitung: Die Gespr\u00e4chsausz\u00fcge sind unterschiedlich stark verdichtet oder erweitert und forcieren Behauptungen ebenso wie Leerstellen. Das im Begriff \u00abr\u00e9p\u00e8te\u00bb angelegte Moment der Wieder\u00adholung geht mit dem Potenzial einher, stetig neue Leseweisen und Interpretationsspiel\u00adr\u00e4ume zu erproben.<\/p>\n<p>160 Seiten, Fink, 2017<br \/>\nISBN 978-3-0-3746207-2<\/p>\n","protected":false},"featured_media":2340,"template":"","meta":[],"product_brand":[],"product_cat":[1008,1010,159],"product_tag":[663],"class_list":{"0":"post-2338","1":"product","2":"type-product","3":"status-publish","4":"has-post-thumbnail","6":"product_cat-dal-molin-gioia","7":"product_cat-francke-anna","8":"product_cat-fspt","9":"product_tag-performance","11":"first","12":"instock","13":"shipping-taxable","14":"product-type-external"},"_links":{"self":[{"href":"https:\/\/publikationen.zhdk.ch\/index.php?rest_route=\/wp\/v2\/product\/2338","targetHints":{"allow":["GET"]}}],"collection":[{"href":"https:\/\/publikationen.zhdk.ch\/index.php?rest_route=\/wp\/v2\/product"}],"about":[{"href":"https:\/\/publikationen.zhdk.ch\/index.php?rest_route=\/wp\/v2\/types\/product"}],"version-history":[{"count":4,"href":"https:\/\/publikationen.zhdk.ch\/index.php?rest_route=\/wp\/v2\/product\/2338\/revisions"}],"predecessor-version":[{"id":2982,"href":"https:\/\/publikationen.zhdk.ch\/index.php?rest_route=\/wp\/v2\/product\/2338\/revisions\/2982"}],"wp:featuredmedia":[{"embeddable":true,"href":"https:\/\/publikationen.zhdk.ch\/index.php?rest_route=\/wp\/v2\/media\/2340"}],"wp:attachment":[{"href":"https:\/\/publikationen.zhdk.ch\/index.php?rest_route=%2Fwp%2Fv2%2Fmedia&parent=2338"}],"wp:term":[{"taxonomy":"product_brand","embeddable":true,"href":"https:\/\/publikationen.zhdk.ch\/index.php?rest_route=%2Fwp%2Fv2%2Fproduct_brand&post=2338"},{"taxonomy":"product_cat","embeddable":true,"href":"https:\/\/publikationen.zhdk.ch\/index.php?rest_route=%2Fwp%2Fv2%2Fproduct_cat&post=2338"},{"taxonomy":"product_tag","embeddable":true,"href":"https:\/\/publikationen.zhdk.ch\/index.php?rest_route=%2Fwp%2Fv2%2Fproduct_tag&post=2338"}],"curies":[{"name":"wp","href":"https:\/\/api.w.org\/{rel}","templated":true}]}}