{"id":2326,"date":"2019-05-07T17:02:54","date_gmt":"2019-05-07T15:02:54","guid":{"rendered":"http:\/\/publikationen.zhdk.ch\/?post_type=product&#038;p=2326"},"modified":"2022-04-19T19:59:27","modified_gmt":"2022-04-19T17:59:27","slug":"too-big-to-scale","status":"publish","type":"product","link":"https:\/\/publikationen.zhdk.ch\/?product=too-big-to-scale","title":{"rendered":"Too Big to Scale. On Scaling Space, Number, Time and Energy | Florain Dombois, Julie Harboe (eds.)"},"content":{"rendered":"<p>The twenty-first century has been marked by our almost boundless ability to imagine things at a larger, or smaller, size; at a faster speed; capable of solving complex problems using less energy. Our imagination on the topic of scale has driven technological progress, but it has also long inspired the creation of art. With the onset of industrialization in the nineteenth century, experimentation with scale across almost all disciplines accelerated to an entirely different dimension.<\/p>\n<p>With contributions by Haseeb Ahmed, Olivier Chazot, Florian Dombois, Andrew Fisher, Simon Grand, Julie Harboe, Juliet Koss, Adrien Lucca, Frank Schweitzer, Mirjam Steiner, Helmut V\u00f6lter, Sarine Waltensp\u00fcl, Christoph Weckerle, and Reinhard Wendler.<\/p>\n<p>Was w\u00e4re das 21. Jahrhundert ohne eine Vergangenheit massloser Skalierung? Der technologische Fortschritt lebt wesentlich von der gedanklichen F\u00e4higkeit des Menschen, sich Dinge gr\u00f6sser oder kleiner vorzustellen, Prozesse schneller oder langsamer zu imaginieren oder Energien in der Vorstellung zu verst\u00e4rken oder zu reduzieren. Diese F\u00e4higkeit begleitet den Menschen zwar seit den Anf\u00e4ngen der Kunst und ihrer Repr\u00e4sentation, nahm aber seit der Industrialisierung nochmals ganz andere Dimensionen an.<\/p>\n<p>Dieses Buch versammelt Beitr\u00e4ge von 14 Vertreterinnen und Vertretern aus Kunst, Kunstgeschichte, Systemdesign, Kulturanalyse und Aerodynamik, die sich an der Z\u00fcrcher Hochschule der K\u00fcnste ZHdK zur Diskussion der Bedeutung des Skalierens in ihren jeweiligen Disziplinen getroffen haben. Ausgangspunkt war dabei die Kamera, die mit Linse, Zeitlupe\/Zeitraffer, Filmempfindlichkeit bereits drei Dimensionen des Skalierens in ihrem Apparat vereint. Die Vervielf\u00e4ltigung als vierte Dimension l\u00e4sst den vermeintlichen Abbildungsapparat zur Denk- und Vorstellungsmaschine avancieren.<\/p>\n<p>ZHdK: Forschungsschwerpunkt Transdisziplinarit\u00e4t (fsp-t)<\/p>\n","protected":false},"excerpt":{"rendered":"<p>The result of a 2015 symposium at Zurich University of the Arts, <em>Too Big To Scale<\/em> brings together essays by a diverse interdisciplinary group of artists, designers, engineers, and scholars who explore the significance of scale within their respective disciplines. The contributions take as their point of departure the camera, which combines three pathways for scaling\u2014film speed, lens size and speed, and frame rates for fast and slow motion. The possibility of copying images adds a fourth variable, replication. The camera, as the contributors show, does not merely depict our world but can also be seen as actively producing our thoughts and imagination.<\/p>\n<p>208 pages, Scheidegger &amp; Spiess, 2017<br \/>\nISBN 978-3-85881-793-8<\/p>\n","protected":false},"featured_media":2328,"template":"","meta":[],"product_brand":[],"product_cat":[367,159],"product_tag":[],"class_list":{"0":"post-2326","1":"product","2":"type-product","3":"status-publish","4":"has-post-thumbnail","6":"product_cat-dombois-florian","7":"product_cat-fspt","9":"first","10":"instock","11":"shipping-taxable","12":"product-type-external"},"_links":{"self":[{"href":"https:\/\/publikationen.zhdk.ch\/index.php?rest_route=\/wp\/v2\/product\/2326","targetHints":{"allow":["GET"]}}],"collection":[{"href":"https:\/\/publikationen.zhdk.ch\/index.php?rest_route=\/wp\/v2\/product"}],"about":[{"href":"https:\/\/publikationen.zhdk.ch\/index.php?rest_route=\/wp\/v2\/types\/product"}],"version-history":[{"count":3,"href":"https:\/\/publikationen.zhdk.ch\/index.php?rest_route=\/wp\/v2\/product\/2326\/revisions"}],"predecessor-version":[{"id":2980,"href":"https:\/\/publikationen.zhdk.ch\/index.php?rest_route=\/wp\/v2\/product\/2326\/revisions\/2980"}],"wp:featuredmedia":[{"embeddable":true,"href":"https:\/\/publikationen.zhdk.ch\/index.php?rest_route=\/wp\/v2\/media\/2328"}],"wp:attachment":[{"href":"https:\/\/publikationen.zhdk.ch\/index.php?rest_route=%2Fwp%2Fv2%2Fmedia&parent=2326"}],"wp:term":[{"taxonomy":"product_brand","embeddable":true,"href":"https:\/\/publikationen.zhdk.ch\/index.php?rest_route=%2Fwp%2Fv2%2Fproduct_brand&post=2326"},{"taxonomy":"product_cat","embeddable":true,"href":"https:\/\/publikationen.zhdk.ch\/index.php?rest_route=%2Fwp%2Fv2%2Fproduct_cat&post=2326"},{"taxonomy":"product_tag","embeddable":true,"href":"https:\/\/publikationen.zhdk.ch\/index.php?rest_route=%2Fwp%2Fv2%2Fproduct_tag&post=2326"}],"curies":[{"name":"wp","href":"https:\/\/api.w.org\/{rel}","templated":true}]}}