{"id":227,"date":"2019-04-08T21:33:02","date_gmt":"2019-04-08T19:33:02","guid":{"rendered":"http:\/\/publikationen.zhdk.ch\/?post_type=product&#038;p=227"},"modified":"2022-04-19T13:17:00","modified_gmt":"2022-04-19T11:17:00","slug":"physik-der-farbe","status":"publish","type":"product","link":"https:\/\/publikationen.zhdk.ch\/?product=physik-der-farbe","title":{"rendered":"Physik der Farbe | Ulrich Binder"},"content":{"rendered":"<p>Ulrich Binder wagt eine neue Farbenlehre: Abseits von Grundfarben, Sattheitsgraden und Misch\u00adverh\u00e4ltnissen n\u00e4hert er sich dem Thema Farbe \u00fcber die Beschaffenheit und die Empfindung des Materials. Jeder, der bereits gepinselt, lackiert oder gestri\u00adchen hat, weiss, dass es \u00fcber den \u00abobjektiven\u00bb Farbwert hinaus, weitere Eigenschaften gibt, die in der Literatur nicht vorkommen, die aber wesentlich f\u00fcr das Erleben von Farbe sind: Wie geschmeidig ist eine Farbsubstanz, bleibt ihr Glanz auch nach dem Anstrich? L\u00e4sst sie sich gut verr\u00fchren, mischen oder in in Schichten auftra\u00adgen? Bleibt sie elastisch oder wird gar br\u00f6selig?<\/p>\n<p><i>Physik der Farbe<\/i> erz\u00e4hlt das Thema Farbe von der Stofflichkeit her \u2013 von dem, was sich zwi\u00adschen Daumen und Zeigefinger erkunden, zwi\u00adschen Pinsel und Leinwand verstreichen l\u00e4sst. Das Buch arbeitet nicht mit einer neuen Terminologie, es sch\u00e4rft eher die Umgangssprache in Bezug auf Farbe, da diese auf Erfahrungen und Erlebniswei\u00adsen mit dem Material verweist. Es gibt immer eine Stofflichkeit, einen Glanzgrad, eine H\u00e4rte oder Durchl\u00e4ssigkeit, die zusammen mit einem Farbwert erfahrbar werden. Ausserdem gibt es einen Oberfl\u00e4chenverlauf oder eine unter dem Farbfilm liegende Textur, die mit in die Wahrnehmung \u00abdr\u00e4ngen\u00bb \u2013 ein Farbton kommt selten allein.<\/p>\n<div class=\"large-7 small-12 cell\">\n<div class=\"product-page-description needs-read-more-button\">Ulrich Binder, geb. 1958. Ausbildung zum K\u00fcnstler in Luzern, Prag und Paris. Studium der Kunstgeschichte in Bern. Arbeitet als Kunstmaler, Publizist und Dozent u. . an der Z\u00fcrcher Hochschule der K\u00fcnste. Mitverfasser und Herausgeber verschiedener Publikationen zu Fotografie, Kunst und Architektur.<\/div>\n<div><\/div>\n<\/div>\n<div>ZHdK: Institut f\u00fcr Theorie (ITH)<\/div>\n","protected":false},"excerpt":{"rendered":"<p>Eine praktische Farbenlehre f\u00fcr Architektur, Design und Handwerk.<\/p>\n<p>Ulrich Binder wagt eine neue Farbenlehre: Abseits von Grundfarben, Sattheitsgraden und Misch\u00adverh\u00e4ltnissen n\u00e4hert er sich dem Thema Farbe \u00fcber die Beschaffenheit und die Empfindung des Materials. <i>Physik der Farbe<\/i> erz\u00e4hlt das Thema Farbe von der Stofflichkeit her \u2013 von dem, was sich zwi\u00adschen Daumen und Zeigefinger erkunden, zwi\u00adschen Pinsel und Leinwand verstreichen l\u00e4sst. Das Buch arbeitet nicht mit einer neuen Terminologie, es sch\u00e4rft eher die Umgangssprache in Bezug auf Farbe, da diese auf Erfahrungen und Erlebniswei\u00adsen mit dem Material verweist.<\/p>\n<p>112 Seiten, Triest Verlag, 2017<br \/>\nISBN 978-3-03863-021-0<\/p>\n","protected":false},"featured_media":229,"template":"","meta":[],"product_brand":[],"product_cat":[217,149],"product_tag":[],"class_list":{"0":"post-227","1":"product","2":"type-product","3":"status-publish","4":"has-post-thumbnail","6":"product_cat-binder-ulrich","7":"product_cat-ith","9":"first","10":"instock","11":"shipping-taxable","12":"product-type-external"},"_links":{"self":[{"href":"https:\/\/publikationen.zhdk.ch\/index.php?rest_route=\/wp\/v2\/product\/227","targetHints":{"allow":["GET"]}}],"collection":[{"href":"https:\/\/publikationen.zhdk.ch\/index.php?rest_route=\/wp\/v2\/product"}],"about":[{"href":"https:\/\/publikationen.zhdk.ch\/index.php?rest_route=\/wp\/v2\/types\/product"}],"version-history":[{"count":3,"href":"https:\/\/publikationen.zhdk.ch\/index.php?rest_route=\/wp\/v2\/product\/227\/revisions"}],"predecessor-version":[{"id":3326,"href":"https:\/\/publikationen.zhdk.ch\/index.php?rest_route=\/wp\/v2\/product\/227\/revisions\/3326"}],"wp:featuredmedia":[{"embeddable":true,"href":"https:\/\/publikationen.zhdk.ch\/index.php?rest_route=\/wp\/v2\/media\/229"}],"wp:attachment":[{"href":"https:\/\/publikationen.zhdk.ch\/index.php?rest_route=%2Fwp%2Fv2%2Fmedia&parent=227"}],"wp:term":[{"taxonomy":"product_brand","embeddable":true,"href":"https:\/\/publikationen.zhdk.ch\/index.php?rest_route=%2Fwp%2Fv2%2Fproduct_brand&post=227"},{"taxonomy":"product_cat","embeddable":true,"href":"https:\/\/publikationen.zhdk.ch\/index.php?rest_route=%2Fwp%2Fv2%2Fproduct_cat&post=227"},{"taxonomy":"product_tag","embeddable":true,"href":"https:\/\/publikationen.zhdk.ch\/index.php?rest_route=%2Fwp%2Fv2%2Fproduct_tag&post=227"}],"curies":[{"name":"wp","href":"https:\/\/api.w.org\/{rel}","templated":true}]}}