{"id":2252,"date":"2019-05-07T09:06:06","date_gmt":"2019-05-07T07:06:06","guid":{"rendered":"http:\/\/publikationen.zhdk.ch\/?post_type=product&#038;p=2252"},"modified":"2023-01-30T13:38:01","modified_gmt":"2023-01-30T12:38:01","slug":"designethnografie-ebook","status":"publish","type":"product","link":"https:\/\/publikationen.zhdk.ch\/?product=designethnografie-ebook","title":{"rendered":"Designethnografie. Methodologie und Praxisbeispiele | Francis M\u00fcller [E-Book PDF]"},"content":{"rendered":"<p>ZHdK: Institut f\u00fcr Designforschung (IDE)<\/p>\n","protected":false},"excerpt":{"rendered":"<p>Das Lehrbuch entwickelt Methoden f\u00fcr die Designrecherche, denn Designen erfordert und erzeugt zugleich Wissen, was in der Praxis oftmals intuitiv passiert. Wird die Erzeugung dieses Wissens jedoch methodisch geleitet und reflektiert, dann st\u00e4rkt dies die Designdisziplin und beg\u00fcnstigt ihre interdisziplin\u00e4re Vernetzung. Die Ethnografie ist hierzu eine geeignete Methode: Designethnografie bedeutet, dass eine Designerin in eine soziale Lebenswelt eintaucht, dort bestimmte Wirklichkeitsausschnitte beobachtet, analysiert und sie ver\u00e4ndert \u2013 zum Beispiel mit Intervention und partizipativen Ans\u00e4tzen. Werden solche Verfahren dokumentiert und theoretisch reflektiert, dann werden designspezifische Erkenntnismodi sichtbar.<\/p>\n<p>332 Seiten (PDF), Springer, 2018<br \/>\nISBN 978-3-658-21388-6<\/p>\n","protected":false},"featured_media":2248,"template":"","meta":[],"product_brand":[],"product_cat":[153,221,1514,917,1014],"product_tag":[821],"class_list":{"0":"post-2252","1":"product","2":"type-product","3":"status-publish","4":"has-post-thumbnail","6":"product_cat-design","7":"product_cat-e-books","8":"product_cat-e-publikationen","9":"product_cat-mueller-francis","10":"product_cat-open-access","11":"product_tag-design","13":"first","14":"instock","15":"shipping-taxable","16":"product-type-external"},"_links":{"self":[{"href":"https:\/\/publikationen.zhdk.ch\/index.php?rest_route=\/wp\/v2\/product\/2252","targetHints":{"allow":["GET"]}}],"collection":[{"href":"https:\/\/publikationen.zhdk.ch\/index.php?rest_route=\/wp\/v2\/product"}],"about":[{"href":"https:\/\/publikationen.zhdk.ch\/index.php?rest_route=\/wp\/v2\/types\/product"}],"version-history":[{"count":3,"href":"https:\/\/publikationen.zhdk.ch\/index.php?rest_route=\/wp\/v2\/product\/2252\/revisions"}],"predecessor-version":[{"id":3160,"href":"https:\/\/publikationen.zhdk.ch\/index.php?rest_route=\/wp\/v2\/product\/2252\/revisions\/3160"}],"wp:featuredmedia":[{"embeddable":true,"href":"https:\/\/publikationen.zhdk.ch\/index.php?rest_route=\/wp\/v2\/media\/2248"}],"wp:attachment":[{"href":"https:\/\/publikationen.zhdk.ch\/index.php?rest_route=%2Fwp%2Fv2%2Fmedia&parent=2252"}],"wp:term":[{"taxonomy":"product_brand","embeddable":true,"href":"https:\/\/publikationen.zhdk.ch\/index.php?rest_route=%2Fwp%2Fv2%2Fproduct_brand&post=2252"},{"taxonomy":"product_cat","embeddable":true,"href":"https:\/\/publikationen.zhdk.ch\/index.php?rest_route=%2Fwp%2Fv2%2Fproduct_cat&post=2252"},{"taxonomy":"product_tag","embeddable":true,"href":"https:\/\/publikationen.zhdk.ch\/index.php?rest_route=%2Fwp%2Fv2%2Fproduct_tag&post=2252"}],"curies":[{"name":"wp","href":"https:\/\/api.w.org\/{rel}","templated":true}]}}