{"id":2228,"date":"2019-05-06T18:37:30","date_gmt":"2019-05-06T16:37:30","guid":{"rendered":"http:\/\/publikationen.zhdk.ch\/?post_type=product&#038;p=2228"},"modified":"2022-04-19T19:54:25","modified_gmt":"2022-04-19T17:54:25","slug":"zhdk-den-kuensten-eine-zukunft","status":"publish","type":"product","link":"https:\/\/publikationen.zhdk.ch\/?product=zhdk-den-kuensten-eine-zukunft","title":{"rendered":"ZHdK &#8211; Den K\u00fcnsten eine Zukunft | Hans-Peter Schwarz (Hg.)"},"content":{"rendered":"<p>Mit Beitr\u00e4gen von Nicole Biermaier, Ulrich Binder\/Ruedi Wyss, Corina Caduff, Elisabeth Danuser, Peter Danzeisen, Michael Eidenbenz, Urs Fanger, Daniel Fueter, Andrea Gleiniger, Bernhard Lehner, Oliver Matz, Matthias Michel, Jacqueline Otten, Ursula Pellaton, Dominik Sackmann, Thomas Sch\u00e4rer, Giaco Schiesser, Janine Schiller, Hans-Peter Schwarz, Christoph Weckerle, Hartmut Wickert und Martin Woodtli.<\/p>\n","protected":false},"excerpt":{"rendered":"<p>Im August 2007 vereinigten sich die Z\u00fcrcher Hochschulen der Sparten Musik, Bildende Kunst und Design, Theater, Film und Tanz zur Z\u00fcrcher Hochschule der K\u00fcnste ZHdK. Diese Publikation erz\u00e4hlt und reflektiert essayistisch die Geschichte der Kunstausbildung im Generellen, die Spezifika der einzelnen Disziplinen und zeichnet die Entwicklung der Studieng\u00e4nge im 20. Jahrhundert nach.<br \/>\nHistorischer Hintergrund und Perspektiven der ZHdK, dieser zukunftweisenden Bildungsinstitution, werden aus kultur- und bildungspolitischer sowie kunstwissenschaftlicher Sicht beleuchtet und mit zahlreichen Bilddokumenten von Werken bedeutender Absolventinnen und Absolventen illustriert; die performativen K\u00fcnste werden auf DVD und CD vermittelt. Ein attraktiver und lehrreicher Blick in eine Dom\u00e4ne schweizerischer Kultur- und Ausbildungsgeschichte.<\/p>\n<p>408 Seiten, CD, DVD, Scheidegger &amp; Spiess, 2007<br \/>\nISBN 978-3-85881-200-1<\/p>\n<p>vergriffen, Restexemplare beim Verlag erh\u00e4ltlich<\/p>\n","protected":false},"featured_media":2234,"template":"","meta":[],"product_brand":[],"product_cat":[974,871],"product_tag":[633],"class_list":{"0":"post-2228","1":"product","2":"type-product","3":"status-publish","4":"has-post-thumbnail","6":"product_cat-schwarz-hans-peter","7":"product_cat-zhdk","8":"product_tag-zhdk","10":"first","11":"instock","12":"shipping-taxable","13":"product-type-external"},"_links":{"self":[{"href":"https:\/\/publikationen.zhdk.ch\/index.php?rest_route=\/wp\/v2\/product\/2228","targetHints":{"allow":["GET"]}}],"collection":[{"href":"https:\/\/publikationen.zhdk.ch\/index.php?rest_route=\/wp\/v2\/product"}],"about":[{"href":"https:\/\/publikationen.zhdk.ch\/index.php?rest_route=\/wp\/v2\/types\/product"}],"version-history":[{"count":2,"href":"https:\/\/publikationen.zhdk.ch\/index.php?rest_route=\/wp\/v2\/product\/2228\/revisions"}],"predecessor-version":[{"id":2704,"href":"https:\/\/publikationen.zhdk.ch\/index.php?rest_route=\/wp\/v2\/product\/2228\/revisions\/2704"}],"wp:featuredmedia":[{"embeddable":true,"href":"https:\/\/publikationen.zhdk.ch\/index.php?rest_route=\/wp\/v2\/media\/2234"}],"wp:attachment":[{"href":"https:\/\/publikationen.zhdk.ch\/index.php?rest_route=%2Fwp%2Fv2%2Fmedia&parent=2228"}],"wp:term":[{"taxonomy":"product_brand","embeddable":true,"href":"https:\/\/publikationen.zhdk.ch\/index.php?rest_route=%2Fwp%2Fv2%2Fproduct_brand&post=2228"},{"taxonomy":"product_cat","embeddable":true,"href":"https:\/\/publikationen.zhdk.ch\/index.php?rest_route=%2Fwp%2Fv2%2Fproduct_cat&post=2228"},{"taxonomy":"product_tag","embeddable":true,"href":"https:\/\/publikationen.zhdk.ch\/index.php?rest_route=%2Fwp%2Fv2%2Fproduct_tag&post=2228"}],"curies":[{"name":"wp","href":"https:\/\/api.w.org\/{rel}","templated":true}]}}