{"id":2170,"date":"2019-05-06T16:59:06","date_gmt":"2019-05-06T14:59:06","guid":{"rendered":"http:\/\/publikationen.zhdk.ch\/?post_type=product&#038;p=2170"},"modified":"2023-08-10T13:21:01","modified_gmt":"2023-08-10T11:21:01","slug":"zuercher-jahrbuch-2009","status":"publish","type":"product","link":"https:\/\/publikationen.zhdk.ch\/?product=zuercher-jahrbuch-2009","title":{"rendered":"Kunst und k\u00fcnstlerische Forschung &#8211; Art and artistic research | Z\u00fcrcher Jahrbuch der K\u00fcnste"},"content":{"rendered":"<p>Mit Originalbeitr\u00e4gen namhafter Autoren aus Grossbritannien, Schweden, Norwegen, den Niederlanden, Australien, Deutschland und der Schweiz.<\/p>\n<p>Herausgegeben von Corina Caduff, Fiona Siegenthaler und Tan W\u00e4lchli<\/p>\n","protected":false},"excerpt":{"rendered":"<p>&#8218;K\u00fcnstlerische Forschung&#8216; bezeichnet eine spezifische Kunstpraxis, bei der die K\u00fcnstlerinnen und K\u00fcnstler selbst als Forschende agieren und ihre Resultate in Form von Kunstprodukten darstellen. Nachdem diese Praxis in den 1990er-Jahren besonders im Bereich der Visual Arts zu einem wichtigen Diskussionsfeld der internationalen Kunstausbildung wurde, hat sie sich seit neuestem auch in anderen Bereichen etabliert: in Design, Theater, Film, Musik und Tanz. Dabei ist eine zentrale Frage immer noch ungel\u00f6st: Was genau ist der Unterschied zwischen Kunst und k\u00fcnstlerischer Forschung? Nur wenn klar ist, worin sich die neue Forschungspraxis von Kunst einerseits und von traditioneller Forschung anderseits unterscheidet, kann sie sich als spezifisches T\u00e4tigkeitsfeld etablieren. Dieser Begriffskl\u00e4rung sp\u00fcrt das vorliegende Buch nach. (dt.\/engl.)<\/p>\n<p><a href=\"https:\/\/publikationen.zhdk.ch\/?product_cat=zuercher-jahrbuch-der-kuenste\">Z\u00fcrcher Jahrbuch der K\u00fcnste<\/a> 6\/2009<\/p>\n<p>464 Seiten, Scheidegger &amp; Spiess, 2009<br \/>\nISBN 978-3-85881-293-3<\/p>\n","protected":false},"featured_media":2174,"template":"","meta":[],"product_brand":[],"product_cat":[361,765,871,803],"product_tag":[861],"class_list":{"0":"post-2170","1":"product","2":"type-product","3":"status-publish","4":"has-post-thumbnail","6":"product_cat-caduff-corinna","7":"product_cat-waelchli-tan","8":"product_cat-zhdk","9":"product_cat-zuercher-jahrbuch-der-kuenste","10":"product_tag-kuenstlerische-forschung","12":"first","13":"instock","14":"shipping-taxable","15":"product-type-external"},"_links":{"self":[{"href":"https:\/\/publikationen.zhdk.ch\/index.php?rest_route=\/wp\/v2\/product\/2170","targetHints":{"allow":["GET"]}}],"collection":[{"href":"https:\/\/publikationen.zhdk.ch\/index.php?rest_route=\/wp\/v2\/product"}],"about":[{"href":"https:\/\/publikationen.zhdk.ch\/index.php?rest_route=\/wp\/v2\/types\/product"}],"version-history":[{"count":5,"href":"https:\/\/publikationen.zhdk.ch\/index.php?rest_route=\/wp\/v2\/product\/2170\/revisions"}],"predecessor-version":[{"id":6081,"href":"https:\/\/publikationen.zhdk.ch\/index.php?rest_route=\/wp\/v2\/product\/2170\/revisions\/6081"}],"wp:featuredmedia":[{"embeddable":true,"href":"https:\/\/publikationen.zhdk.ch\/index.php?rest_route=\/wp\/v2\/media\/2174"}],"wp:attachment":[{"href":"https:\/\/publikationen.zhdk.ch\/index.php?rest_route=%2Fwp%2Fv2%2Fmedia&parent=2170"}],"wp:term":[{"taxonomy":"product_brand","embeddable":true,"href":"https:\/\/publikationen.zhdk.ch\/index.php?rest_route=%2Fwp%2Fv2%2Fproduct_brand&post=2170"},{"taxonomy":"product_cat","embeddable":true,"href":"https:\/\/publikationen.zhdk.ch\/index.php?rest_route=%2Fwp%2Fv2%2Fproduct_cat&post=2170"},{"taxonomy":"product_tag","embeddable":true,"href":"https:\/\/publikationen.zhdk.ch\/index.php?rest_route=%2Fwp%2Fv2%2Fproduct_tag&post=2170"}],"curies":[{"name":"wp","href":"https:\/\/api.w.org\/{rel}","templated":true}]}}