{"id":2156,"date":"2019-05-06T16:29:54","date_gmt":"2019-05-06T14:29:54","guid":{"rendered":"http:\/\/publikationen.zhdk.ch\/?post_type=product&#038;p=2156"},"modified":"2022-04-19T19:49:50","modified_gmt":"2022-04-19T17:49:50","slug":"zuercher-hochschule-der-kuenste-toni-areal","status":"publish","type":"product","link":"https:\/\/publikationen.zhdk.ch\/?product=zuercher-hochschule-der-kuenste-toni-areal","title":{"rendered":"Z\u00fcrcher Hochschule der K\u00fcnste: Toni-Areal | Janine Schiller, Katharina Nill (Hg.)"},"content":{"rendered":"<p>Herausgegeben von Janine Schiller und Katharina Nill im Auftrag der Z\u00fcrcher Hochschule der K\u00fcnste ZHdK<\/p>\n<p>Mit Beitr\u00e4gen von Felix Escher, Thomas D. Meier, Katharina Nill, Kathrin Passig, Janine Schiller und Peter Weber; Illustrationen von Ingo Giezendanner GRRR; und Fotografien von Regula Bearth, David Bienz, Barbara B\u00fchler, Johannes Dietschi, Hanspeter Dudli, Filip Dujardin, Betty Fleck, Roger Frei, Simon Habegger, Simon Menges, Thomas Schlup und Roland T\u00e4nnler.<\/p>\n","protected":false},"excerpt":{"rendered":"<p>Aus der einst modernsten Grossmolkerei Europas ist eine Kunsthochschule geworden: Auf dem Toni-Areal in Z\u00fcrich-West sind seit Herbst 2014 die Studierenden und Lehrenden der Z\u00fcrcher Hochschule der K\u00fcnste ZHdK zu Hause. Das Z\u00fcrcher Architekturb\u00fcro EM2N hat die kolossale Geb\u00e4udestruktur beim Umbau zur Kunsthochschule bewahrt und die ehemalige \u00abJoghurtfabrik\u00bb zu einer Stadt im Haus umgewandelt. Das Raumprogramm erm\u00f6glicht eine zeitgem\u00e4sse Lern- und Lehrumgebung, die sich \u2013 im Sinne der Wissensarchitektur \u2013 zum urbanen Umfeld \u00f6ffnet. Ateliers, B\u00fcros, Konzert- und H\u00f6rs\u00e4le, Ausstellungsr\u00e4ume, Kino, Museum, Musikklub, Gastronomie und 100 Mietwohnungen liegen hier T\u00fcr an T\u00fcr. Das Buch dokumentiert in Bild und Text die Wandlung des Toni-Areals und das heutige Mit- und Nebeneinander unterschiedlicher Mentalit\u00e4ten und Arbeitsweisen.<\/p>\n<p>288 Seiten, Scheidegger &amp; Spiess, 2016<br \/>\nISBN 978-3-85881-494-4<\/p>\n<p>&nbsp;<\/p>\n","protected":false},"featured_media":2322,"template":"","meta":[],"product_brand":[],"product_cat":[960,958,871],"product_tag":[],"class_list":{"0":"post-2156","1":"product","2":"type-product","3":"status-publish","4":"has-post-thumbnail","6":"product_cat-nill-katharina","7":"product_cat-schiller-janine","8":"product_cat-zhdk","10":"first","11":"instock","12":"shipping-taxable","13":"product-type-external"},"_links":{"self":[{"href":"https:\/\/publikationen.zhdk.ch\/index.php?rest_route=\/wp\/v2\/product\/2156","targetHints":{"allow":["GET"]}}],"collection":[{"href":"https:\/\/publikationen.zhdk.ch\/index.php?rest_route=\/wp\/v2\/product"}],"about":[{"href":"https:\/\/publikationen.zhdk.ch\/index.php?rest_route=\/wp\/v2\/types\/product"}],"version-history":[{"count":2,"href":"https:\/\/publikationen.zhdk.ch\/index.php?rest_route=\/wp\/v2\/product\/2156\/revisions"}],"predecessor-version":[{"id":2692,"href":"https:\/\/publikationen.zhdk.ch\/index.php?rest_route=\/wp\/v2\/product\/2156\/revisions\/2692"}],"wp:featuredmedia":[{"embeddable":true,"href":"https:\/\/publikationen.zhdk.ch\/index.php?rest_route=\/wp\/v2\/media\/2322"}],"wp:attachment":[{"href":"https:\/\/publikationen.zhdk.ch\/index.php?rest_route=%2Fwp%2Fv2%2Fmedia&parent=2156"}],"wp:term":[{"taxonomy":"product_brand","embeddable":true,"href":"https:\/\/publikationen.zhdk.ch\/index.php?rest_route=%2Fwp%2Fv2%2Fproduct_brand&post=2156"},{"taxonomy":"product_cat","embeddable":true,"href":"https:\/\/publikationen.zhdk.ch\/index.php?rest_route=%2Fwp%2Fv2%2Fproduct_cat&post=2156"},{"taxonomy":"product_tag","embeddable":true,"href":"https:\/\/publikationen.zhdk.ch\/index.php?rest_route=%2Fwp%2Fv2%2Fproduct_tag&post=2156"}],"curies":[{"name":"wp","href":"https:\/\/api.w.org\/{rel}","templated":true}]}}