{"id":2148,"date":"2019-05-06T16:19:13","date_gmt":"2019-05-06T14:19:13","guid":{"rendered":"http:\/\/publikationen.zhdk.ch\/?post_type=product&#038;p=2148"},"modified":"2022-04-19T19:49:24","modified_gmt":"2022-04-19T17:49:24","slug":"gestaltung-der-grundlagen","status":"publish","type":"product","link":"https:\/\/publikationen.zhdk.ch\/?product=gestaltung-der-grundlagen","title":{"rendered":"Gestaltung der Grundlagen | Ulrich Binder, Ruedi Wyss"},"content":{"rendered":"<p>In kurzen und verst\u00e4ndlichen Texten gibt der Autor, selbst Dozent des Prop\u00e4deutikums, des Vorbereitungskurs an der Z\u00fcrcher Hochschule der K\u00fcnste, Antworten auf diese Fragen. Zusammen mit dem umfangreichen Bildmaterial, das zu einer kleinen Geschichte der Gestaltungsanweisungen zusammengestellt ist, wird dieses kleine Handbuch so f\u00fcr alle Lehrenden und Lernenden im Bereich von Gestaltung und Kunst lesenswert.<\/p>\n<p>Texte von Ulrich Binder, herausgegeben von Ruedi Wyss<\/p>\n","protected":false},"excerpt":{"rendered":"<p class=\"title\">Aus dem Gestalterischen Prop\u00e4deutikum der Z\u00fcrcher Hochschule der K\u00fcnste<\/p>\n<p>Die in diesem Band versammelten Fragen sind nicht frei erfunden. Sie werden von jungen Menschen gestellt, die im Ungewissen dar\u00fcber sind, ob sie sich f\u00fcr eine gestalterische Ausbildung oder eine k\u00fcnstlerische Laufbahn entscheiden sollen. Sie m\u00f6chten mehr wissen \u00fcber die Voraussetzungen und was sie im ersten Jahr der Ausbildung und auch sp\u00e4ter an der Kunsthochschule erwartet.<\/p>\n<p>236 Seiten, Niggli, 2013<br \/>\nISBN 978-3-7212-0877-1<\/p>\n","protected":false},"featured_media":2150,"template":"","meta":[],"product_brand":[],"product_cat":[217,956,871],"product_tag":[954,633],"class_list":{"0":"post-2148","1":"product","2":"type-product","3":"status-publish","4":"has-post-thumbnail","6":"product_cat-binder-ulrich","7":"product_cat-wyss-ruedi","8":"product_cat-zhdk","9":"product_tag-propaedeutikum","10":"product_tag-zhdk","12":"first","13":"instock","14":"shipping-taxable","15":"product-type-external"},"_links":{"self":[{"href":"https:\/\/publikationen.zhdk.ch\/index.php?rest_route=\/wp\/v2\/product\/2148","targetHints":{"allow":["GET"]}}],"collection":[{"href":"https:\/\/publikationen.zhdk.ch\/index.php?rest_route=\/wp\/v2\/product"}],"about":[{"href":"https:\/\/publikationen.zhdk.ch\/index.php?rest_route=\/wp\/v2\/types\/product"}],"version-history":[{"count":3,"href":"https:\/\/publikationen.zhdk.ch\/index.php?rest_route=\/wp\/v2\/product\/2148\/revisions"}],"predecessor-version":[{"id":2698,"href":"https:\/\/publikationen.zhdk.ch\/index.php?rest_route=\/wp\/v2\/product\/2148\/revisions\/2698"}],"wp:featuredmedia":[{"embeddable":true,"href":"https:\/\/publikationen.zhdk.ch\/index.php?rest_route=\/wp\/v2\/media\/2150"}],"wp:attachment":[{"href":"https:\/\/publikationen.zhdk.ch\/index.php?rest_route=%2Fwp%2Fv2%2Fmedia&parent=2148"}],"wp:term":[{"taxonomy":"product_brand","embeddable":true,"href":"https:\/\/publikationen.zhdk.ch\/index.php?rest_route=%2Fwp%2Fv2%2Fproduct_brand&post=2148"},{"taxonomy":"product_cat","embeddable":true,"href":"https:\/\/publikationen.zhdk.ch\/index.php?rest_route=%2Fwp%2Fv2%2Fproduct_cat&post=2148"},{"taxonomy":"product_tag","embeddable":true,"href":"https:\/\/publikationen.zhdk.ch\/index.php?rest_route=%2Fwp%2Fv2%2Fproduct_tag&post=2148"}],"curies":[{"name":"wp","href":"https:\/\/api.w.org\/{rel}","templated":true}]}}