{"id":2124,"date":"2019-05-06T15:11:36","date_gmt":"2019-05-06T13:11:36","guid":{"rendered":"http:\/\/publikationen.zhdk.ch\/?post_type=product&#038;p=2124"},"modified":"2023-08-10T13:49:19","modified_gmt":"2023-08-10T11:49:19","slug":"epistemologien-des-aesthetischen-ebook","status":"publish","type":"product","link":"https:\/\/publikationen.zhdk.ch\/?product=epistemologien-des-aesthetischen-ebook","title":{"rendered":"Epistemologien des \u00c4sthetischen | Dieter Mersch [E-Book PDF]"},"content":{"rendered":"<p>ZHdK: Institut f\u00fcr Theorie (ITH)<\/p>\n","protected":false},"excerpt":{"rendered":"<p>Von der Kunst als Forschung und der Forschung als Kunst ist sp\u00e4testens seit den 1990er-Jahren die Rede. Das Konzept sucht die K\u00fcnste und Wissenschaften in ihrer Arbeitsweise einander anzun\u00e4hern, doch wird dabei kaum die Frage gestellt, welche Art von Wissen die K\u00fcnste im Unterschied zu den Wissenschaften hervorbringen. Dieter Mersch zeichnet die lange philosophische Tradition des Ringens um den epistemologischen Status des \u00c4sthetischen und seiner Beziehung zur Wahrheit nach und arbeitet daran, die zugrunde liegende Begrifflichkeit zu dekonstruieren und zu verschieben. Sein Anliegen ist es, in den k\u00fcnstlerischen Praktiken selbst eine Weise des Denkens zu entdecken, die sich weder der Sprache und ihrer \u2039Form des Aussagens\u203a bedient noch in die diskursiven Gestalten der Wissenschaften \u00fcbersetzbar ist: ein \u00e4sthetisches Denken jenseits des \u2039linguistic turn\u203a und des Selbstverst\u00e4ndnisses philosophischer Hermeneutik und des Poststrukturalismus, das sich durch nichts substituieren l\u00e4sst.<\/p>\n<p>Reihe<a href=\"https:\/\/publikationen.zhdk.ch\/?product_cat=denkt-kunst\"> Denkt Kunst<\/a><\/p>\n<p>200 Seiten (PDF), Diaphanes, 2015<br \/>\nISBN <span class=\"st\">978-3-03734-746-1<\/span><\/p>\n","protected":false},"featured_media":2120,"template":"","meta":[],"product_brand":[],"product_cat":[149,291,221,1514,245],"product_tag":[],"class_list":{"0":"post-2124","1":"product","2":"type-product","3":"status-publish","4":"has-post-thumbnail","6":"product_cat-ith","7":"product_cat-denkt-kunst","8":"product_cat-e-books","9":"product_cat-e-publikationen","10":"product_cat-mersch-dieter","12":"first","13":"instock","14":"shipping-taxable","15":"product-type-external"},"_links":{"self":[{"href":"https:\/\/publikationen.zhdk.ch\/index.php?rest_route=\/wp\/v2\/product\/2124","targetHints":{"allow":["GET"]}}],"collection":[{"href":"https:\/\/publikationen.zhdk.ch\/index.php?rest_route=\/wp\/v2\/product"}],"about":[{"href":"https:\/\/publikationen.zhdk.ch\/index.php?rest_route=\/wp\/v2\/types\/product"}],"version-history":[{"count":6,"href":"https:\/\/publikationen.zhdk.ch\/index.php?rest_route=\/wp\/v2\/product\/2124\/revisions"}],"predecessor-version":[{"id":6157,"href":"https:\/\/publikationen.zhdk.ch\/index.php?rest_route=\/wp\/v2\/product\/2124\/revisions\/6157"}],"wp:featuredmedia":[{"embeddable":true,"href":"https:\/\/publikationen.zhdk.ch\/index.php?rest_route=\/wp\/v2\/media\/2120"}],"wp:attachment":[{"href":"https:\/\/publikationen.zhdk.ch\/index.php?rest_route=%2Fwp%2Fv2%2Fmedia&parent=2124"}],"wp:term":[{"taxonomy":"product_brand","embeddable":true,"href":"https:\/\/publikationen.zhdk.ch\/index.php?rest_route=%2Fwp%2Fv2%2Fproduct_brand&post=2124"},{"taxonomy":"product_cat","embeddable":true,"href":"https:\/\/publikationen.zhdk.ch\/index.php?rest_route=%2Fwp%2Fv2%2Fproduct_cat&post=2124"},{"taxonomy":"product_tag","embeddable":true,"href":"https:\/\/publikationen.zhdk.ch\/index.php?rest_route=%2Fwp%2Fv2%2Fproduct_tag&post=2124"}],"curies":[{"name":"wp","href":"https:\/\/api.w.org\/{rel}","templated":true}]}}