{"id":2096,"date":"2019-05-06T14:57:58","date_gmt":"2019-05-06T12:57:58","guid":{"rendered":"http:\/\/publikationen.zhdk.ch\/?post_type=product&#038;p=2096"},"modified":"2023-08-10T13:46:55","modified_gmt":"2023-08-10T11:46:55","slug":"pathos-des-leibes-ebook","status":"publish","type":"product","link":"https:\/\/publikationen.zhdk.ch\/?product=pathos-des-leibes-ebook","title":{"rendered":"Pathos des Leibes. Ph\u00e4nomenologie \u00e4sthetischer Praxis | J\u00f6rg Sternagel [E-Book PDF]"},"content":{"rendered":"<p>ZHdK: Institut f\u00fcr Theorie (ITH)<\/p>\n","protected":false},"excerpt":{"rendered":"<p>Die Situation eines jeden K\u00fcnstlers ist eine menschliche und damit leibgebundene: Auch K\u00fcnstler bewegen sich in einem Gegenwartsfeld und gehen von dem aus, was sie aktuell vor sich und um sich sehen. Sie befinden sich im Bereich des Aktuellen, im Bereich der Dinge, mit denen sie praktisch umgehen. Ihre leibliche Situation konstituiert sich: das, was ihnen in ihrer aktuellen Situation begegnet, bekundet sich selbst als etwas Gewordenes. Die Welt tritt nicht von au\u00dfen als blo\u00dfe Erg\u00e4nzung hinzu, sondern die Situation enth\u00fcllt sich selber als welthaft, insofern das, was im Hier und Jetzt begegnet, \u00fcber sich hinaus verweist. Der Text fragt nach Aktualit\u00e4ten des Leibes im k\u00fcnstlerischen Bet\u00e4tigen und Lernen, die sich mit Habitualit\u00e4ten des Leibes verschr\u00e4nken, die Dichtern, Malern, Musikern wie Schauspielern zur Verf\u00fcgung stehen, ihre Welt mit entstehen lassen und diese auch auf Papier, Leinwand, Tontr\u00e4ger, B\u00fchne und Bildschirm bringen.<\/p>\n<p>Reihe <a href=\"https:\/\/publikationen.zhdk.ch\/?product_cat=denkt-kunst\">Denkt Kunst<\/a><\/p>\n<p>200 Seiten (PDF), Diaphanes, 2016<br \/>\nISBN <span class=\"st\">978-3-03734-557-3<\/span><\/p>\n<p>&nbsp;<\/p>\n<p>&nbsp;<\/p>\n","protected":false},"featured_media":2088,"template":"","meta":[],"product_brand":[],"product_cat":[149,291,221,1514,215],"product_tag":[],"class_list":{"0":"post-2096","1":"product","2":"type-product","3":"status-publish","4":"has-post-thumbnail","6":"product_cat-ith","7":"product_cat-denkt-kunst","8":"product_cat-e-books","9":"product_cat-e-publikationen","10":"product_cat-sternagel-joerg","12":"first","13":"instock","14":"shipping-taxable","15":"product-type-external"},"_links":{"self":[{"href":"https:\/\/publikationen.zhdk.ch\/index.php?rest_route=\/wp\/v2\/product\/2096","targetHints":{"allow":["GET"]}}],"collection":[{"href":"https:\/\/publikationen.zhdk.ch\/index.php?rest_route=\/wp\/v2\/product"}],"about":[{"href":"https:\/\/publikationen.zhdk.ch\/index.php?rest_route=\/wp\/v2\/types\/product"}],"version-history":[{"count":6,"href":"https:\/\/publikationen.zhdk.ch\/index.php?rest_route=\/wp\/v2\/product\/2096\/revisions"}],"predecessor-version":[{"id":6151,"href":"https:\/\/publikationen.zhdk.ch\/index.php?rest_route=\/wp\/v2\/product\/2096\/revisions\/6151"}],"wp:featuredmedia":[{"embeddable":true,"href":"https:\/\/publikationen.zhdk.ch\/index.php?rest_route=\/wp\/v2\/media\/2088"}],"wp:attachment":[{"href":"https:\/\/publikationen.zhdk.ch\/index.php?rest_route=%2Fwp%2Fv2%2Fmedia&parent=2096"}],"wp:term":[{"taxonomy":"product_brand","embeddable":true,"href":"https:\/\/publikationen.zhdk.ch\/index.php?rest_route=%2Fwp%2Fv2%2Fproduct_brand&post=2096"},{"taxonomy":"product_cat","embeddable":true,"href":"https:\/\/publikationen.zhdk.ch\/index.php?rest_route=%2Fwp%2Fv2%2Fproduct_cat&post=2096"},{"taxonomy":"product_tag","embeddable":true,"href":"https:\/\/publikationen.zhdk.ch\/index.php?rest_route=%2Fwp%2Fv2%2Fproduct_tag&post=2096"}],"curies":[{"name":"wp","href":"https:\/\/api.w.org\/{rel}","templated":true}]}}