{"id":209,"date":"2019-04-08T20:58:38","date_gmt":"2019-04-08T18:58:38","guid":{"rendered":"http:\/\/publikationen.zhdk.ch\/?post_type=product&#038;p=209"},"modified":"2022-04-19T13:16:36","modified_gmt":"2022-04-19T11:16:36","slug":"die-gegenstaende-unserer-kindheit","status":"publish","type":"product","link":"https:\/\/publikationen.zhdk.ch\/?product=die-gegenstaende-unserer-kindheit","title":{"rendered":"Die Gegenst\u00e4nde unserer Kindheit | Volkmar M\u00fchleis, J\u00f6rg Sternagel (Hg.)"},"content":{"rendered":"<p>Der Band verwebt k\u00fcnstlerische und geisteswissenschaftliche Forschung und regt zu einer diskursiven Vertiefung der Debatte um Gegenst\u00e4nde und ihre Bedeutung an. Es geht um eine Ethik und \u00c4sthetik der Dinge, die sich im Umgang mit Gegenst\u00e4nden aus der Kindheit erschlie\u00dft, in der sich Orientierungen in der Welt im Spiel mit Anderen und an Hand von Objekten vollziehen, Prozesse des Erlernens mit erm\u00f6glichen und Aufmerksamkeiten schaffen.<\/p>\n<p>ZHdK: Institut f\u00fcr Theorie (ITH)<\/p>\n<p>&nbsp;<\/p>\n<p>&nbsp;<\/p>\n","protected":false},"excerpt":{"rendered":"<p>Denkerinnen und Denker \u00fcber Ihr liebstes Objekt<\/p>\n<p>Die Gegenst\u00e4nde unserer Kindheit ist ein Experiment: Denkerinnen und Denker wagen sich an die Engf\u00fchrung, Durchdringung von pers\u00f6nlicher Erinnerung und Gegenstandsbeschreibung, von theoretischem Blick und praktischem Umgang damit. Erg\u00e4nzt werden ihre Texte um Zeichnungen der Schweizer K\u00fcnstlerin Rebekka Baumann.<\/p>\n<p>309 Seiten, Wilhelm Fink Verlag, 2018<br \/>\nISBN 978-3-7705-6164-3<\/p>\n","protected":false},"featured_media":211,"template":"","meta":[],"product_brand":[],"product_cat":[149,213,215],"product_tag":[],"class_list":{"0":"post-209","1":"product","2":"type-product","3":"status-publish","4":"has-post-thumbnail","6":"product_cat-ith","7":"product_cat-muehleis-volkmar","8":"product_cat-sternagel-joerg","10":"first","11":"instock","12":"shipping-taxable","13":"product-type-external"},"_links":{"self":[{"href":"https:\/\/publikationen.zhdk.ch\/index.php?rest_route=\/wp\/v2\/product\/209","targetHints":{"allow":["GET"]}}],"collection":[{"href":"https:\/\/publikationen.zhdk.ch\/index.php?rest_route=\/wp\/v2\/product"}],"about":[{"href":"https:\/\/publikationen.zhdk.ch\/index.php?rest_route=\/wp\/v2\/types\/product"}],"version-history":[{"count":5,"href":"https:\/\/publikationen.zhdk.ch\/index.php?rest_route=\/wp\/v2\/product\/209\/revisions"}],"predecessor-version":[{"id":3328,"href":"https:\/\/publikationen.zhdk.ch\/index.php?rest_route=\/wp\/v2\/product\/209\/revisions\/3328"}],"wp:featuredmedia":[{"embeddable":true,"href":"https:\/\/publikationen.zhdk.ch\/index.php?rest_route=\/wp\/v2\/media\/211"}],"wp:attachment":[{"href":"https:\/\/publikationen.zhdk.ch\/index.php?rest_route=%2Fwp%2Fv2%2Fmedia&parent=209"}],"wp:term":[{"taxonomy":"product_brand","embeddable":true,"href":"https:\/\/publikationen.zhdk.ch\/index.php?rest_route=%2Fwp%2Fv2%2Fproduct_brand&post=209"},{"taxonomy":"product_cat","embeddable":true,"href":"https:\/\/publikationen.zhdk.ch\/index.php?rest_route=%2Fwp%2Fv2%2Fproduct_cat&post=209"},{"taxonomy":"product_tag","embeddable":true,"href":"https:\/\/publikationen.zhdk.ch\/index.php?rest_route=%2Fwp%2Fv2%2Fproduct_tag&post=209"}],"curies":[{"name":"wp","href":"https:\/\/api.w.org\/{rel}","templated":true}]}}